{"id":1010,"date":"2019-11-07T09:04:48","date_gmt":"2019-11-07T09:04:48","guid":{"rendered":"http:\/\/thegov.wgl-demo.net\/?page_id=1010"},"modified":"2025-03-10T17:23:26","modified_gmt":"2025-03-10T17:23:26","slug":"contact-us","status":"publish","type":"page","link":"https:\/\/vegabaja.gov.pr\/vb\/contact-us\/","title":{"rendered":"Cont\u00e1ctenos"},"content":{"rendered":"\t\t<div data-elementor-type=\"wp-page\" data-elementor-id=\"1010\" class=\"elementor elementor-1010\">\n\t\t\t\t\t\t<section class=\"elementor-section elementor-top-section elementor-element elementor-element-af2ab1d elementor-section-boxed elementor-section-height-default elementor-section-height-default\" data-id=\"af2ab1d\" data-element_type=\"section\">\n\t\t\t\t\t\t<div class=\"elementor-container elementor-column-gap-default\">\n\t\t\t\t\t<div class=\"elementor-column elementor-col-100 elementor-top-column elementor-element elementor-element-7fd3b09\" data-id=\"7fd3b09\" data-element_type=\"column\">\n\t\t\t<div class=\"elementor-widget-wrap elementor-element-populated\">\n\t\t\t\t\t\t<div class=\"elementor-element elementor-element-cd076a3 elementor-widget elementor-widget-spacer\" data-id=\"cd076a3\" data-element_type=\"widget\" data-widget_type=\"spacer.default\">\n\t\t\t\t<div class=\"elementor-widget-container\">\n\t\t\t\t\t<div class=\"elementor-spacer\">\n\t\t\t<div class=\"elementor-spacer-inner\"><\/div>\n\t\t<\/div>\n\t\t\t\t<\/div>\n\t\t\t\t<\/div>\n\t\t\t\t\t<\/div>\n\t\t<\/div>\n\t\t\t\t\t<\/div>\n\t\t<\/section>\n\t\t\t\t<section class=\"elementor-section elementor-top-section elementor-element elementor-element-98ee5fd elementor-section-boxed elementor-section-height-default elementor-section-height-default\" data-id=\"98ee5fd\" data-element_type=\"section\">\n\t\t\t\t\t\t<div class=\"elementor-container elementor-column-gap-extended\">\n\t\t\t\t\t<div class=\"elementor-column elementor-col-33 elementor-top-column elementor-element elementor-element-c6af03a\" data-id=\"c6af03a\" data-element_type=\"column\">\n\t\t\t<div class=\"elementor-widget-wrap elementor-element-populated\">\n\t\t\t\t\t\t<div class=\"elementor-element elementor-element-f8f1aba elementor-widget-icon-box wgl-icon-box media-right elementor-widget elementor-widget-wgl-services-6\" data-id=\"f8f1aba\" data-element_type=\"widget\" data-widget_type=\"wgl-services-6.default\">\n\t\t\t\t<div class=\"elementor-widget-container\">\n\t\t\t        <div class=\"wgl-services-6 services_center\">\r\n            <div class=\"wgl-services_wrap\">                <div class=\"wgl-services_media-wrap\"><div class=\"wgl-widget_wrapper elementor-icon-box-icon\"><div class=\"wgl-widget_container\"><span class=\"wgl-icon elementor-icon\" ><i class=\"icon flaticon-phone\"><\/i><\/span><\/div><\/div>                <\/div>                <div class=\"wgl-services_content-wrap\">\r\n                    <h3 class=\"wgl-services_title\">Cont\u00e1ctanos<\/h3>\r\n                    <div class=\"wgl-services_text\">787-855-2500\n\ncontacto@vegabaja.gov.pr\n<\/div>\r\n                <\/div>                    <a class=\"wgl-services_link\" href=\"http:\/\/vegabaja.gov.pr\/vb\/contact-us\/\"><\/a>            <\/div>\r\n        <\/div>\r\n\r\n        \t\t<\/div>\n\t\t\t\t<\/div>\n\t\t\t\t\t<\/div>\n\t\t<\/div>\n\t\t\t\t<div class=\"elementor-column elementor-col-33 elementor-top-column elementor-element elementor-element-ceb1cfa\" data-id=\"ceb1cfa\" data-element_type=\"column\">\n\t\t\t<div class=\"elementor-widget-wrap elementor-element-populated\">\n\t\t\t\t\t\t<div class=\"elementor-element elementor-element-f248835 elementor-widget-icon-box wgl-icon-box media-right elementor-widget elementor-widget-wgl-services-6\" data-id=\"f248835\" data-element_type=\"widget\" data-widget_type=\"wgl-services-6.default\">\n\t\t\t\t<div class=\"elementor-widget-container\">\n\t\t\t        <div class=\"wgl-services-6 services_center\">\r\n            <div class=\"wgl-services_wrap\">                <div class=\"wgl-services_media-wrap\"><div class=\"wgl-widget_wrapper elementor-icon-box-icon\"><div class=\"wgl-widget_container\"><span class=\"wgl-icon elementor-icon\" ><i class=\"icon flaticon-map\"><\/i><\/span><\/div><\/div>                <\/div>                <div class=\"wgl-services_content-wrap\">\r\n                    <h3 class=\"wgl-services_title\">Vis\u00edtanos<\/h3>\r\n                    <div class=\"wgl-services_text\">Calle Francisco Nater #1, Vega Baja<\/div>\r\n                <\/div>                    <a class=\"wgl-services_link\" href=\"http:\/\/vegabaja.gov.pr\/vb\/contact-us\/\"><\/a>            <\/div>\r\n        <\/div>\r\n\r\n        \t\t<\/div>\n\t\t\t\t<\/div>\n\t\t\t\t\t<\/div>\n\t\t<\/div>\n\t\t\t\t<div class=\"elementor-column elementor-col-33 elementor-top-column elementor-element elementor-element-bfb51f6\" data-id=\"bfb51f6\" data-element_type=\"column\">\n\t\t\t<div class=\"elementor-widget-wrap elementor-element-populated\">\n\t\t\t\t\t\t<div class=\"elementor-element elementor-element-8741d2d elementor-widget-icon-box wgl-icon-box media-right elementor-widget elementor-widget-wgl-services-6\" data-id=\"8741d2d\" data-element_type=\"widget\" data-widget_type=\"wgl-services-6.default\">\n\t\t\t\t<div class=\"elementor-widget-container\">\n\t\t\t        <div class=\"wgl-services-6 services_center\">\r\n            <div class=\"wgl-services_wrap\">                <div class=\"wgl-services_media-wrap\"><div class=\"wgl-widget_wrapper elementor-icon-box-icon\"><div class=\"wgl-widget_container\"><span class=\"wgl-icon elementor-icon\" ><i class=\"icon flaticon-clock\"><\/i><\/span><\/div><\/div>                <\/div>                <div class=\"wgl-services_content-wrap\">\r\n                    <h3 class=\"wgl-services_title\">Horario Servicios<\/h3>\r\n                    <div class=\"wgl-services_text\">Lunes a viernes: 7.30 am. - 4.30 pm.<\/div>\r\n                <\/div>                    <a class=\"wgl-services_link\" href=\"http:\/\/vegabaja.gov.pr\/vb\/contact-us\/\"><\/a>            <\/div>\r\n        <\/div>\r\n\r\n        \t\t<\/div>\n\t\t\t\t<\/div>\n\t\t\t\t\t<\/div>\n\t\t<\/div>\n\t\t\t\t\t<\/div>\n\t\t<\/section>\n\t\t\t\t<section class=\"elementor-section elementor-top-section elementor-element elementor-element-d1ecf5e elementor-section-boxed elementor-section-height-default elementor-section-height-default\" data-id=\"d1ecf5e\" data-element_type=\"section\">\n\t\t\t\t\t\t<div class=\"elementor-container elementor-column-gap-default\">\n\t\t\t\t\t<div class=\"elementor-column elementor-col-100 elementor-top-column elementor-element elementor-element-9781a3b\" data-id=\"9781a3b\" data-element_type=\"column\">\n\t\t\t<div class=\"elementor-widget-wrap elementor-element-populated\">\n\t\t\t\t\t\t<div class=\"elementor-element elementor-element-4c20da1 elementor-widget elementor-widget-spacer\" data-id=\"4c20da1\" data-element_type=\"widget\" data-widget_type=\"spacer.default\">\n\t\t\t\t<div class=\"elementor-widget-container\">\n\t\t\t\t\t<div class=\"elementor-spacer\">\n\t\t\t<div class=\"elementor-spacer-inner\"><\/div>\n\t\t<\/div>\n\t\t\t\t<\/div>\n\t\t\t\t<\/div>\n\t\t\t\t\t<\/div>\n\t\t<\/div>\n\t\t\t\t\t<\/div>\n\t\t<\/section>\n\t\t<div class=\"elementor-element elementor-element-7547187 e-flex e-con-boxed e-con e-parent\" data-id=\"7547187\" data-element_type=\"container\">\n\t\t\t\t\t<div class=\"e-con-inner\">\n\t\t\t\t<div class=\"elementor-element elementor-element-e403aad elementor-widget elementor-widget-text-editor\" data-id=\"e403aad\" data-element_type=\"widget\" data-widget_type=\"text-editor.default\">\n\t\t\t\t<div class=\"elementor-widget-container\">\n\t\t\t\t\t\t\t<table>\n<thead>\n<tr>\n<th><b>Departamento<\/b><\/th>\n<th><p><b>Contacto<\/b><\/p><b>\n<\/b><p><b>787-855-2500<\/b><\/p><\/th>\n<\/tr>\n<\/thead>\n<tbody>\n<tr>\n<td>Auditor\u00eda Interna<\/td>\n<td>Ext. 2307<\/td>\n<\/tr>\n<tr>\n<td>Casa de la Juventud<\/td>\n<td>Ext. 2710<\/td>\n<\/tr>\n<tr>\n<td>Centro P\u00e9rez Mel\u00f3n<\/td>\n<td>787-858-1126<\/td>\n<\/tr>\n<tr>\n<td>Conexi\u00f3n Laboral<\/td>\n<td>787-807-2900<\/td>\n<\/tr>\n<tr>\n<td>Desarrollo Econ\u00f3mico<\/td>\n<td>Ext. 3411<\/td>\n<\/tr>\n<tr>\n<td>Desarrollo Social<\/td>\n<td>787-855-4035<\/td>\n<\/tr>\n<tr>\n<td>Escuela Maternal<\/td>\n<td>787-858-2300<\/td>\n<\/tr>\n<tr>\n<td>FTA &#8211; Movilidad Ciudadana<\/td>\n<td>787-807-4737<\/td>\n<\/tr>\n<tr>\n<td>Gerencia y Presupuesto<\/td>\n<td>Ext. 2401<\/td>\n<\/tr>\n<tr>\n<td>Head Start Vega Baja<\/td>\n<td>787-858-3220<\/td>\n<\/tr>\n<tr>\n<td>Ingenier\u00eda<\/td>\n<td>787-855-2442<\/td>\n<\/tr>\n<tr>\n<td>Legislatura Municipal<\/td>\n<td>787-855-3947<\/td>\n<\/tr>\n<tr>\n<td>Manejo de Emergencia<\/td>\n<td>787-858-5080<\/td>\n<\/tr>\n<tr>\n<td>Recreaci\u00f3n y Deportes<\/td>\n<td>Ext. 3601<\/td>\n<\/tr>\n<tr>\n<td>Oficina del Alcalde<\/td>\n<td>Ext. 2301<\/td>\n<\/tr>\n<tr>\n<td>Plaza del Mercado<\/td>\n<td>787-807-2900<\/td>\n<\/tr>\n<tr>\n<td>Polic\u00eda Municipal<\/td>\n<td>787-858-1080<\/td>\n<\/tr>\n<tr>\n<td>Programas Federales y Vivienda<\/td>\n<td>787-855-1102<\/td>\n<\/tr>\n<tr>\n<td>Protocolo, Calandario y Comunicaciones &#8211; Oficina de Prensa<\/td>\n<td>Ext. 2905<\/td>\n<\/tr>\n<tr>\n<td>Recepci\u00f3n Alcald\u00eda<\/td>\n<td>&nbsp;Ext. 2405<\/td>\n<\/tr>\n<tr>\n<td>Recursos Humanos<\/td>\n<td>Ext. 2102<\/td>\n<\/tr>\n<tr>\n<td>Salud Ambiental y Transportaci\u00f3n<\/td>\n<td>Ext. 3521<\/td>\n<\/tr>\n<tr>\n<td>Secretar\u00eda Municipal<\/td>\n<td>Ext. 2410<\/td>\n<\/tr>\n<tr>\n<td>Turismo, Arte y Cultura<\/td>\n<td>787-858-5801<\/td>\n<\/tr>\n<tr>\n<td>Ventanilla \u00danica<\/td>\n<td>Ext. 2000<\/td>\n<\/tr>\n<\/tbody>\n<\/table>\t\t\t\t\t\t<\/div>\n\t\t\t\t<\/div>\n\t\t\t\t\t<\/div>\n\t\t\t\t<\/div>\n\t\t\t\t<section class=\"elementor-section elementor-top-section elementor-element elementor-element-7b40c21 elementor-section-boxed elementor-section-height-default elementor-section-height-default\" data-id=\"7b40c21\" data-element_type=\"section\">\n\t\t\t\t\t\t<div class=\"elementor-container elementor-column-gap-extended\">\n\t\t\t\t\t<div class=\"elementor-column elementor-col-50 elementor-top-column elementor-element elementor-element-3f83089\" data-id=\"3f83089\" data-element_type=\"column\">\n\t\t\t<div class=\"elementor-widget-wrap elementor-element-populated\">\n\t\t\t\t\t\t<div class=\"elementor-element elementor-element-ad4453e elementor-widget elementor-widget-spacer\" data-id=\"ad4453e\" data-element_type=\"widget\" data-widget_type=\"spacer.default\">\n\t\t\t\t<div class=\"elementor-widget-container\">\n\t\t\t\t\t<div class=\"elementor-spacer\">\n\t\t\t<div class=\"elementor-spacer-inner\"><\/div>\n\t\t<\/div>\n\t\t\t\t<\/div>\n\t\t\t\t<\/div>\n\t\t\t\t<div class=\"elementor-element elementor-element-a8addc4 elementor-widget elementor-widget-heading\" data-id=\"a8addc4\" data-element_type=\"widget\" data-widget_type=\"heading.default\">\n\t\t\t\t<div class=\"elementor-widget-container\">\n\t\t\t<h2 class=\"elementor-heading-title elementor-size-default\">Comunicate con Nosotros<\/h2>\t\t<\/div>\n\t\t\t\t<\/div>\n\t\t\t\t<div class=\"elementor-element elementor-element-8011610 elementor-widget elementor-widget-spacer\" data-id=\"8011610\" data-element_type=\"widget\" data-widget_type=\"spacer.default\">\n\t\t\t\t<div class=\"elementor-widget-container\">\n\t\t\t\t\t<div class=\"elementor-spacer\">\n\t\t\t<div class=\"elementor-spacer-inner\"><\/div>\n\t\t<\/div>\n\t\t\t\t<\/div>\n\t\t\t\t<\/div>\n\t\t\t\t<div class=\"elementor-element elementor-element-a5292b1 elementor-widget elementor-widget-text-editor\" data-id=\"a5292b1\" data-element_type=\"widget\" data-widget_type=\"text-editor.default\">\n\t\t\t\t<div class=\"elementor-widget-container\">\n\t\t\t\t\t\t\t<p>Env\u00eda tu correo electr\u00f3nico para solicitar alg\u00fan servicio o necesidad que tengas.\u00a0<\/p>\t\t\t\t\t\t<\/div>\n\t\t\t\t<\/div>\n\t\t\t\t<div class=\"elementor-element elementor-element-4579794 elementor-widget elementor-widget-text-editor\" data-id=\"4579794\" data-element_type=\"widget\" data-widget_type=\"text-editor.default\">\n\t\t\t\t<div class=\"elementor-widget-container\">\n\t\t\t\t\t\t\t\n<div class=\"wpcf7 no-js\" id=\"wpcf7-f1971-o1\" lang=\"en-US\" dir=\"ltr\" data-wpcf7-id=\"1971\">\n<div class=\"screen-reader-response\"><p role=\"status\" aria-live=\"polite\" aria-atomic=\"true\"><\/p> <ul><\/ul><\/div>\n<form action=\"\/vb\/wp-json\/wp\/v2\/pages\/1010#wpcf7-f1971-o1\" method=\"post\" class=\"wpcf7-form init demo\" aria-label=\"Contact form\" novalidate=\"novalidate\" data-status=\"init\">\n<div style=\"display: none;\">\n<input type=\"hidden\" name=\"_wpcf7\" value=\"1971\" \/>\n<input type=\"hidden\" name=\"_wpcf7_version\" value=\"6.0.4\" \/>\n<input type=\"hidden\" name=\"_wpcf7_locale\" value=\"en_US\" \/>\n<input type=\"hidden\" name=\"_wpcf7_unit_tag\" value=\"wpcf7-f1971-o1\" \/>\n<input type=\"hidden\" name=\"_wpcf7_container_post\" value=\"0\" \/>\n<input type=\"hidden\" name=\"_wpcf7_posted_data_hash\" value=\"\" \/>\n<\/div>\n<label> Nombre (required)\n    <span class=\"wpcf7-form-control-wrap\" data-name=\"your-name\"><input size=\"40\" maxlength=\"400\" class=\"wpcf7-form-control wpcf7-text wpcf7-validates-as-required\" aria-required=\"true\" aria-invalid=\"false\" value=\"\" type=\"text\" name=\"your-name\" \/><\/span> <\/label>\n\n<label> Email (required)\n    <span class=\"wpcf7-form-control-wrap\" data-name=\"your-email\"><input size=\"40\" maxlength=\"400\" class=\"wpcf7-form-control wpcf7-email wpcf7-validates-as-required wpcf7-text wpcf7-validates-as-email\" aria-required=\"true\" aria-invalid=\"false\" value=\"\" type=\"email\" name=\"your-email\" \/><\/span> <\/label>\n\n<label> Mensaje\n    <span class=\"wpcf7-form-control-wrap\" data-name=\"your-message\"><textarea cols=\"40\" rows=\"10\" maxlength=\"2000\" class=\"wpcf7-form-control wpcf7-textarea\" aria-invalid=\"false\" name=\"your-message\"><\/textarea><\/span> <\/label>\n\n<input class=\"wpcf7-form-control wpcf7-submit has-spinner\" type=\"submit\" value=\"Enviar\" \/><p style=\"display: none !important;\" class=\"akismet-fields-container\" data-prefix=\"_wpcf7_ak_\"><label>&#916;<textarea name=\"_wpcf7_ak_hp_textarea\" cols=\"45\" rows=\"8\" maxlength=\"100\"><\/textarea><\/label><input type=\"hidden\" id=\"ak_js_1\" name=\"_wpcf7_ak_js\" value=\"15\"\/><script>document.getElementById( \"ak_js_1\" ).setAttribute( \"value\", ( new Date() ).getTime() );<\/script><\/p><div class=\"wpcf7-response-output\" aria-hidden=\"true\"><\/div>\n<\/form>\n<\/div>\n\t\t\t\t\t\t<\/div>\n\t\t\t\t<\/div>\n\t\t\t\t\t<\/div>\n\t\t<\/div>\n\t\t\t\t<div class=\"elementor-column elementor-col-50 elementor-top-column elementor-element elementor-element-4f54749\" data-id=\"4f54749\" data-element_type=\"column\">\n\t\t\t<div class=\"elementor-widget-wrap elementor-element-populated\">\n\t\t\t\t\t\t<div class=\"elementor-element elementor-element-3b86aea elementor-widget elementor-widget-google_maps\" data-id=\"3b86aea\" data-element_type=\"widget\" data-widget_type=\"google_maps.default\">\n\t\t\t\t<div class=\"elementor-widget-container\">\n\t\t\t\t\t<div class=\"elementor-custom-embed\">\n\t\t\t<iframe loading=\"lazy\"\n\t\t\t\t\tsrc=\"https:\/\/maps.google.com\/maps?q=Casa%20Alcald%C3%ADa%20de%20Vega%20Baja&#038;t=m&#038;z=12&#038;output=embed&#038;iwloc=near\"\n\t\t\t\t\ttitle=\"Casa Alcald\u00eda de Vega Baja\"\n\t\t\t\t\taria-label=\"Casa Alcald\u00eda de Vega Baja\"\n\t\t\t><\/iframe>\n\t\t<\/div>\n\t\t\t\t<\/div>\n\t\t\t\t<\/div>\n\t\t\t\t\t<\/div>\n\t\t<\/div>\n\t\t\t\t\t<\/div>\n\t\t<\/section>\n\t\t\t\t<section class=\"elementor-section elementor-top-section elementor-element elementor-element-c25cba3 elementor-section-boxed elementor-section-height-default elementor-section-height-default\" data-id=\"c25cba3\" data-element_type=\"section\">\n\t\t\t\t\t\t<div class=\"elementor-container elementor-column-gap-default\">\n\t\t\t\t\t<div class=\"elementor-column elementor-col-100 elementor-top-column elementor-element elementor-element-9db708a\" data-id=\"9db708a\" data-element_type=\"column\">\n\t\t\t<div class=\"elementor-widget-wrap elementor-element-populated\">\n\t\t\t\t\t\t<div class=\"elementor-element elementor-element-7fd6324 elementor-widget elementor-widget-spacer\" data-id=\"7fd6324\" data-element_type=\"widget\" data-widget_type=\"spacer.default\">\n\t\t\t\t<div class=\"elementor-widget-container\">\n\t\t\t\t\t<div class=\"elementor-spacer\">\n\t\t\t<div class=\"elementor-spacer-inner\"><\/div>\n\t\t<\/div>\n\t\t\t\t<\/div>\n\t\t\t\t<\/div>\n\t\t\t\t\t<\/div>\n\t\t<\/div>\n\t\t\t\t\t<\/div>\n\t\t<\/section>\n\t\t\t\t<\/div>\n\t\t","protected":false},"excerpt":{"rendered":"<p>Cont\u00e1ctanos 787-855-2500 contacto@vegabaja.gov.pr Vis\u00edtanos Calle Francisco Nater #1, Vega Baja Horario Servicios Lunes a viernes: 7.30 am. &#8211; 4.30 pm. Departamento Contacto 787-855-2500 Auditor\u00eda Interna Ext. 2307 Casa de la Juventud Ext. 2710 Centro P\u00e9rez Mel\u00f3n 787-858-1126 Conexi\u00f3n Laboral 787-807-2900 Desarrollo Econ\u00f3mico Ext. 3411 Desarrollo Social 787-855-4035 Escuela Maternal 787-858-2300 FTA &#8211; Movilidad Ciudadana 787-807-4737 [&hellip;]<\/p>\n","protected":false},"author":1,"featured_media":0,"parent":0,"menu_order":0,"comment_status":"closed","ping_status":"closed","template":"","meta":{"footnotes":""},"class_list":["post-1010","page","type-page","status-publish","hentry"],"_links":{"self":[{"href":"https:\/\/vegabaja.gov.pr\/vb\/wp-json\/wp\/v2\/pages\/1010","targetHints":{"allow":["GET"]}}],"collection":[{"href":"https:\/\/vegabaja.gov.pr\/vb\/wp-json\/wp\/v2\/pages"}],"about":[{"href":"https:\/\/vegabaja.gov.pr\/vb\/wp-json\/wp\/v2\/types\/page"}],"author":[{"embeddable":true,"href":"https:\/\/vegabaja.gov.pr\/vb\/wp-json\/wp\/v2\/users\/1"}],"replies":[{"embeddable":true,"href":"https:\/\/vegabaja.gov.pr\/vb\/wp-json\/wp\/v2\/comments?post=1010"}],"version-history":[{"count":41,"href":"https:\/\/vegabaja.gov.pr\/vb\/wp-json\/wp\/v2\/pages\/1010\/revisions"}],"predecessor-version":[{"id":10120,"href":"https:\/\/vegabaja.gov.pr\/vb\/wp-json\/wp\/v2\/pages\/1010\/revisions\/10120"}],"wp:attachment":[{"href":"https:\/\/vegabaja.gov.pr\/vb\/wp-json\/wp\/v2\/media?parent=1010"}],"curies":[{"name":"wp","href":"https:\/\/api.w.org\/{rel}","templated":true}]}}