{"id":2510,"date":"2024-02-07T14:45:23","date_gmt":"2024-02-07T14:45:23","guid":{"rendered":"https:\/\/vegabaja.gov.pr\/vb\/?page_id=2510"},"modified":"2025-03-10T13:35:17","modified_gmt":"2025-03-10T13:35:17","slug":"escuela-maternal-angeles-pastor","status":"publish","type":"page","link":"https:\/\/vegabaja.gov.pr\/vb\/escuela-maternal-angeles-pastor\/","title":{"rendered":"Escuela Maternal \u00c1ngeles Pastor P\u00e9rez"},"content":{"rendered":"\t\t<div data-elementor-type=\"wp-page\" data-elementor-id=\"2510\" class=\"elementor elementor-2510\">\n\t\t\t\t<div class=\"elementor-element elementor-element-f762c89 e-flex e-con-boxed e-con e-parent\" data-id=\"f762c89\" data-element_type=\"container\">\n\t\t\t\t\t<div class=\"e-con-inner\">\n\t\t\t\t<div class=\"elementor-element elementor-element-900c25f elementor-widget elementor-widget-heading\" data-id=\"900c25f\" data-element_type=\"widget\" data-widget_type=\"heading.default\">\n\t\t\t\t<div class=\"elementor-widget-container\">\n\t\t\t<h2 class=\"elementor-heading-title elementor-size-default\">Escuela Maternal \u00c1ngeles Pastor P\u00e9rez<\/h2>\t\t<\/div>\n\t\t\t\t<\/div>\n\t\t\t\t\t<\/div>\n\t\t\t\t<\/div>\n\t\t<div class=\"elementor-element elementor-element-190fd81 e-flex e-con-boxed e-con e-parent\" data-id=\"190fd81\" data-element_type=\"container\">\n\t\t\t\t\t<div class=\"e-con-inner\">\n\t\t\t\t<div class=\"elementor-element elementor-element-55932ca elementor-widget elementor-widget-image\" data-id=\"55932ca\" data-element_type=\"widget\" data-widget_type=\"image.default\">\n\t\t\t\t<div class=\"elementor-widget-container\">\n\t\t\t\t\t\t\t\t\t\t\t\t\t<img fetchpriority=\"high\" decoding=\"async\" width=\"1024\" height=\"683\" src=\"https:\/\/vegabaja.gov.pr\/vb\/wp-content\/uploads\/2025\/03\/481205353_1051192527040965_443155377405256312_n.jpg\" class=\"attachment-large size-large wp-image-9403\" alt=\"\" \/>\t\t\t\t\t\t\t\t\t\t\t\t\t<\/div>\n\t\t\t\t<\/div>\n\t\t\t\t\t<\/div>\n\t\t\t\t<\/div>\n\t\t<div class=\"elementor-element elementor-element-4631cd0 e-flex e-con-boxed e-con e-parent\" data-id=\"4631cd0\" data-element_type=\"container\">\n\t\t\t\t\t<div class=\"e-con-inner\">\n\t\t\t\t<div class=\"elementor-element elementor-element-cd9f0c9 elementor-widget elementor-widget-text-editor\" data-id=\"cd9f0c9\" data-element_type=\"widget\" data-widget_type=\"text-editor.default\">\n\t\t\t\t<div class=\"elementor-widget-container\">\n\t\t\t\t\t\t\t<p>El Gobierno Municipal de Vega Baja cuenta con la Escuela Maternal \u00c1ngeles Pastor creada para el a\u00f1o 1973 conocida anteriormente como Escuela Maternal Catoni.\u00a0 Las nuevas facilidades ubican nuestra Escuela en la Avenida Tr\u00edo Vegabaje\u00f1o Esquina Paseo Casimiro Ramos en el Pueblo de Vega Baja.<\/p><p>Por espacio de 41 a\u00f1os nuestra escuela a brindado servicios de cuido y son muchas las generaciones que se han beneficiado de nuestro programa.<\/p><p>Actualmente recibimos en nuestra escuela las familias interesadas en matricular a sus hijas (os) y se le ofrece los servicios una vez cumplan con los requisitos del programa, y de acuerdo con la disponibilidad de plazas que haya en ese momento.\u00a0 De no tener espacios disponibles quedar\u00eda en lista de espera donde se le llamar\u00eda cuando haya la disponibilidad para ofrecerles el servicio.<\/p><h3><strong>Filosof\u00eda Educativa:<\/strong><\/h3><p>Nuestra escuela tiene como prop\u00f3sito primordial una educaci\u00f3n constructiva e integral que promueva el bienestar del ni\u00f1o(a) a partir de su desarrollo individual.\u00a0 Se ofrecer\u00e1 un ambiente educativo motivador, seguro, retador, variado y divertido, donde se promueve el juego y el aprendizaje activo.\u00a0 Se integrar\u00e1 la diversidad cultural en el programa educativo, haciendo \u00e9nfasis a nuestra cultura y se le ofrecer\u00e1n igualdad para aprender sin importar limitaciones f\u00edsicas y mentales, ect.<\/p><h5><strong>Horario de Servicios:<\/strong><\/h5><p>7:00 a.m. \u2013 3:00 p.m.<\/p><h5><strong>Facilidades:<\/strong><\/h5><ul><li>Contamos con 3 salones amplios, cada uno con aire acondicionado y 2 ba\u00f1os (ni\u00f1as y ni\u00f1os).<\/li><li>Patio amplio.<\/li><li>\u00c1rea de descanso de empleados.<\/li><li>Ba\u00f1os para el p\u00fablico en general.<\/li><li>Almac\u00e9n de equipo y materiales.<\/li><li>Servicios:<\/li><li>Dieta balanceada donde incluye desayuno, almuerzo y merienda p.m.<\/li><li>Actividades Educativas y Recreativas.<\/li><li>Personal Especializado.<\/li><li>Maestras de Curr\u00edculo Regular.<\/li><li>Maestra de Educaci\u00f3n Especial.<\/li><li>Asistentes de Maestras.<\/li><li>Apoyo de Trabajadora Social adscrita al Departamento de Asuntos a la Familia Municipal.<\/li><li>Requisitos:<\/li><\/ul><p>Edad de 3 hasta 5 a\u00f1os. Los padres deben estar trabajando o estudiando. Se requiere una aportaci\u00f3n mensual de acuerdo con el ingreso.<\/p><p><strong>Tel\u00e9fono: <\/strong>(787) 858-2300<\/p><p><strong>N\u00famero de Fax:<\/strong> (787) 858-7353<\/p><p><strong>Correo Electr\u00f3nico:<\/strong> escuelamaternal@vegabaja.gov.pr<\/p>\t\t\t\t\t\t<\/div>\n\t\t\t\t<\/div>\n\t\t\t\t\t<\/div>\n\t\t\t\t<\/div>\n\t\t<footer class=\"elementor-element elementor-element-26dcfa0 e-con-full e-flex e-con e-parent\" data-id=\"26dcfa0\" data-element_type=\"container\">\n\t\t<div class=\"elementor-element elementor-element-8599151 e-con-full e-flex e-con e-child\" data-id=\"8599151\" data-element_type=\"container\">\n\t\t\t\t<div class=\"elementor-element elementor-element-041e274 elementor-widget elementor-widget-image\" data-id=\"041e274\" data-element_type=\"widget\" data-widget_type=\"image.default\">\n\t\t\t\t<div class=\"elementor-widget-container\">\n\t\t\t\t\t\t\t\t\t\t\t\t\t<img decoding=\"async\" width=\"3300\" height=\"1800\" src=\"https:\/\/vegabaja.gov.pr\/vb\/wp-content\/uploads\/2024\/07\/LOGO-VB-2024-02.png\" class=\"attachment-full size-full wp-image-8594\" alt=\"\" \/>\t\t\t\t\t\t\t\t\t\t\t\t\t<\/div>\n\t\t\t\t<\/div>\n\t\t\t\t<\/div>\n\t\t<div class=\"elementor-element elementor-element-60d039c e-con-full e-flex e-con e-child\" data-id=\"60d039c\" data-element_type=\"container\">\n\t\t\t\t<div class=\"elementor-element elementor-element-a1cc458 elementor-icon-list--layout-inline elementor-tablet-align-center elementor-align-center elementor-list-item-link-full_width elementor-widget elementor-widget-icon-list\" data-id=\"a1cc458\" data-element_type=\"widget\" data-widget_type=\"icon-list.default\">\n\t\t\t\t<div class=\"elementor-widget-container\">\n\t\t\t\t\t<ul class=\"elementor-icon-list-items elementor-inline-items\">\n\t\t\t\t\t\t\t<li class=\"elementor-icon-list-item elementor-inline-item\">\n\t\t\t\t\t\t\t\t\t\t\t<span class=\"elementor-icon-list-icon\">\n\t\t\t\t\t\t\t<svg aria-hidden=\"true\" class=\"e-font-icon-svg e-fas-phone-alt\" viewBox=\"0 0 512 512\" xmlns=\"http:\/\/www.w3.org\/2000\/svg\"><path d=\"M497.39 361.8l-112-48a24 24 0 0 0-28 6.9l-49.6 60.6A370.66 370.66 0 0 1 130.6 204.11l60.6-49.6a23.94 23.94 0 0 0 6.9-28l-48-112A24.16 24.16 0 0 0 122.6.61l-104 24A24 24 0 0 0 0 48c0 256.5 207.9 464 464 464a24 24 0 0 0 23.4-18.6l24-104a24.29 24.29 0 0 0-14.01-27.6z\"><\/path><\/svg>\t\t\t\t\t\t<\/span>\n\t\t\t\t\t\t\t\t\t\t<span class=\"elementor-icon-list-text\">787-855-2500<\/span>\n\t\t\t\t\t\t\t\t\t<\/li>\n\t\t\t\t\t\t\t\t<li class=\"elementor-icon-list-item elementor-inline-item\">\n\t\t\t\t\t\t\t\t\t\t\t<span class=\"elementor-icon-list-icon\">\n\t\t\t\t\t\t\t<svg aria-hidden=\"true\" class=\"e-font-icon-svg e-fas-city\" viewBox=\"0 0 640 512\" xmlns=\"http:\/\/www.w3.org\/2000\/svg\"><path d=\"M616 192H480V24c0-13.26-10.74-24-24-24H312c-13.26 0-24 10.74-24 24v72h-64V16c0-8.84-7.16-16-16-16h-16c-8.84 0-16 7.16-16 16v80h-64V16c0-8.84-7.16-16-16-16H80c-8.84 0-16 7.16-16 16v80H24c-13.26 0-24 10.74-24 24v360c0 17.67 14.33 32 32 32h576c17.67 0 32-14.33 32-32V216c0-13.26-10.75-24-24-24zM128 404c0 6.63-5.37 12-12 12H76c-6.63 0-12-5.37-12-12v-40c0-6.63 5.37-12 12-12h40c6.63 0 12 5.37 12 12v40zm0-96c0 6.63-5.37 12-12 12H76c-6.63 0-12-5.37-12-12v-40c0-6.63 5.37-12 12-12h40c6.63 0 12 5.37 12 12v40zm0-96c0 6.63-5.37 12-12 12H76c-6.63 0-12-5.37-12-12v-40c0-6.63 5.37-12 12-12h40c6.63 0 12 5.37 12 12v40zm128 192c0 6.63-5.37 12-12 12h-40c-6.63 0-12-5.37-12-12v-40c0-6.63 5.37-12 12-12h40c6.63 0 12 5.37 12 12v40zm0-96c0 6.63-5.37 12-12 12h-40c-6.63 0-12-5.37-12-12v-40c0-6.63 5.37-12 12-12h40c6.63 0 12 5.37 12 12v40zm0-96c0 6.63-5.37 12-12 12h-40c-6.63 0-12-5.37-12-12v-40c0-6.63 5.37-12 12-12h40c6.63 0 12 5.37 12 12v40zm160 96c0 6.63-5.37 12-12 12h-40c-6.63 0-12-5.37-12-12v-40c0-6.63 5.37-12 12-12h40c6.63 0 12 5.37 12 12v40zm0-96c0 6.63-5.37 12-12 12h-40c-6.63 0-12-5.37-12-12v-40c0-6.63 5.37-12 12-12h40c6.63 0 12 5.37 12 12v40zm0-96c0 6.63-5.37 12-12 12h-40c-6.63 0-12-5.37-12-12V76c0-6.63 5.37-12 12-12h40c6.63 0 12 5.37 12 12v40zm160 288c0 6.63-5.37 12-12 12h-40c-6.63 0-12-5.37-12-12v-40c0-6.63 5.37-12 12-12h40c6.63 0 12 5.37 12 12v40zm0-96c0 6.63-5.37 12-12 12h-40c-6.63 0-12-5.37-12-12v-40c0-6.63 5.37-12 12-12h40c6.63 0 12 5.37 12 12v40z\"><\/path><\/svg>\t\t\t\t\t\t<\/span>\n\t\t\t\t\t\t\t\t\t\t<span class=\"elementor-icon-list-text\">Vega Baja, PR<\/span>\n\t\t\t\t\t\t\t\t\t<\/li>\n\t\t\t\t\t\t\t\t<li class=\"elementor-icon-list-item elementor-inline-item\">\n\t\t\t\t\t\t\t\t\t\t\t<span class=\"elementor-icon-list-icon\">\n\t\t\t\t\t\t\t<svg aria-hidden=\"true\" class=\"e-font-icon-svg e-far-clock\" viewBox=\"0 0 512 512\" xmlns=\"http:\/\/www.w3.org\/2000\/svg\"><path d=\"M256 8C119 8 8 119 8 256s111 248 248 248 248-111 248-248S393 8 256 8zm0 448c-110.5 0-200-89.5-200-200S145.5 56 256 56s200 89.5 200 200-89.5 200-200 200zm61.8-104.4l-84.9-61.7c-3.1-2.3-4.9-5.9-4.9-9.7V116c0-6.6 5.4-12 12-12h32c6.6 0 12 5.4 12 12v141.7l66.8 48.6c5.4 3.9 6.5 11.4 2.6 16.8L334.6 349c-3.9 5.3-11.4 6.5-16.8 2.6z\"><\/path><\/svg>\t\t\t\t\t\t<\/span>\n\t\t\t\t\t\t\t\t\t\t<span class=\"elementor-icon-list-text\">7:30 AM - 4:30 PM<\/span>\n\t\t\t\t\t\t\t\t\t<\/li>\n\t\t\t\t\t\t<\/ul>\n\t\t\t\t<\/div>\n\t\t\t\t<\/div>\n\t\t\t\t<\/div>\n\t\t<div class=\"elementor-element elementor-element-20b28dc e-con-full e-flex e-con e-child\" data-id=\"20b28dc\" data-element_type=\"container\">\n\t\t\t\t<\/div>\n\t\t\t\t<\/footer>\n\t\t\t\t<\/div>\n\t\t","protected":false},"excerpt":{"rendered":"<p>Escuela Maternal \u00c1ngeles Pastor P\u00e9rez El Gobierno Municipal de Vega Baja cuenta con la Escuela Maternal \u00c1ngeles Pastor creada para el a\u00f1o 1973 conocida anteriormente como Escuela Maternal Catoni.\u00a0 Las nuevas facilidades ubican nuestra Escuela en la Avenida Tr\u00edo Vegabaje\u00f1o Esquina Paseo Casimiro Ramos en el Pueblo de Vega Baja. Por espacio de 41 a\u00f1os [&hellip;]<\/p>\n","protected":false},"author":1,"featured_media":0,"parent":0,"menu_order":0,"comment_status":"closed","ping_status":"closed","template":"","meta":{"footnotes":""},"class_list":["post-2510","page","type-page","status-publish","hentry"],"_links":{"self":[{"href":"https:\/\/vegabaja.gov.pr\/vb\/wp-json\/wp\/v2\/pages\/2510","targetHints":{"allow":["GET"]}}],"collection":[{"href":"https:\/\/vegabaja.gov.pr\/vb\/wp-json\/wp\/v2\/pages"}],"about":[{"href":"https:\/\/vegabaja.gov.pr\/vb\/wp-json\/wp\/v2\/types\/page"}],"author":[{"embeddable":true,"href":"https:\/\/vegabaja.gov.pr\/vb\/wp-json\/wp\/v2\/users\/1"}],"replies":[{"embeddable":true,"href":"https:\/\/vegabaja.gov.pr\/vb\/wp-json\/wp\/v2\/comments?post=2510"}],"version-history":[{"count":28,"href":"https:\/\/vegabaja.gov.pr\/vb\/wp-json\/wp\/v2\/pages\/2510\/revisions"}],"predecessor-version":[{"id":9467,"href":"https:\/\/vegabaja.gov.pr\/vb\/wp-json\/wp\/v2\/pages\/2510\/revisions\/9467"}],"wp:attachment":[{"href":"https:\/\/vegabaja.gov.pr\/vb\/wp-json\/wp\/v2\/media?parent=2510"}],"curies":[{"name":"wp","href":"https:\/\/api.w.org\/{rel}","templated":true}]}}