{"id":2570,"date":"2024-02-07T17:45:10","date_gmt":"2024-02-07T17:45:10","guid":{"rendered":"https:\/\/vegabaja.gov.pr\/vb\/?page_id=2570"},"modified":"2025-03-10T13:33:52","modified_gmt":"2025-03-10T13:33:52","slug":"secretaria-de-programa-federales-vivienda-y-desarrollo-urbano","status":"publish","type":"page","link":"https:\/\/vegabaja.gov.pr\/vb\/secretaria-de-programa-federales-vivienda-y-desarrollo-urbano\/","title":{"rendered":"Secretar\u00eda de Programa Federales, Vivienda y Desarrollo Urbano"},"content":{"rendered":"\t\t<div data-elementor-type=\"wp-page\" data-elementor-id=\"2570\" class=\"elementor elementor-2570\">\n\t\t\t\t<div class=\"elementor-element elementor-element-6c9b0a8 e-flex e-con-boxed e-con e-parent\" data-id=\"6c9b0a8\" data-element_type=\"container\">\n\t\t\t\t\t<div class=\"e-con-inner\">\n\t\t\t\t<div class=\"elementor-element elementor-element-da88f01 elementor-widget elementor-widget-heading\" data-id=\"da88f01\" data-element_type=\"widget\" data-widget_type=\"heading.default\">\n\t\t\t\t<div class=\"elementor-widget-container\">\n\t\t\t<h2 class=\"elementor-heading-title elementor-size-default\">Secretar\u00eda de Programa Federales, Vivienda y Desarrollo Urbano<\/h2>\t\t<\/div>\n\t\t\t\t<\/div>\n\t\t\t\t\t<\/div>\n\t\t\t\t<\/div>\n\t\t<div class=\"elementor-element elementor-element-bd8a521 e-flex e-con-boxed e-con e-parent\" data-id=\"bd8a521\" data-element_type=\"container\">\n\t\t\t\t\t<div class=\"e-con-inner\">\n\t\t<div class=\"elementor-element elementor-element-6f2db61 e-con-full e-flex e-con e-child\" data-id=\"6f2db61\" data-element_type=\"container\">\n\t\t\t\t<div class=\"elementor-element elementor-element-90b8be0 elementor-widget elementor-widget-image\" data-id=\"90b8be0\" data-element_type=\"widget\" data-widget_type=\"image.default\">\n\t\t\t\t<div class=\"elementor-widget-container\">\n\t\t\t\t\t\t\t\t\t\t\t\t\t<img fetchpriority=\"high\" decoding=\"async\" width=\"1024\" height=\"512\" src=\"https:\/\/vegabaja.gov.pr\/vb\/wp-content\/uploads\/2024\/01\/Logo_SecretariaProgramasFederalesViviendaDesarrolloUrbano_1-2.png\" class=\"attachment-large size-large wp-image-2087\" alt=\"\" \/>\t\t\t\t\t\t\t\t\t\t\t\t\t<\/div>\n\t\t\t\t<\/div>\n\t\t\t\t<\/div>\n\t\t<div class=\"elementor-element elementor-element-fe6efc5 e-con-full e-flex e-con e-child\" data-id=\"fe6efc5\" data-element_type=\"container\">\n\t\t\t\t<div class=\"elementor-element elementor-element-79b3f86 elementor-widget elementor-widget-text-editor\" data-id=\"79b3f86\" data-element_type=\"widget\" data-widget_type=\"text-editor.default\">\n\t\t\t\t<div class=\"elementor-widget-container\">\n\t\t\t\t\t\t\t<p>Extensiones tel\u00e9fonos<\/p><p><strong>(787) 855-2500 ext. 2700, 2801<\/strong><\/p>\t\t\t\t\t\t<\/div>\n\t\t\t\t<\/div>\n\t\t\t\t<\/div>\n\t\t\t\t\t<\/div>\n\t\t\t\t<\/div>\n\t\t<div class=\"elementor-element elementor-element-aa3905e e-flex e-con-boxed e-con e-parent\" data-id=\"aa3905e\" data-element_type=\"container\">\n\t\t\t\t\t<div class=\"e-con-inner\">\n\t\t<div class=\"elementor-element elementor-element-8215c66 e-con-full e-flex e-con e-child\" data-id=\"8215c66\" data-element_type=\"container\">\n\t\t\t\t<div class=\"elementor-element elementor-element-5148c6f elementor-widget elementor-widget-image\" data-id=\"5148c6f\" data-element_type=\"widget\" data-widget_type=\"image.default\">\n\t\t\t\t<div class=\"elementor-widget-container\">\n\t\t\t\t\t\t\t\t\t\t\t\t\t<img decoding=\"async\" width=\"1024\" height=\"1024\" src=\"https:\/\/vegabaja.gov.pr\/vb\/wp-content\/uploads\/2024\/02\/Vivienda-5.jpg\" class=\"attachment-large size-large wp-image-2579\" alt=\"\" \/>\t\t\t\t\t\t\t\t\t\t\t\t\t<\/div>\n\t\t\t\t<\/div>\n\t\t\t\t<\/div>\n\t\t<div class=\"elementor-element elementor-element-2364721 e-con-full e-flex e-con e-child\" data-id=\"2364721\" data-element_type=\"container\">\n\t\t\t\t<div class=\"elementor-element elementor-element-74de3be elementor-widget elementor-widget-image\" data-id=\"74de3be\" data-element_type=\"widget\" data-widget_type=\"image.default\">\n\t\t\t\t<div class=\"elementor-widget-container\">\n\t\t\t\t\t\t\t\t\t\t\t\t\t<img decoding=\"async\" width=\"1024\" height=\"1024\" src=\"https:\/\/vegabaja.gov.pr\/vb\/wp-content\/uploads\/2024\/02\/Vivienda-6.jpg\" class=\"attachment-large size-large wp-image-2578\" alt=\"\" \/>\t\t\t\t\t\t\t\t\t\t\t\t\t<\/div>\n\t\t\t\t<\/div>\n\t\t\t\t<\/div>\n\t\t<div class=\"elementor-element elementor-element-3658512 e-con-full e-flex e-con e-child\" data-id=\"3658512\" data-element_type=\"container\">\n\t\t\t\t<div class=\"elementor-element elementor-element-070c955 elementor-widget elementor-widget-text-editor\" data-id=\"070c955\" data-element_type=\"widget\" data-widget_type=\"text-editor.default\">\n\t\t\t\t<div class=\"elementor-widget-container\">\n\t\t\t\t\t\t\t<h4>Programa CDBG<\/h4><p>Programa CDBG-Rehabilitaci\u00f3n, mejoras y construcci\u00f3n a infraestructuras, Servicio P\u00fablico, adquisici\u00f3n y rehabilitaci\u00f3n, Desarrollo Econ\u00f3mico, Rehabilitaci\u00f3n de Propiedades Privadas, pagos a pr\u00e9stamos garantizados.<\/p>\t\t\t\t\t\t<\/div>\n\t\t\t\t<\/div>\n\t\t\t\t<\/div>\n\t\t<div class=\"elementor-element elementor-element-9b1d191 e-con-full e-flex e-con e-child\" data-id=\"9b1d191\" data-element_type=\"container\">\n\t\t\t\t<div class=\"elementor-element elementor-element-bb22090 elementor-widget elementor-widget-text-editor\" data-id=\"bb22090\" data-element_type=\"widget\" data-widget_type=\"text-editor.default\">\n\t\t\t\t<div class=\"elementor-widget-container\">\n\t\t\t\t\t\t\t<h4>Programa HPG<\/h4><h4>(Housing Preservation Grants)<\/h4><p>Programa para ayuda de reparaci\u00f3n o rehabilitaci\u00f3n de Vivienda Rural para personas de bajo y muy bajos ingresos.<\/p>\t\t\t\t\t\t<\/div>\n\t\t\t\t<\/div>\n\t\t\t\t<\/div>\n\t\t\t\t\t<\/div>\n\t\t\t\t<\/div>\n\t\t<div class=\"elementor-element elementor-element-f6209cb e-flex e-con-boxed e-con e-parent\" data-id=\"f6209cb\" data-element_type=\"container\">\n\t\t\t\t\t<div class=\"e-con-inner\">\n\t\t<div class=\"elementor-element elementor-element-2d69828 e-con-full e-flex e-con e-child\" data-id=\"2d69828\" data-element_type=\"container\">\n\t\t\t\t<div class=\"elementor-element elementor-element-2371a9c elementor-widget elementor-widget-image\" data-id=\"2371a9c\" data-element_type=\"widget\" data-widget_type=\"image.default\">\n\t\t\t\t<div class=\"elementor-widget-container\">\n\t\t\t\t\t\t\t\t\t\t\t\t\t<img loading=\"lazy\" decoding=\"async\" width=\"1024\" height=\"1024\" src=\"https:\/\/vegabaja.gov.pr\/vb\/wp-content\/uploads\/2024\/02\/Vivienda-4.jpg\" class=\"attachment-large size-large wp-image-2576\" alt=\"\" \/>\t\t\t\t\t\t\t\t\t\t\t\t\t<\/div>\n\t\t\t\t<\/div>\n\t\t\t\t<\/div>\n\t\t<div class=\"elementor-element elementor-element-f5b05a5 e-con-full e-flex e-con e-child\" data-id=\"f5b05a5\" data-element_type=\"container\">\n\t\t\t\t<div class=\"elementor-element elementor-element-bc28228 elementor-widget elementor-widget-image\" data-id=\"bc28228\" data-element_type=\"widget\" data-widget_type=\"image.default\">\n\t\t\t\t<div class=\"elementor-widget-container\">\n\t\t\t\t\t\t\t\t\t\t\t\t\t<img loading=\"lazy\" decoding=\"async\" width=\"1024\" height=\"1024\" src=\"https:\/\/vegabaja.gov.pr\/vb\/wp-content\/uploads\/2024\/02\/Vivienda-3.jpg\" class=\"attachment-large size-large wp-image-2577\" alt=\"\" \/>\t\t\t\t\t\t\t\t\t\t\t\t\t<\/div>\n\t\t\t\t<\/div>\n\t\t\t\t<\/div>\n\t\t<div class=\"elementor-element elementor-element-df07770 e-con-full e-flex e-con e-child\" data-id=\"df07770\" data-element_type=\"container\">\n\t\t\t\t<div class=\"elementor-element elementor-element-309f19b elementor-widget elementor-widget-text-editor\" data-id=\"309f19b\" data-element_type=\"widget\" data-widget_type=\"text-editor.default\">\n\t\t\t\t<div class=\"elementor-widget-container\">\n\t\t\t\t\t\t\t<h4>Programa de Subsidio de Renta Secci\u00f3n 8 (HCV)\u00a0\u00a0\u00a0\u00a0\u00a0\u00a0\u00a0\u00a0\u00a0\u00a0\u00a0\u00a0\u00a0\u00a0<\/h4><p>Programa que le brinda el beneficio a las familias de bajos ingresos que cualifiquen y que sean parte del listado de espera.\u00a0 No deben sobre pasar los l\u00edmites de ingreso, seg\u00fan el n\u00facleo familiar.<\/p><p>Criterios de Elegibilidad: Familias de escasos recursos econ\u00f3micos y ser mayores de 21 o 18 a\u00f1os emancipados o casados legalmente.<\/p>\t\t\t\t\t\t<\/div>\n\t\t\t\t<\/div>\n\t\t\t\t<\/div>\n\t\t<div class=\"elementor-element elementor-element-215c2b2 e-con-full e-flex e-con e-child\" data-id=\"215c2b2\" data-element_type=\"container\">\n\t\t\t\t<div class=\"elementor-element elementor-element-af90fa9 elementor-widget elementor-widget-text-editor\" data-id=\"af90fa9\" data-element_type=\"widget\" data-widget_type=\"text-editor.default\">\n\t\t\t\t<div class=\"elementor-widget-container\">\n\t\t\t\t\t\t\t<h4>Programa de Subsidio de Renta Sec.8 Mainstream Vouchers<\/h4><p>Programa que le brinda el beneficio a las familias de bajos ingresos que cualifiquen y que sean parte del listado de espera.\u00a0 No deben sobre pasar los l\u00edmites de ingreso, seg\u00fan el n\u00facleo familiar.<\/p><p>Criterios de Elegibilidad: Familias de escasos recursos econ\u00f3micos y ser el solicitante, mayores de 21 o 18 a\u00f1os el emancipados o casados legalmente y debe haber una persona en el n\u00facleo familiar con incapacidad de 18 a 61 a\u00f1os de edad.<\/p>\t\t\t\t\t\t<\/div>\n\t\t\t\t<\/div>\n\t\t\t\t<\/div>\n\t\t\t\t\t<\/div>\n\t\t\t\t<\/div>\n\t\t<div class=\"elementor-element elementor-element-fbb94ff e-flex e-con-boxed e-con e-parent\" data-id=\"fbb94ff\" data-element_type=\"container\">\n\t\t\t\t\t<div class=\"e-con-inner\">\n\t\t<div class=\"elementor-element elementor-element-08fa5c6 e-con-full e-flex e-con e-child\" data-id=\"08fa5c6\" data-element_type=\"container\">\n\t\t\t\t<div class=\"elementor-element elementor-element-ccbe753 elementor-widget elementor-widget-image\" data-id=\"ccbe753\" data-element_type=\"widget\" data-widget_type=\"image.default\">\n\t\t\t\t<div class=\"elementor-widget-container\">\n\t\t\t\t\t\t\t\t\t\t\t\t\t<img loading=\"lazy\" decoding=\"async\" width=\"1024\" height=\"1024\" src=\"https:\/\/vegabaja.gov.pr\/vb\/wp-content\/uploads\/2024\/02\/Vivienda-7.jpg\" class=\"attachment-large size-large wp-image-2575\" alt=\"\" \/>\t\t\t\t\t\t\t\t\t\t\t\t\t<\/div>\n\t\t\t\t<\/div>\n\t\t\t\t<\/div>\n\t\t<div class=\"elementor-element elementor-element-fc53c21 e-con-full e-flex e-con e-child\" data-id=\"fc53c21\" data-element_type=\"container\">\n\t\t\t\t<div class=\"elementor-element elementor-element-8fb1a3c elementor-widget elementor-widget-image\" data-id=\"8fb1a3c\" data-element_type=\"widget\" data-widget_type=\"image.default\">\n\t\t\t\t<div class=\"elementor-widget-container\">\n\t\t\t\t\t\t\t\t\t\t\t\t\t<img loading=\"lazy\" decoding=\"async\" width=\"1024\" height=\"1024\" src=\"https:\/\/vegabaja.gov.pr\/vb\/wp-content\/uploads\/2024\/02\/Vivienda-2.jpg\" class=\"attachment-large size-large wp-image-2574\" alt=\"\" \/>\t\t\t\t\t\t\t\t\t\t\t\t\t<\/div>\n\t\t\t\t<\/div>\n\t\t\t\t<\/div>\n\t\t<div class=\"elementor-element elementor-element-54abab7 e-con-full e-flex e-con e-child\" data-id=\"54abab7\" data-element_type=\"container\">\n\t\t\t\t<div class=\"elementor-element elementor-element-8583d1c elementor-widget elementor-widget-text-editor\" data-id=\"8583d1c\" data-element_type=\"widget\" data-widget_type=\"text-editor.default\">\n\t\t\t\t<div class=\"elementor-widget-container\">\n\t\t\t\t\t\t\t<h4>Programa VB \u2013 (HOPWA)<\/h4><p>Programa que Brinda el beneficio a las familias con VIH y bajos ingresos.<br \/>Criterios de Elegibilidad: Familias con VIH, escasos recursos econ\u00f3micos y ser mayores de 21 o 18 a\u00f1os emancipados o casados legalmente.<\/p>\t\t\t\t\t\t<\/div>\n\t\t\t\t<\/div>\n\t\t\t\t<\/div>\n\t\t<div class=\"elementor-element elementor-element-55d74d9 e-con-full e-flex e-con e-child\" data-id=\"55d74d9\" data-element_type=\"container\">\n\t\t\t\t<div class=\"elementor-element elementor-element-86d59c1 elementor-widget elementor-widget-text-editor\" data-id=\"86d59c1\" data-element_type=\"widget\" data-widget_type=\"text-editor.default\">\n\t\t\t\t<div class=\"elementor-widget-container\">\n\t\t\t\t\t\t\t<h4>Programa COC<\/h4><h4>Vivienda Permanente con Servicios de Apoyo<\/h4><p>Programa dirigido para personas deambulantes (literalmente sin hogar) Cr\u00f3nicas e incapacitadas. Brinda la oportunidad de obtener vivienda permanente con servicios de apoyo.<\/p><p>Criterios de Elegibilidad: personas sin hogar cr\u00f3nico e incapacidad<\/p>\t\t\t\t\t\t<\/div>\n\t\t\t\t<\/div>\n\t\t\t\t<\/div>\n\t\t\t\t\t<\/div>\n\t\t\t\t<\/div>\n\t\t<div class=\"elementor-element elementor-element-26fa821 e-flex e-con-boxed e-con e-parent\" data-id=\"26fa821\" data-element_type=\"container\">\n\t\t\t\t\t<div class=\"e-con-inner\">\n\t\t<div class=\"elementor-element elementor-element-ccdb50d e-con-full e-flex e-con e-child\" data-id=\"ccdb50d\" data-element_type=\"container\">\n\t\t\t\t<div class=\"elementor-element elementor-element-d82834d elementor-widget elementor-widget-image\" data-id=\"d82834d\" data-element_type=\"widget\" data-widget_type=\"image.default\">\n\t\t\t\t<div class=\"elementor-widget-container\">\n\t\t\t\t\t\t\t\t\t\t\t\t\t<img loading=\"lazy\" decoding=\"async\" width=\"1024\" height=\"1024\" src=\"https:\/\/vegabaja.gov.pr\/vb\/wp-content\/uploads\/2024\/02\/Vivienda-1.jpg\" class=\"attachment-large size-large wp-image-2573\" alt=\"\" \/>\t\t\t\t\t\t\t\t\t\t\t\t\t<\/div>\n\t\t\t\t<\/div>\n\t\t\t\t<\/div>\n\t\t<div class=\"elementor-element elementor-element-36cf39b e-con-full e-flex e-con e-child\" data-id=\"36cf39b\" data-element_type=\"container\">\n\t\t\t\t<div class=\"elementor-element elementor-element-7f36b81 elementor-widget elementor-widget-image\" data-id=\"7f36b81\" data-element_type=\"widget\" data-widget_type=\"image.default\">\n\t\t\t\t<div class=\"elementor-widget-container\">\n\t\t\t\t\t\t\t\t\t\t\t\t\t<img loading=\"lazy\" decoding=\"async\" width=\"1024\" height=\"1024\" src=\"https:\/\/vegabaja.gov.pr\/vb\/wp-content\/uploads\/2024\/02\/Vivienda-8.jpg\" class=\"attachment-large size-large wp-image-2572\" alt=\"\" \/>\t\t\t\t\t\t\t\t\t\t\t\t\t<\/div>\n\t\t\t\t<\/div>\n\t\t\t\t<\/div>\n\t\t<div class=\"elementor-element elementor-element-ebee2a2 e-con-full e-flex e-con e-child\" data-id=\"ebee2a2\" data-element_type=\"container\">\n\t\t\t\t<div class=\"elementor-element elementor-element-577b5df elementor-widget elementor-widget-text-editor\" data-id=\"577b5df\" data-element_type=\"widget\" data-widget_type=\"text-editor.default\">\n\t\t\t\t<div class=\"elementor-widget-container\">\n\t\t\t\t\t\t\t<h4>Programa ESG<\/h4><h4>(Emergency Solutions Grant)<\/h4><p>Programa para personas que est\u00e1n a punto de quedarse sin vivienda o est\u00e1n en la calle.\u00a0 Este programa ayuda para la estabilizaci\u00f3n de estas personas. Vivienda transitoria.<\/p><p>Criterios de Elegibilidad:\u00a0 Estar a punto de quedarse sin vivienda, no sobre pasar los l\u00edmites de ingresos y personas sin hogar (calle)<\/p><p>Hay dos subvenciones: Previsi\u00f3n y Rapid ReHousing<\/p>\t\t\t\t\t\t<\/div>\n\t\t\t\t<\/div>\n\t\t\t\t<\/div>\n\t\t<div class=\"elementor-element elementor-element-e259147 e-con-full e-flex e-con e-child\" data-id=\"e259147\" data-element_type=\"container\">\n\t\t\t\t<div class=\"elementor-element elementor-element-7b286f7 elementor-widget elementor-widget-text-editor\" data-id=\"7b286f7\" data-element_type=\"widget\" data-widget_type=\"text-editor.default\">\n\t\t\t\t<div class=\"elementor-widget-container\">\n\t\t\t\t\t\t\t<p>Secci\u00f3n 8: Programa de vivienda para personas de edad avanzada, se brinda apoyo a familias que tengan necesidad de una vivienda segura.<\/p>\t\t\t\t\t\t<\/div>\n\t\t\t\t<\/div>\n\t\t\t\t<\/div>\n\t\t\t\t\t<\/div>\n\t\t\t\t<\/div>\n\t\t<footer class=\"elementor-element elementor-element-8da7d8d e-con-full e-flex e-con e-parent\" data-id=\"8da7d8d\" data-element_type=\"container\">\n\t\t<div class=\"elementor-element elementor-element-d2cd1c0 e-con-full e-flex e-con e-child\" data-id=\"d2cd1c0\" data-element_type=\"container\">\n\t\t\t\t<div class=\"elementor-element elementor-element-98c0d58 elementor-widget elementor-widget-image\" data-id=\"98c0d58\" data-element_type=\"widget\" data-widget_type=\"image.default\">\n\t\t\t\t<div class=\"elementor-widget-container\">\n\t\t\t\t\t\t\t\t\t\t\t\t\t<img loading=\"lazy\" decoding=\"async\" width=\"3300\" height=\"1800\" src=\"https:\/\/vegabaja.gov.pr\/vb\/wp-content\/uploads\/2024\/07\/LOGO-VB-2024-02.png\" class=\"attachment-full size-full wp-image-8594\" alt=\"\" \/>\t\t\t\t\t\t\t\t\t\t\t\t\t<\/div>\n\t\t\t\t<\/div>\n\t\t\t\t<\/div>\n\t\t<div class=\"elementor-element elementor-element-0a777c8 e-con-full e-flex e-con e-child\" data-id=\"0a777c8\" data-element_type=\"container\">\n\t\t\t\t<div class=\"elementor-element elementor-element-d4e6348 elementor-icon-list--layout-inline elementor-tablet-align-center elementor-align-center elementor-list-item-link-full_width elementor-widget elementor-widget-icon-list\" data-id=\"d4e6348\" data-element_type=\"widget\" data-widget_type=\"icon-list.default\">\n\t\t\t\t<div class=\"elementor-widget-container\">\n\t\t\t\t\t<ul class=\"elementor-icon-list-items elementor-inline-items\">\n\t\t\t\t\t\t\t<li class=\"elementor-icon-list-item elementor-inline-item\">\n\t\t\t\t\t\t\t\t\t\t\t<span class=\"elementor-icon-list-icon\">\n\t\t\t\t\t\t\t<svg aria-hidden=\"true\" class=\"e-font-icon-svg e-fas-phone-alt\" viewBox=\"0 0 512 512\" xmlns=\"http:\/\/www.w3.org\/2000\/svg\"><path d=\"M497.39 361.8l-112-48a24 24 0 0 0-28 6.9l-49.6 60.6A370.66 370.66 0 0 1 130.6 204.11l60.6-49.6a23.94 23.94 0 0 0 6.9-28l-48-112A24.16 24.16 0 0 0 122.6.61l-104 24A24 24 0 0 0 0 48c0 256.5 207.9 464 464 464a24 24 0 0 0 23.4-18.6l24-104a24.29 24.29 0 0 0-14.01-27.6z\"><\/path><\/svg>\t\t\t\t\t\t<\/span>\n\t\t\t\t\t\t\t\t\t\t<span class=\"elementor-icon-list-text\">787-855-2500<\/span>\n\t\t\t\t\t\t\t\t\t<\/li>\n\t\t\t\t\t\t\t\t<li class=\"elementor-icon-list-item elementor-inline-item\">\n\t\t\t\t\t\t\t\t\t\t\t<span class=\"elementor-icon-list-icon\">\n\t\t\t\t\t\t\t<svg aria-hidden=\"true\" class=\"e-font-icon-svg e-fas-city\" viewBox=\"0 0 640 512\" xmlns=\"http:\/\/www.w3.org\/2000\/svg\"><path d=\"M616 192H480V24c0-13.26-10.74-24-24-24H312c-13.26 0-24 10.74-24 24v72h-64V16c0-8.84-7.16-16-16-16h-16c-8.84 0-16 7.16-16 16v80h-64V16c0-8.84-7.16-16-16-16H80c-8.84 0-16 7.16-16 16v80H24c-13.26 0-24 10.74-24 24v360c0 17.67 14.33 32 32 32h576c17.67 0 32-14.33 32-32V216c0-13.26-10.75-24-24-24zM128 404c0 6.63-5.37 12-12 12H76c-6.63 0-12-5.37-12-12v-40c0-6.63 5.37-12 12-12h40c6.63 0 12 5.37 12 12v40zm0-96c0 6.63-5.37 12-12 12H76c-6.63 0-12-5.37-12-12v-40c0-6.63 5.37-12 12-12h40c6.63 0 12 5.37 12 12v40zm0-96c0 6.63-5.37 12-12 12H76c-6.63 0-12-5.37-12-12v-40c0-6.63 5.37-12 12-12h40c6.63 0 12 5.37 12 12v40zm128 192c0 6.63-5.37 12-12 12h-40c-6.63 0-12-5.37-12-12v-40c0-6.63 5.37-12 12-12h40c6.63 0 12 5.37 12 12v40zm0-96c0 6.63-5.37 12-12 12h-40c-6.63 0-12-5.37-12-12v-40c0-6.63 5.37-12 12-12h40c6.63 0 12 5.37 12 12v40zm0-96c0 6.63-5.37 12-12 12h-40c-6.63 0-12-5.37-12-12v-40c0-6.63 5.37-12 12-12h40c6.63 0 12 5.37 12 12v40zm160 96c0 6.63-5.37 12-12 12h-40c-6.63 0-12-5.37-12-12v-40c0-6.63 5.37-12 12-12h40c6.63 0 12 5.37 12 12v40zm0-96c0 6.63-5.37 12-12 12h-40c-6.63 0-12-5.37-12-12v-40c0-6.63 5.37-12 12-12h40c6.63 0 12 5.37 12 12v40zm0-96c0 6.63-5.37 12-12 12h-40c-6.63 0-12-5.37-12-12V76c0-6.63 5.37-12 12-12h40c6.63 0 12 5.37 12 12v40zm160 288c0 6.63-5.37 12-12 12h-40c-6.63 0-12-5.37-12-12v-40c0-6.63 5.37-12 12-12h40c6.63 0 12 5.37 12 12v40zm0-96c0 6.63-5.37 12-12 12h-40c-6.63 0-12-5.37-12-12v-40c0-6.63 5.37-12 12-12h40c6.63 0 12 5.37 12 12v40z\"><\/path><\/svg>\t\t\t\t\t\t<\/span>\n\t\t\t\t\t\t\t\t\t\t<span class=\"elementor-icon-list-text\">Vega Baja, PR<\/span>\n\t\t\t\t\t\t\t\t\t<\/li>\n\t\t\t\t\t\t\t\t<li class=\"elementor-icon-list-item elementor-inline-item\">\n\t\t\t\t\t\t\t\t\t\t\t<span class=\"elementor-icon-list-icon\">\n\t\t\t\t\t\t\t<svg aria-hidden=\"true\" class=\"e-font-icon-svg e-far-clock\" viewBox=\"0 0 512 512\" xmlns=\"http:\/\/www.w3.org\/2000\/svg\"><path d=\"M256 8C119 8 8 119 8 256s111 248 248 248 248-111 248-248S393 8 256 8zm0 448c-110.5 0-200-89.5-200-200S145.5 56 256 56s200 89.5 200 200-89.5 200-200 200zm61.8-104.4l-84.9-61.7c-3.1-2.3-4.9-5.9-4.9-9.7V116c0-6.6 5.4-12 12-12h32c6.6 0 12 5.4 12 12v141.7l66.8 48.6c5.4 3.9 6.5 11.4 2.6 16.8L334.6 349c-3.9 5.3-11.4 6.5-16.8 2.6z\"><\/path><\/svg>\t\t\t\t\t\t<\/span>\n\t\t\t\t\t\t\t\t\t\t<span class=\"elementor-icon-list-text\">7:30 AM - 4:30 PM<\/span>\n\t\t\t\t\t\t\t\t\t<\/li>\n\t\t\t\t\t\t<\/ul>\n\t\t\t\t<\/div>\n\t\t\t\t<\/div>\n\t\t\t\t<\/div>\n\t\t<div class=\"elementor-element elementor-element-6952f96 e-con-full e-flex e-con e-child\" data-id=\"6952f96\" data-element_type=\"container\">\n\t\t\t\t<\/div>\n\t\t\t\t<\/footer>\n\t\t\t\t<\/div>\n\t\t","protected":false},"excerpt":{"rendered":"<p>Secretar\u00eda de Programa Federales, Vivienda y Desarrollo Urbano Extensiones tel\u00e9fonos (787) 855-2500 ext. 2700, 2801 Programa CDBG Programa CDBG-Rehabilitaci\u00f3n, mejoras y construcci\u00f3n a infraestructuras, Servicio P\u00fablico, adquisici\u00f3n y rehabilitaci\u00f3n, Desarrollo Econ\u00f3mico, Rehabilitaci\u00f3n de Propiedades Privadas, pagos a pr\u00e9stamos garantizados. Programa HPG (Housing Preservation Grants) Programa para ayuda de reparaci\u00f3n o rehabilitaci\u00f3n de Vivienda Rural para [&hellip;]<\/p>\n","protected":false},"author":1,"featured_media":0,"parent":0,"menu_order":0,"comment_status":"closed","ping_status":"closed","template":"","meta":{"footnotes":""},"class_list":["post-2570","page","type-page","status-publish","hentry"],"_links":{"self":[{"href":"https:\/\/vegabaja.gov.pr\/vb\/wp-json\/wp\/v2\/pages\/2570","targetHints":{"allow":["GET"]}}],"collection":[{"href":"https:\/\/vegabaja.gov.pr\/vb\/wp-json\/wp\/v2\/pages"}],"about":[{"href":"https:\/\/vegabaja.gov.pr\/vb\/wp-json\/wp\/v2\/types\/page"}],"author":[{"embeddable":true,"href":"https:\/\/vegabaja.gov.pr\/vb\/wp-json\/wp\/v2\/users\/1"}],"replies":[{"embeddable":true,"href":"https:\/\/vegabaja.gov.pr\/vb\/wp-json\/wp\/v2\/comments?post=2570"}],"version-history":[{"count":7,"href":"https:\/\/vegabaja.gov.pr\/vb\/wp-json\/wp\/v2\/pages\/2570\/revisions"}],"predecessor-version":[{"id":9461,"href":"https:\/\/vegabaja.gov.pr\/vb\/wp-json\/wp\/v2\/pages\/2570\/revisions\/9461"}],"wp:attachment":[{"href":"https:\/\/vegabaja.gov.pr\/vb\/wp-json\/wp\/v2\/media?parent=2570"}],"curies":[{"name":"wp","href":"https:\/\/api.w.org\/{rel}","templated":true}]}}