{"id":2585,"date":"2024-02-07T19:32:12","date_gmt":"2024-02-07T19:32:12","guid":{"rendered":"https:\/\/vegabaja.gov.pr\/vb\/?page_id=2585"},"modified":"2025-03-10T13:32:41","modified_gmt":"2025-03-10T13:32:41","slug":"secretaria-de-recursos-humanos","status":"publish","type":"page","link":"https:\/\/vegabaja.gov.pr\/vb\/secretaria-de-recursos-humanos\/","title":{"rendered":"Secretaria de Recursos Humanos"},"content":{"rendered":"\t\t<div data-elementor-type=\"wp-page\" data-elementor-id=\"2585\" class=\"elementor elementor-2585\">\n\t\t\t\t<div class=\"elementor-element elementor-element-1964dd9 e-flex e-con-boxed e-con e-parent\" data-id=\"1964dd9\" data-element_type=\"container\">\n\t\t\t\t\t<div class=\"e-con-inner\">\n\t\t\t\t<div class=\"elementor-element elementor-element-52c4f70 elementor-widget elementor-widget-image\" data-id=\"52c4f70\" data-element_type=\"widget\" data-widget_type=\"image.default\">\n\t\t\t\t<div class=\"elementor-widget-container\">\n\t\t\t\t\t\t\t\t\t\t\t\t\t<img fetchpriority=\"high\" decoding=\"async\" width=\"840\" height=\"336\" src=\"https:\/\/vegabaja.gov.pr\/vb\/wp-content\/uploads\/2024\/01\/LOGO-RH-2022.png\" class=\"attachment-thegov-840-620 size-thegov-840-620 wp-image-2089\" alt=\"\" \/>\t\t\t\t\t\t\t\t\t\t\t\t\t<\/div>\n\t\t\t\t<\/div>\n\t\t\t\t\t<\/div>\n\t\t\t\t<\/div>\n\t\t<div class=\"elementor-element elementor-element-f1337c5 e-flex e-con-boxed e-con e-parent\" data-id=\"f1337c5\" data-element_type=\"container\">\n\t\t\t\t\t<div class=\"e-con-inner\">\n\t\t\t\t\t<\/div>\n\t\t\t\t<\/div>\n\t\t<div class=\"elementor-element elementor-element-733b76d e-flex e-con-boxed e-con e-parent\" data-id=\"733b76d\" data-element_type=\"container\">\n\t\t\t\t\t<div class=\"e-con-inner\">\n\t\t\t\t<div class=\"elementor-element elementor-element-6888ea5 elementor-widget elementor-widget-text-editor\" data-id=\"6888ea5\" data-element_type=\"widget\" data-widget_type=\"text-editor.default\">\n\t\t\t\t<div class=\"elementor-widget-container\">\n\t\t\t\t\t\t\t<p>La Ley N\u00fam. 81 de 30 de agosto de 1991, seg\u00fan enmendada, conocida como la Ley de Municipios Aut\u00f3nomos del Estado Libre Asociado de Puerto Rico dispone en su Cap\u00edtulo XI, Art\u00edculo 11.001- Sistema para la Administraci\u00f3n del Personal Municipal, que el Municipio establecer\u00e1 un sistema aut\u00f3nomo para la administraci\u00f3n del personal municipal el cual habr\u00e1 de regirse por el principio de m\u00e9rito.<\/p><p>Nuestra misi\u00f3n es promover un sistema de administraci\u00f3n de recursos humanos moderno y equitativo a los fines de asegurar la fiel aplicaci\u00f3n del principio de m\u00e9rito en todo momento y a su vez promover un servicio p\u00fablico de excelencia sobre los fundamentos de de equidad, justicia, eficiencia y productividad con la finalidad de facilitar y apoyar el trabajo de las dem\u00e1s unidades administrativas y operacionales.<\/p><h3><span style=\"font-weight: bold;\" class=\"\"><strong>Objetivos:<\/strong><\/span><\/h3><ul><li>Asesorar y orientar a funcionarios, directores\u00a0 y dem\u00e1s empleados en la implementaci\u00f3n de la pol\u00edtica p\u00fablica y los procedimientos relacionados con la Administraci\u00f3n de Recursos Humanos.<\/li><li>Implantar, desarrollar, revisar y hacer cumplir los reglamentos, normas y procedimientos relacionados con la Administraci\u00f3n de Recursos Humanos.<\/li><li>Establecer sistemas adecuados para la evaluaci\u00f3n peri\u00f3dica de los empleados a los fines de determinar si \u00e9stos satisfacen los criterios de productividad, eficiencia, orden y disciplina que deben prevalecer en el servicio p\u00fablico.<\/li><li>Implantar y mantener un programa adecuado de adiestramiento y capacitaci\u00f3n para desarrollar al m\u00e1ximo el talento y capacidades de los empleados.<\/li><li>Establecer las normas de reclutamiento para cada clase de puesto comprendida en el Plan de Clasificaci\u00f3n a los fines de atraer y retener en el servicio p\u00fablico los mejores recursos humanos disponibles.<\/li><li>Implantar y mantener un Plan de Clasificaci\u00f3n y Retribuci\u00f3n a los fines de proveer un trato equitativo a los empleados.<\/li><li>Velar por que el disfrute de los beneficios marginales se lleve a cabo conforme a un plan que mantenga un balance adecuado entre las necesidades del servicio, las necesidades del empleado y la utilizaci\u00f3n \u00f3ptima de los recursos disponibles.<\/li><li>Conservar, custodiar y mantener los expedientes de personal de los empleados, los cuales habr\u00e1n de reflejar el historial completo de \u00e9stos desde la fecha de su ingreso original al servicio p\u00fablico hasta el momento de su separaci\u00f3n definitiva.<\/li><\/ul><h3><strong>Cont\u00e1ctenos:<\/strong><\/h3><p>recursoshumanos@vegabaja.gov.pr<br \/><span style=\"font-size: 16px; color: var( --e-global-color-text ); text-align: var(--text-align);\">787.855.2500 ext 2104<br \/><\/span><span style=\"color: var( --e-global-color-text ); font-size: 16px; text-align: var(--text-align);\">PO Box 4555 Vega Baja PR,00694<\/span><\/p><p><strong>Somos un Patrono con Igualdad de\u00a0<span style=\"font-size: 16px; color: var( --e-global-color-text ); text-align: var(--text-align);\">Oportunidades en el Empleo<\/span><\/strong><\/p>\t\t\t\t\t\t<\/div>\n\t\t\t\t<\/div>\n\t\t\t\t\t<\/div>\n\t\t\t\t<\/div>\n\t\t<div class=\"elementor-element elementor-element-be029f5 e-flex e-con-boxed e-con e-parent\" data-id=\"be029f5\" data-element_type=\"container\">\n\t\t\t\t\t<div class=\"e-con-inner\">\n\t\t\t\t<div class=\"elementor-element elementor-element-069f989 elementor-widget elementor-widget-heading\" data-id=\"069f989\" data-element_type=\"widget\" data-widget_type=\"heading.default\">\n\t\t\t\t<div class=\"elementor-widget-container\">\n\t\t\t<h2 class=\"elementor-heading-title elementor-size-default\">Convocatorias de empleos<\/h2>\t\t<\/div>\n\t\t\t\t<\/div>\n\t\t\t\t\t<\/div>\n\t\t\t\t<\/div>\n\t\t<div class=\"elementor-element elementor-element-082b3b4 e-flex e-con-boxed e-con e-parent\" data-id=\"082b3b4\" data-element_type=\"container\">\n\t\t\t\t\t<div class=\"e-con-inner\">\n\t\t\t\t<div class=\"elementor-element elementor-element-535b0cf elementor-pagination-position-outside elementor-widget elementor-widget-image-carousel\" data-id=\"535b0cf\" data-element_type=\"widget\" data-settings=\"{&quot;navigation&quot;:&quot;dots&quot;,&quot;autoplay&quot;:&quot;yes&quot;,&quot;pause_on_hover&quot;:&quot;yes&quot;,&quot;pause_on_interaction&quot;:&quot;yes&quot;,&quot;autoplay_speed&quot;:5000,&quot;infinite&quot;:&quot;yes&quot;,&quot;speed&quot;:500}\" data-widget_type=\"image-carousel.default\">\n\t\t\t\t<div class=\"elementor-widget-container\">\n\t\t\t\t\t<div class=\"elementor-image-carousel-wrapper swiper\" dir=\"ltr\">\n\t\t\t<div class=\"elementor-image-carousel swiper-wrapper\" aria-live=\"off\">\n\t\t\t\t\t\t\t\t<div class=\"swiper-slide\" role=\"group\" aria-roledescription=\"slide\" aria-label=\"1 of 3\"><figure class=\"swiper-slide-inner\"><img decoding=\"async\" class=\"swiper-slide-image\" src=\"https:\/\/vegabaja.gov.pr\/vb\/wp-content\/uploads\/2025\/02\/473669854_1021088126718072_7052806610794245874_n.jpg\" alt=\"473669854_1021088126718072_7052806610794245874_n\" \/><\/figure><\/div><div class=\"swiper-slide\" role=\"group\" aria-roledescription=\"slide\" aria-label=\"2 of 3\"><figure class=\"swiper-slide-inner\"><img decoding=\"async\" class=\"swiper-slide-image\" src=\"https:\/\/vegabaja.gov.pr\/vb\/wp-content\/uploads\/2025\/02\/473358346_1021088156718069_3339197012260267705_n.jpg\" alt=\"473358346_1021088156718069_3339197012260267705_n\" \/><\/figure><\/div><div class=\"swiper-slide\" role=\"group\" aria-roledescription=\"slide\" aria-label=\"3 of 3\"><figure class=\"swiper-slide-inner\"><img decoding=\"async\" class=\"swiper-slide-image\" src=\"https:\/\/vegabaja.gov.pr\/vb\/wp-content\/uploads\/2025\/02\/475840294_1031451182348433_820237912487424581_n.jpg\" alt=\"Coordinador Comunitario para el Programa Dos Generaciones.\" \/><\/figure><\/div>\t\t\t<\/div>\n\t\t\t\t\t\t\t\n\t\t\t\t\t\t\t\t\t<div class=\"swiper-pagination\"><\/div>\n\t\t\t\t\t\t\t\t\t<\/div>\n\t\t\t\t<\/div>\n\t\t\t\t<\/div>\n\t\t\t\t\t<\/div>\n\t\t\t\t<\/div>\n\t\t<footer class=\"elementor-element elementor-element-38a12b6 e-con-full e-flex e-con e-parent\" data-id=\"38a12b6\" data-element_type=\"container\">\n\t\t<div class=\"elementor-element elementor-element-108db22 e-con-full e-flex e-con e-child\" data-id=\"108db22\" data-element_type=\"container\">\n\t\t\t\t<div class=\"elementor-element elementor-element-1e4e746 elementor-widget elementor-widget-image\" data-id=\"1e4e746\" data-element_type=\"widget\" data-widget_type=\"image.default\">\n\t\t\t\t<div class=\"elementor-widget-container\">\n\t\t\t\t\t\t\t\t\t\t\t\t\t<img decoding=\"async\" width=\"3300\" height=\"1800\" src=\"https:\/\/vegabaja.gov.pr\/vb\/wp-content\/uploads\/2024\/07\/LOGO-VB-2024-02.png\" class=\"attachment-full size-full wp-image-8594\" alt=\"\" \/>\t\t\t\t\t\t\t\t\t\t\t\t\t<\/div>\n\t\t\t\t<\/div>\n\t\t\t\t<\/div>\n\t\t<div class=\"elementor-element elementor-element-2659de5 e-con-full e-flex e-con e-child\" data-id=\"2659de5\" data-element_type=\"container\">\n\t\t\t\t<div class=\"elementor-element elementor-element-140d645 elementor-icon-list--layout-inline elementor-tablet-align-center elementor-align-center elementor-list-item-link-full_width elementor-widget elementor-widget-icon-list\" data-id=\"140d645\" data-element_type=\"widget\" data-widget_type=\"icon-list.default\">\n\t\t\t\t<div class=\"elementor-widget-container\">\n\t\t\t\t\t<ul class=\"elementor-icon-list-items elementor-inline-items\">\n\t\t\t\t\t\t\t<li class=\"elementor-icon-list-item elementor-inline-item\">\n\t\t\t\t\t\t\t\t\t\t\t<span class=\"elementor-icon-list-icon\">\n\t\t\t\t\t\t\t<svg aria-hidden=\"true\" class=\"e-font-icon-svg e-fas-phone-alt\" viewBox=\"0 0 512 512\" xmlns=\"http:\/\/www.w3.org\/2000\/svg\"><path d=\"M497.39 361.8l-112-48a24 24 0 0 0-28 6.9l-49.6 60.6A370.66 370.66 0 0 1 130.6 204.11l60.6-49.6a23.94 23.94 0 0 0 6.9-28l-48-112A24.16 24.16 0 0 0 122.6.61l-104 24A24 24 0 0 0 0 48c0 256.5 207.9 464 464 464a24 24 0 0 0 23.4-18.6l24-104a24.29 24.29 0 0 0-14.01-27.6z\"><\/path><\/svg>\t\t\t\t\t\t<\/span>\n\t\t\t\t\t\t\t\t\t\t<span class=\"elementor-icon-list-text\">787-855-2500<\/span>\n\t\t\t\t\t\t\t\t\t<\/li>\n\t\t\t\t\t\t\t\t<li class=\"elementor-icon-list-item elementor-inline-item\">\n\t\t\t\t\t\t\t\t\t\t\t<span class=\"elementor-icon-list-icon\">\n\t\t\t\t\t\t\t<svg aria-hidden=\"true\" class=\"e-font-icon-svg e-fas-city\" viewBox=\"0 0 640 512\" xmlns=\"http:\/\/www.w3.org\/2000\/svg\"><path d=\"M616 192H480V24c0-13.26-10.74-24-24-24H312c-13.26 0-24 10.74-24 24v72h-64V16c0-8.84-7.16-16-16-16h-16c-8.84 0-16 7.16-16 16v80h-64V16c0-8.84-7.16-16-16-16H80c-8.84 0-16 7.16-16 16v80H24c-13.26 0-24 10.74-24 24v360c0 17.67 14.33 32 32 32h576c17.67 0 32-14.33 32-32V216c0-13.26-10.75-24-24-24zM128 404c0 6.63-5.37 12-12 12H76c-6.63 0-12-5.37-12-12v-40c0-6.63 5.37-12 12-12h40c6.63 0 12 5.37 12 12v40zm0-96c0 6.63-5.37 12-12 12H76c-6.63 0-12-5.37-12-12v-40c0-6.63 5.37-12 12-12h40c6.63 0 12 5.37 12 12v40zm0-96c0 6.63-5.37 12-12 12H76c-6.63 0-12-5.37-12-12v-40c0-6.63 5.37-12 12-12h40c6.63 0 12 5.37 12 12v40zm128 192c0 6.63-5.37 12-12 12h-40c-6.63 0-12-5.37-12-12v-40c0-6.63 5.37-12 12-12h40c6.63 0 12 5.37 12 12v40zm0-96c0 6.63-5.37 12-12 12h-40c-6.63 0-12-5.37-12-12v-40c0-6.63 5.37-12 12-12h40c6.63 0 12 5.37 12 12v40zm0-96c0 6.63-5.37 12-12 12h-40c-6.63 0-12-5.37-12-12v-40c0-6.63 5.37-12 12-12h40c6.63 0 12 5.37 12 12v40zm160 96c0 6.63-5.37 12-12 12h-40c-6.63 0-12-5.37-12-12v-40c0-6.63 5.37-12 12-12h40c6.63 0 12 5.37 12 12v40zm0-96c0 6.63-5.37 12-12 12h-40c-6.63 0-12-5.37-12-12v-40c0-6.63 5.37-12 12-12h40c6.63 0 12 5.37 12 12v40zm0-96c0 6.63-5.37 12-12 12h-40c-6.63 0-12-5.37-12-12V76c0-6.63 5.37-12 12-12h40c6.63 0 12 5.37 12 12v40zm160 288c0 6.63-5.37 12-12 12h-40c-6.63 0-12-5.37-12-12v-40c0-6.63 5.37-12 12-12h40c6.63 0 12 5.37 12 12v40zm0-96c0 6.63-5.37 12-12 12h-40c-6.63 0-12-5.37-12-12v-40c0-6.63 5.37-12 12-12h40c6.63 0 12 5.37 12 12v40z\"><\/path><\/svg>\t\t\t\t\t\t<\/span>\n\t\t\t\t\t\t\t\t\t\t<span class=\"elementor-icon-list-text\">Vega Baja, PR<\/span>\n\t\t\t\t\t\t\t\t\t<\/li>\n\t\t\t\t\t\t\t\t<li class=\"elementor-icon-list-item elementor-inline-item\">\n\t\t\t\t\t\t\t\t\t\t\t<span class=\"elementor-icon-list-icon\">\n\t\t\t\t\t\t\t<svg aria-hidden=\"true\" class=\"e-font-icon-svg e-far-clock\" viewBox=\"0 0 512 512\" xmlns=\"http:\/\/www.w3.org\/2000\/svg\"><path d=\"M256 8C119 8 8 119 8 256s111 248 248 248 248-111 248-248S393 8 256 8zm0 448c-110.5 0-200-89.5-200-200S145.5 56 256 56s200 89.5 200 200-89.5 200-200 200zm61.8-104.4l-84.9-61.7c-3.1-2.3-4.9-5.9-4.9-9.7V116c0-6.6 5.4-12 12-12h32c6.6 0 12 5.4 12 12v141.7l66.8 48.6c5.4 3.9 6.5 11.4 2.6 16.8L334.6 349c-3.9 5.3-11.4 6.5-16.8 2.6z\"><\/path><\/svg>\t\t\t\t\t\t<\/span>\n\t\t\t\t\t\t\t\t\t\t<span class=\"elementor-icon-list-text\">7:30 AM - 4:30 PM<\/span>\n\t\t\t\t\t\t\t\t\t<\/li>\n\t\t\t\t\t\t<\/ul>\n\t\t\t\t<\/div>\n\t\t\t\t<\/div>\n\t\t\t\t<\/div>\n\t\t<div class=\"elementor-element elementor-element-a274cb2 e-con-full e-flex e-con e-child\" data-id=\"a274cb2\" data-element_type=\"container\">\n\t\t\t\t<\/div>\n\t\t\t\t<\/footer>\n\t\t\t\t<\/div>\n\t\t","protected":false},"excerpt":{"rendered":"<p>La Ley N\u00fam. 81 de 30 de agosto de 1991, seg\u00fan enmendada, conocida como la Ley de Municipios Aut\u00f3nomos del Estado Libre Asociado de Puerto Rico dispone en su Cap\u00edtulo XI, Art\u00edculo 11.001- Sistema para la Administraci\u00f3n del Personal Municipal, que el Municipio establecer\u00e1 un sistema aut\u00f3nomo para la administraci\u00f3n del personal municipal el cual [&hellip;]<\/p>\n","protected":false},"author":1,"featured_media":0,"parent":0,"menu_order":0,"comment_status":"closed","ping_status":"closed","template":"","meta":{"footnotes":""},"class_list":["post-2585","page","type-page","status-publish","hentry"],"_links":{"self":[{"href":"https:\/\/vegabaja.gov.pr\/vb\/wp-json\/wp\/v2\/pages\/2585","targetHints":{"allow":["GET"]}}],"collection":[{"href":"https:\/\/vegabaja.gov.pr\/vb\/wp-json\/wp\/v2\/pages"}],"about":[{"href":"https:\/\/vegabaja.gov.pr\/vb\/wp-json\/wp\/v2\/types\/page"}],"author":[{"embeddable":true,"href":"https:\/\/vegabaja.gov.pr\/vb\/wp-json\/wp\/v2\/users\/1"}],"replies":[{"embeddable":true,"href":"https:\/\/vegabaja.gov.pr\/vb\/wp-json\/wp\/v2\/comments?post=2585"}],"version-history":[{"count":67,"href":"https:\/\/vegabaja.gov.pr\/vb\/wp-json\/wp\/v2\/pages\/2585\/revisions"}],"predecessor-version":[{"id":9458,"href":"https:\/\/vegabaja.gov.pr\/vb\/wp-json\/wp\/v2\/pages\/2585\/revisions\/9458"}],"wp:attachment":[{"href":"https:\/\/vegabaja.gov.pr\/vb\/wp-json\/wp\/v2\/media?parent=2585"}],"curies":[{"name":"wp","href":"https:\/\/api.w.org\/{rel}","templated":true}]}}