{"id":8139,"date":"2024-05-06T20:19:16","date_gmt":"2024-05-06T20:19:16","guid":{"rendered":"https:\/\/vegabaja.gov.pr\/vb\/?page_id=8139"},"modified":"2025-03-10T13:45:26","modified_gmt":"2025-03-10T13:45:26","slug":"academia-deportiva","status":"publish","type":"page","link":"https:\/\/vegabaja.gov.pr\/vb\/academia-deportiva\/","title":{"rendered":"Academia Deportiva"},"content":{"rendered":"\t\t<div data-elementor-type=\"wp-page\" data-elementor-id=\"8139\" class=\"elementor elementor-8139\">\n\t\t\t\t<div class=\"elementor-element elementor-element-85394b8 e-flex e-con-boxed e-con e-parent\" data-id=\"85394b8\" data-element_type=\"container\">\n\t\t\t\t\t<div class=\"e-con-inner\">\n\t\t<div class=\"elementor-element elementor-element-2646769 e-con-full e-flex e-con e-child\" data-id=\"2646769\" data-element_type=\"container\" data-settings=\"{&quot;background_background&quot;:&quot;classic&quot;}\">\n\t\t<div class=\"elementor-element elementor-element-95a31ab e-con-full e-flex e-con e-child\" data-id=\"95a31ab\" data-element_type=\"container\">\n\t\t\t\t<div class=\"elementor-element elementor-element-60376ba elementor-widget elementor-widget-image\" data-id=\"60376ba\" data-element_type=\"widget\" data-widget_type=\"image.default\">\n\t\t\t\t<div class=\"elementor-widget-container\">\n\t\t\t\t\t\t\t\t\t\t\t\t\t<img fetchpriority=\"high\" decoding=\"async\" width=\"1024\" height=\"800\" src=\"https:\/\/vegabaja.gov.pr\/vb\/wp-content\/uploads\/2024\/05\/image.png\" class=\"attachment-large size-large wp-image-8130\" alt=\"\" \/>\t\t\t\t\t\t\t\t\t\t\t\t\t<\/div>\n\t\t\t\t<\/div>\n\t\t\t\t<\/div>\n\t\t<div class=\"elementor-element elementor-element-cddab07 e-con-full e-flex e-con e-child\" data-id=\"cddab07\" data-element_type=\"container\">\n\t\t\t\t<div class=\"elementor-element elementor-element-82faba5 divider_yes elementor-widget elementor-widget-wgl-double-headings\" data-id=\"82faba5\" data-element_type=\"widget\" data-widget_type=\"wgl-double-headings.default\">\n\t\t\t\t<div class=\"elementor-widget-container\">\n\t\t\t<div class=\"wgl-double_heading aleft\">                <h3 class=\"dbl-title_wrapper\"><span class=\"dbl-title dbl-title_1\">MISI\u00d3N<\/span>                 <\/h3>        <\/div>\t\t<\/div>\n\t\t\t\t<\/div>\n\t\t\t\t<div class=\"elementor-element elementor-element-982511a elementor-widget elementor-widget-text-editor\" data-id=\"982511a\" data-element_type=\"widget\" data-widget_type=\"text-editor.default\">\n\t\t\t\t<div class=\"elementor-widget-container\">\n\t\t\t\t\t\t\t<p style=\"font-weight: 400;\"><span>Promover el desarrollo de una nueva generaci\u00f3n de deportistas, mediante la pr\u00e1ctica, ense\u00f1anza de valores y promoviendo un nuevo estilo de vida salubrista a trav\u00e9s del deporte.<\/span><\/p>\t\t\t\t\t\t<\/div>\n\t\t\t\t<\/div>\n\t\t\t\t<div class=\"elementor-element elementor-element-543f3bc divider_yes elementor-widget elementor-widget-wgl-double-headings\" data-id=\"543f3bc\" data-element_type=\"widget\" data-widget_type=\"wgl-double-headings.default\">\n\t\t\t\t<div class=\"elementor-widget-container\">\n\t\t\t<div class=\"wgl-double_heading aleft\">                <h3 class=\"dbl-title_wrapper\"><span class=\"dbl-title dbl-title_1\">VISI\u00d3N<\/span>                 <\/h3>        <\/div>\t\t<\/div>\n\t\t\t\t<\/div>\n\t\t\t\t<div class=\"elementor-element elementor-element-deb855f elementor-widget elementor-widget-text-editor\" data-id=\"deb855f\" data-element_type=\"widget\" data-widget_type=\"text-editor.default\">\n\t\t\t\t<div class=\"elementor-widget-container\">\n\t\t\t\t\t\t\t<p style=\"font-weight: 400;\"><span>Ser reconocidos, a nivel local y nacional, como una academia deportiva modelo por su organizaci\u00f3n, pr\u00e1ctica de valores, calidad de servicios, logros deportivos y contribuci\u00f3n al desarrollo econ\u00f3mico social de la comunidad.<\/span><\/p>\t\t\t\t\t\t<\/div>\n\t\t\t\t<\/div>\n\t\t\t\t<\/div>\n\t\t\t\t<\/div>\n\t\t\t\t\t<\/div>\n\t\t\t\t<\/div>\n\t\t<div class=\"elementor-element elementor-element-0aea55e e-flex e-con-boxed e-con e-parent\" data-id=\"0aea55e\" data-element_type=\"container\">\n\t\t\t\t\t<div class=\"e-con-inner\">\n\t\t\t\t<div class=\"elementor-element elementor-element-bd2fe58 elementor-widget elementor-widget-heading\" data-id=\"bd2fe58\" data-element_type=\"widget\" data-widget_type=\"heading.default\">\n\t\t\t\t<div class=\"elementor-widget-container\">\n\t\t\t<h2 class=\"elementor-heading-title elementor-size-default\">DISCIPLINAS<\/h2>\t\t<\/div>\n\t\t\t\t<\/div>\n\t\t\t\t<div class=\"elementor-element elementor-element-3f0c134 elementor-widget elementor-widget-text-editor\" data-id=\"3f0c134\" data-element_type=\"widget\" data-widget_type=\"text-editor.default\">\n\t\t\t\t<div class=\"elementor-widget-container\">\n\t\t\t\t\t\t\t<div class=\"gmail_default\"><div class=\"gmail_default\"><ul><li><b>Atletismo<\/b><br \/>Edades: 5-18 a\u00f1os<\/li><li><b>Beach Tennis<br \/><\/b>Edades: 10 a\u00f1os en adelante<\/li><li><b>B\u00e9isbol<\/b><br \/>Edades: 4-10 a\u00f1os<\/li><li><b>Boxeo<\/b><br \/>Edades: 10 a\u00f1os en adelante<\/li><li><b>Jiu Jitsu<br \/><\/b>Edades: 7 a\u00f1os en adelante<\/li><li><b>Nataci\u00f3n<\/b><br \/>Edades: 5 a\u00f1os en adelante<\/li><li><i><b>Pickleball *Nueva Disciplina*<br \/><\/b><\/i>Edades: 10 a\u00f1os\u00a0en adelante<\/li><li><b>Soccer<br \/><\/b>Edades: 7-15 a\u00f1os<\/li><li><b>Tenis de Mesa\u00a0<i>*Nueva Disciplina*<\/i><br \/><\/b>Edades: 7 a\u00f1os en adelante<\/li><li><b>Tiro con Arco<br \/><\/b>Edades: 10 a\u00f1os en adelante\u00a0<\/li><li><b>Voleibol Playero<br \/><\/b>Edades: 12-19 a\u00f1os<\/li><\/ul><\/div><\/div>\t\t\t\t\t\t<\/div>\n\t\t\t\t<\/div>\n\t\t\t\t\t<\/div>\n\t\t\t\t<\/div>\n\t\t<div class=\"elementor-element elementor-element-b8511ac e-flex e-con-boxed e-con e-parent\" data-id=\"b8511ac\" data-element_type=\"container\">\n\t\t\t\t\t<div class=\"e-con-inner\">\n\t\t<div class=\"elementor-element elementor-element-07d2953 e-con-full e-flex e-con e-child\" data-id=\"07d2953\" data-element_type=\"container\">\n\t\t\t\t<div class=\"elementor-element elementor-element-723a3e2 elementor-widget elementor-widget-image\" data-id=\"723a3e2\" data-element_type=\"widget\" data-widget_type=\"image.default\">\n\t\t\t\t<div class=\"elementor-widget-container\">\n\t\t\t\t\t\t\t\t\t\t\t\t\t<img decoding=\"async\" width=\"640\" height=\"427\" src=\"https:\/\/vegabaja.gov.pr\/vb\/wp-content\/uploads\/2024\/05\/421546632_777067847786769_3315505068573068053_n.jpeg\" class=\"attachment-large size-large wp-image-8152\" alt=\"\" \/>\t\t\t\t\t\t\t\t\t\t\t\t\t<\/div>\n\t\t\t\t<\/div>\n\t\t\t\t<\/div>\n\t\t<div class=\"elementor-element elementor-element-8dbd126 e-con-full e-flex e-con e-child\" data-id=\"8dbd126\" data-element_type=\"container\">\n\t\t\t\t<div class=\"elementor-element elementor-element-1d207a6 elementor-widget elementor-widget-image\" data-id=\"1d207a6\" data-element_type=\"widget\" data-widget_type=\"image.default\">\n\t\t\t\t<div class=\"elementor-widget-container\">\n\t\t\t\t\t\t\t\t\t\t\t\t\t<img decoding=\"async\" width=\"640\" height=\"480\" src=\"https:\/\/vegabaja.gov.pr\/vb\/wp-content\/uploads\/2024\/05\/375283389_728281625979239_8546013865386452397_n.jpeg\" class=\"attachment-large size-large wp-image-8151\" alt=\"\" \/>\t\t\t\t\t\t\t\t\t\t\t\t\t<\/div>\n\t\t\t\t<\/div>\n\t\t\t\t<\/div>\n\t\t<div class=\"elementor-element elementor-element-e47640d e-con-full e-flex e-con e-child\" data-id=\"e47640d\" data-element_type=\"container\">\n\t\t\t\t<div class=\"elementor-element elementor-element-7446b59 elementor-widget elementor-widget-image\" data-id=\"7446b59\" data-element_type=\"widget\" data-widget_type=\"image.default\">\n\t\t\t\t<div class=\"elementor-widget-container\">\n\t\t\t\t\t\t\t\t\t\t\t\t\t<img loading=\"lazy\" decoding=\"async\" width=\"640\" height=\"480\" src=\"https:\/\/vegabaja.gov.pr\/vb\/wp-content\/uploads\/2024\/05\/370047211_683680297125525_1458629591430630832_n.jpeg\" class=\"attachment-large size-large wp-image-8150\" alt=\"\" \/>\t\t\t\t\t\t\t\t\t\t\t\t\t<\/div>\n\t\t\t\t<\/div>\n\t\t\t\t<\/div>\n\t\t<div class=\"elementor-element elementor-element-ab82b78 e-con-full e-flex e-con e-child\" data-id=\"ab82b78\" data-element_type=\"container\">\n\t\t\t\t<div class=\"elementor-element elementor-element-aff5310 elementor-widget elementor-widget-image\" data-id=\"aff5310\" data-element_type=\"widget\" data-widget_type=\"image.default\">\n\t\t\t\t<div class=\"elementor-widget-container\">\n\t\t\t\t\t\t\t\t\t\t\t\t\t<img loading=\"lazy\" decoding=\"async\" width=\"640\" height=\"427\" src=\"https:\/\/vegabaja.gov.pr\/vb\/wp-content\/uploads\/2024\/05\/278320281_5336809783038562_4772503486949062760_n.jpeg\" class=\"attachment-large size-large wp-image-8148\" alt=\"\" \/>\t\t\t\t\t\t\t\t\t\t\t\t\t<\/div>\n\t\t\t\t<\/div>\n\t\t\t\t<\/div>\n\t\t\t\t\t<\/div>\n\t\t\t\t<\/div>\n\t\t<footer class=\"elementor-element elementor-element-30ceaf7 e-con-full e-flex e-con e-parent\" data-id=\"30ceaf7\" data-element_type=\"container\">\n\t\t<div class=\"elementor-element elementor-element-bd36eba e-con-full e-flex e-con e-child\" data-id=\"bd36eba\" data-element_type=\"container\">\n\t\t\t\t<div class=\"elementor-element elementor-element-abda4a4 elementor-widget elementor-widget-image\" data-id=\"abda4a4\" data-element_type=\"widget\" data-widget_type=\"image.default\">\n\t\t\t\t<div class=\"elementor-widget-container\">\n\t\t\t\t\t\t\t\t\t\t\t\t\t<img loading=\"lazy\" decoding=\"async\" width=\"3300\" height=\"1800\" src=\"https:\/\/vegabaja.gov.pr\/vb\/wp-content\/uploads\/2024\/07\/LOGO-VB-2024-02.png\" class=\"attachment-full size-full wp-image-8594\" alt=\"\" \/>\t\t\t\t\t\t\t\t\t\t\t\t\t<\/div>\n\t\t\t\t<\/div>\n\t\t\t\t<\/div>\n\t\t<div class=\"elementor-element elementor-element-6bdc66f e-con-full e-flex e-con e-child\" data-id=\"6bdc66f\" data-element_type=\"container\">\n\t\t\t\t<div class=\"elementor-element elementor-element-00edef8 elementor-icon-list--layout-inline elementor-tablet-align-center elementor-align-center elementor-list-item-link-full_width elementor-widget elementor-widget-icon-list\" data-id=\"00edef8\" data-element_type=\"widget\" data-widget_type=\"icon-list.default\">\n\t\t\t\t<div class=\"elementor-widget-container\">\n\t\t\t\t\t<ul class=\"elementor-icon-list-items elementor-inline-items\">\n\t\t\t\t\t\t\t<li class=\"elementor-icon-list-item elementor-inline-item\">\n\t\t\t\t\t\t\t\t\t\t\t<span class=\"elementor-icon-list-icon\">\n\t\t\t\t\t\t\t<svg aria-hidden=\"true\" class=\"e-font-icon-svg e-fas-phone-alt\" viewBox=\"0 0 512 512\" xmlns=\"http:\/\/www.w3.org\/2000\/svg\"><path d=\"M497.39 361.8l-112-48a24 24 0 0 0-28 6.9l-49.6 60.6A370.66 370.66 0 0 1 130.6 204.11l60.6-49.6a23.94 23.94 0 0 0 6.9-28l-48-112A24.16 24.16 0 0 0 122.6.61l-104 24A24 24 0 0 0 0 48c0 256.5 207.9 464 464 464a24 24 0 0 0 23.4-18.6l24-104a24.29 24.29 0 0 0-14.01-27.6z\"><\/path><\/svg>\t\t\t\t\t\t<\/span>\n\t\t\t\t\t\t\t\t\t\t<span class=\"elementor-icon-list-text\">787-855-2500<\/span>\n\t\t\t\t\t\t\t\t\t<\/li>\n\t\t\t\t\t\t\t\t<li class=\"elementor-icon-list-item elementor-inline-item\">\n\t\t\t\t\t\t\t\t\t\t\t<span class=\"elementor-icon-list-icon\">\n\t\t\t\t\t\t\t<svg aria-hidden=\"true\" class=\"e-font-icon-svg e-fas-city\" viewBox=\"0 0 640 512\" xmlns=\"http:\/\/www.w3.org\/2000\/svg\"><path d=\"M616 192H480V24c0-13.26-10.74-24-24-24H312c-13.26 0-24 10.74-24 24v72h-64V16c0-8.84-7.16-16-16-16h-16c-8.84 0-16 7.16-16 16v80h-64V16c0-8.84-7.16-16-16-16H80c-8.84 0-16 7.16-16 16v80H24c-13.26 0-24 10.74-24 24v360c0 17.67 14.33 32 32 32h576c17.67 0 32-14.33 32-32V216c0-13.26-10.75-24-24-24zM128 404c0 6.63-5.37 12-12 12H76c-6.63 0-12-5.37-12-12v-40c0-6.63 5.37-12 12-12h40c6.63 0 12 5.37 12 12v40zm0-96c0 6.63-5.37 12-12 12H76c-6.63 0-12-5.37-12-12v-40c0-6.63 5.37-12 12-12h40c6.63 0 12 5.37 12 12v40zm0-96c0 6.63-5.37 12-12 12H76c-6.63 0-12-5.37-12-12v-40c0-6.63 5.37-12 12-12h40c6.63 0 12 5.37 12 12v40zm128 192c0 6.63-5.37 12-12 12h-40c-6.63 0-12-5.37-12-12v-40c0-6.63 5.37-12 12-12h40c6.63 0 12 5.37 12 12v40zm0-96c0 6.63-5.37 12-12 12h-40c-6.63 0-12-5.37-12-12v-40c0-6.63 5.37-12 12-12h40c6.63 0 12 5.37 12 12v40zm0-96c0 6.63-5.37 12-12 12h-40c-6.63 0-12-5.37-12-12v-40c0-6.63 5.37-12 12-12h40c6.63 0 12 5.37 12 12v40zm160 96c0 6.63-5.37 12-12 12h-40c-6.63 0-12-5.37-12-12v-40c0-6.63 5.37-12 12-12h40c6.63 0 12 5.37 12 12v40zm0-96c0 6.63-5.37 12-12 12h-40c-6.63 0-12-5.37-12-12v-40c0-6.63 5.37-12 12-12h40c6.63 0 12 5.37 12 12v40zm0-96c0 6.63-5.37 12-12 12h-40c-6.63 0-12-5.37-12-12V76c0-6.63 5.37-12 12-12h40c6.63 0 12 5.37 12 12v40zm160 288c0 6.63-5.37 12-12 12h-40c-6.63 0-12-5.37-12-12v-40c0-6.63 5.37-12 12-12h40c6.63 0 12 5.37 12 12v40zm0-96c0 6.63-5.37 12-12 12h-40c-6.63 0-12-5.37-12-12v-40c0-6.63 5.37-12 12-12h40c6.63 0 12 5.37 12 12v40z\"><\/path><\/svg>\t\t\t\t\t\t<\/span>\n\t\t\t\t\t\t\t\t\t\t<span class=\"elementor-icon-list-text\">Vega Baja, PR<\/span>\n\t\t\t\t\t\t\t\t\t<\/li>\n\t\t\t\t\t\t\t\t<li class=\"elementor-icon-list-item elementor-inline-item\">\n\t\t\t\t\t\t\t\t\t\t\t<span class=\"elementor-icon-list-icon\">\n\t\t\t\t\t\t\t<svg aria-hidden=\"true\" class=\"e-font-icon-svg e-far-clock\" viewBox=\"0 0 512 512\" xmlns=\"http:\/\/www.w3.org\/2000\/svg\"><path d=\"M256 8C119 8 8 119 8 256s111 248 248 248 248-111 248-248S393 8 256 8zm0 448c-110.5 0-200-89.5-200-200S145.5 56 256 56s200 89.5 200 200-89.5 200-200 200zm61.8-104.4l-84.9-61.7c-3.1-2.3-4.9-5.9-4.9-9.7V116c0-6.6 5.4-12 12-12h32c6.6 0 12 5.4 12 12v141.7l66.8 48.6c5.4 3.9 6.5 11.4 2.6 16.8L334.6 349c-3.9 5.3-11.4 6.5-16.8 2.6z\"><\/path><\/svg>\t\t\t\t\t\t<\/span>\n\t\t\t\t\t\t\t\t\t\t<span class=\"elementor-icon-list-text\">7:30 AM - 4:30 PM<\/span>\n\t\t\t\t\t\t\t\t\t<\/li>\n\t\t\t\t\t\t<\/ul>\n\t\t\t\t<\/div>\n\t\t\t\t<\/div>\n\t\t\t\t<\/div>\n\t\t<div class=\"elementor-element elementor-element-3c7a56a e-con-full e-flex e-con e-child\" data-id=\"3c7a56a\" data-element_type=\"container\">\n\t\t\t\t<\/div>\n\t\t\t\t<\/footer>\n\t\t\t\t<\/div>\n\t\t","protected":false},"excerpt":{"rendered":"<p>MISI\u00d3N Promover el desarrollo de una nueva generaci\u00f3n de deportistas, mediante la pr\u00e1ctica, ense\u00f1anza de valores y promoviendo un nuevo estilo de vida salubrista a trav\u00e9s del deporte. VISI\u00d3N Ser reconocidos, a nivel local y nacional, como una academia deportiva modelo por su organizaci\u00f3n, pr\u00e1ctica de valores, calidad de servicios, logros deportivos y contribuci\u00f3n al [&hellip;]<\/p>\n","protected":false},"author":1,"featured_media":0,"parent":0,"menu_order":0,"comment_status":"closed","ping_status":"closed","template":"","meta":{"footnotes":""},"class_list":["post-8139","page","type-page","status-publish","hentry"],"_links":{"self":[{"href":"https:\/\/vegabaja.gov.pr\/vb\/wp-json\/wp\/v2\/pages\/8139","targetHints":{"allow":["GET"]}}],"collection":[{"href":"https:\/\/vegabaja.gov.pr\/vb\/wp-json\/wp\/v2\/pages"}],"about":[{"href":"https:\/\/vegabaja.gov.pr\/vb\/wp-json\/wp\/v2\/types\/page"}],"author":[{"embeddable":true,"href":"https:\/\/vegabaja.gov.pr\/vb\/wp-json\/wp\/v2\/users\/1"}],"replies":[{"embeddable":true,"href":"https:\/\/vegabaja.gov.pr\/vb\/wp-json\/wp\/v2\/comments?post=8139"}],"version-history":[{"count":19,"href":"https:\/\/vegabaja.gov.pr\/vb\/wp-json\/wp\/v2\/pages\/8139\/revisions"}],"predecessor-version":[{"id":9494,"href":"https:\/\/vegabaja.gov.pr\/vb\/wp-json\/wp\/v2\/pages\/8139\/revisions\/9494"}],"wp:attachment":[{"href":"https:\/\/vegabaja.gov.pr\/vb\/wp-json\/wp\/v2\/media?parent=8139"}],"curies":[{"name":"wp","href":"https:\/\/api.w.org\/{rel}","templated":true}]}}