{"id":8238,"date":"2024-06-03T12:39:20","date_gmt":"2024-06-03T12:39:20","guid":{"rendered":"https:\/\/vegabaja.gov.pr\/vb\/?page_id=8238"},"modified":"2025-03-18T13:09:25","modified_gmt":"2025-03-18T13:09:25","slug":"2-generaciones","status":"publish","type":"page","link":"https:\/\/vegabaja.gov.pr\/vb\/2-generaciones\/","title":{"rendered":"2 Generaciones"},"content":{"rendered":"\t\t<div data-elementor-type=\"wp-page\" data-elementor-id=\"8238\" class=\"elementor elementor-8238\">\n\t\t\t\t<div class=\"elementor-element elementor-element-1b9bdea e-flex e-con-boxed e-con e-parent\" data-id=\"1b9bdea\" data-element_type=\"container\">\n\t\t\t\t\t<div class=\"e-con-inner\">\n\t\t\t\t<div class=\"elementor-element elementor-element-4069b95 elementor-widget elementor-widget-heading\" data-id=\"4069b95\" data-element_type=\"widget\" data-widget_type=\"heading.default\">\n\t\t\t\t<div class=\"elementor-widget-container\">\n\t\t\t<h2 class=\"elementor-heading-title elementor-size-default\">2 Generaciones - en la Biblioteca Trinidad Font\u00e1nez<\/h2>\t\t<\/div>\n\t\t\t\t<\/div>\n\t\t\t\t\t<\/div>\n\t\t\t\t<\/div>\n\t\t<div class=\"elementor-element elementor-element-1cfd7db e-flex e-con-boxed e-con e-parent\" data-id=\"1cfd7db\" data-element_type=\"container\">\n\t\t\t\t\t<div class=\"e-con-inner\">\n\t\t\t\t<div class=\"elementor-element elementor-element-86003a0 elementor-widget elementor-widget-image\" data-id=\"86003a0\" data-element_type=\"widget\" data-widget_type=\"image.default\">\n\t\t\t\t<div class=\"elementor-widget-container\">\n\t\t\t\t\t\t\t\t\t\t\t\t\t<img fetchpriority=\"high\" decoding=\"async\" width=\"568\" height=\"235\" src=\"https:\/\/vegabaja.gov.pr\/vb\/wp-content\/uploads\/2025\/03\/LOGO-2-GENERACIONES.png\" class=\"attachment-large size-large wp-image-9593\" alt=\"\" \/>\t\t\t\t\t\t\t\t\t\t\t\t\t<\/div>\n\t\t\t\t<\/div>\n\t\t\t\t\t<\/div>\n\t\t\t\t<\/div>\n\t\t<div class=\"elementor-element elementor-element-ddd4128 e-flex e-con-boxed e-con e-parent\" data-id=\"ddd4128\" data-element_type=\"container\">\n\t\t\t\t\t<div class=\"e-con-inner\">\n\t\t\t\t<div class=\"elementor-element elementor-element-87ddebb elementor-widget elementor-widget-text-editor\" data-id=\"87ddebb\" data-element_type=\"widget\" data-widget_type=\"text-editor.default\">\n\t\t\t\t<div class=\"elementor-widget-container\">\n\t\t\t\t\t\t\t<p><span>Dos Generaciones tiene un enfoque dirigido a servicios para la erradicaci\u00f3n de la pobreza mediante la educaci\u00f3n y la integraci\u00f3n generacional de servicios. Dichos servicios estar\u00e1n enfocados en desarrollar y maximizar los recursos disponibles para la ni\u00f1ez temprana y la familia.<br \/>El mismo busca ofrecer orientaci\u00f3n, talleres para padres y estudiantes, as\u00ed como la coordinaci\u00f3n de diversas atenciones y proyectos educativos para el \u00f3ptimo desarrollo de los infantes y sus familias.<\/span><\/p><p><span>\u00a0<\/span><\/p><p><span><strong>Tel\u00e9fono y direcci\u00f3n:<\/strong><br \/><\/span><span>787- 855-2500 Ext. 2702 \/ 2800<\/span><\/p><p><span> Biblioteca Trinidad Font\u00e1nez<br \/><\/span><span>Calle Baldorioty, Boulevard Luis Mu\u00f1oz Mar\u00edn Vega Baja, Puerto Rico 00693<\/span><\/p>\t\t\t\t\t\t<\/div>\n\t\t\t\t<\/div>\n\t\t\t\t\t<\/div>\n\t\t\t\t<\/div>\n\t\t<footer class=\"elementor-element elementor-element-ad8b7e8 e-con-full e-flex e-con e-parent\" data-id=\"ad8b7e8\" data-element_type=\"container\">\n\t\t<div class=\"elementor-element elementor-element-73e480e e-con-full e-flex e-con e-child\" data-id=\"73e480e\" data-element_type=\"container\">\n\t\t\t\t<div class=\"elementor-element elementor-element-095c25a elementor-widget elementor-widget-image\" data-id=\"095c25a\" data-element_type=\"widget\" data-widget_type=\"image.default\">\n\t\t\t\t<div class=\"elementor-widget-container\">\n\t\t\t\t\t\t\t\t\t\t\t\t\t<img decoding=\"async\" width=\"3300\" height=\"1800\" src=\"https:\/\/vegabaja.gov.pr\/vb\/wp-content\/uploads\/2024\/07\/LOGO-VB-2024-02.png\" class=\"attachment-full size-full wp-image-8594\" alt=\"\" \/>\t\t\t\t\t\t\t\t\t\t\t\t\t<\/div>\n\t\t\t\t<\/div>\n\t\t\t\t<\/div>\n\t\t<div class=\"elementor-element elementor-element-cb55416 e-con-full e-flex e-con e-child\" data-id=\"cb55416\" data-element_type=\"container\">\n\t\t\t\t<div class=\"elementor-element elementor-element-9d0d7eb elementor-icon-list--layout-inline elementor-tablet-align-center elementor-align-center elementor-list-item-link-full_width elementor-widget elementor-widget-icon-list\" data-id=\"9d0d7eb\" data-element_type=\"widget\" data-widget_type=\"icon-list.default\">\n\t\t\t\t<div class=\"elementor-widget-container\">\n\t\t\t\t\t<ul class=\"elementor-icon-list-items elementor-inline-items\">\n\t\t\t\t\t\t\t<li class=\"elementor-icon-list-item elementor-inline-item\">\n\t\t\t\t\t\t\t\t\t\t\t<span class=\"elementor-icon-list-icon\">\n\t\t\t\t\t\t\t<svg aria-hidden=\"true\" class=\"e-font-icon-svg e-fas-phone-alt\" viewBox=\"0 0 512 512\" xmlns=\"http:\/\/www.w3.org\/2000\/svg\"><path d=\"M497.39 361.8l-112-48a24 24 0 0 0-28 6.9l-49.6 60.6A370.66 370.66 0 0 1 130.6 204.11l60.6-49.6a23.94 23.94 0 0 0 6.9-28l-48-112A24.16 24.16 0 0 0 122.6.61l-104 24A24 24 0 0 0 0 48c0 256.5 207.9 464 464 464a24 24 0 0 0 23.4-18.6l24-104a24.29 24.29 0 0 0-14.01-27.6z\"><\/path><\/svg>\t\t\t\t\t\t<\/span>\n\t\t\t\t\t\t\t\t\t\t<span class=\"elementor-icon-list-text\">787-855-2500 ext. 2702 \/ 2800<\/span>\n\t\t\t\t\t\t\t\t\t<\/li>\n\t\t\t\t\t\t\t\t<li class=\"elementor-icon-list-item elementor-inline-item\">\n\t\t\t\t\t\t\t\t\t\t\t<span class=\"elementor-icon-list-icon\">\n\t\t\t\t\t\t\t<svg aria-hidden=\"true\" class=\"e-font-icon-svg e-fas-city\" viewBox=\"0 0 640 512\" xmlns=\"http:\/\/www.w3.org\/2000\/svg\"><path d=\"M616 192H480V24c0-13.26-10.74-24-24-24H312c-13.26 0-24 10.74-24 24v72h-64V16c0-8.84-7.16-16-16-16h-16c-8.84 0-16 7.16-16 16v80h-64V16c0-8.84-7.16-16-16-16H80c-8.84 0-16 7.16-16 16v80H24c-13.26 0-24 10.74-24 24v360c0 17.67 14.33 32 32 32h576c17.67 0 32-14.33 32-32V216c0-13.26-10.75-24-24-24zM128 404c0 6.63-5.37 12-12 12H76c-6.63 0-12-5.37-12-12v-40c0-6.63 5.37-12 12-12h40c6.63 0 12 5.37 12 12v40zm0-96c0 6.63-5.37 12-12 12H76c-6.63 0-12-5.37-12-12v-40c0-6.63 5.37-12 12-12h40c6.63 0 12 5.37 12 12v40zm0-96c0 6.63-5.37 12-12 12H76c-6.63 0-12-5.37-12-12v-40c0-6.63 5.37-12 12-12h40c6.63 0 12 5.37 12 12v40zm128 192c0 6.63-5.37 12-12 12h-40c-6.63 0-12-5.37-12-12v-40c0-6.63 5.37-12 12-12h40c6.63 0 12 5.37 12 12v40zm0-96c0 6.63-5.37 12-12 12h-40c-6.63 0-12-5.37-12-12v-40c0-6.63 5.37-12 12-12h40c6.63 0 12 5.37 12 12v40zm0-96c0 6.63-5.37 12-12 12h-40c-6.63 0-12-5.37-12-12v-40c0-6.63 5.37-12 12-12h40c6.63 0 12 5.37 12 12v40zm160 96c0 6.63-5.37 12-12 12h-40c-6.63 0-12-5.37-12-12v-40c0-6.63 5.37-12 12-12h40c6.63 0 12 5.37 12 12v40zm0-96c0 6.63-5.37 12-12 12h-40c-6.63 0-12-5.37-12-12v-40c0-6.63 5.37-12 12-12h40c6.63 0 12 5.37 12 12v40zm0-96c0 6.63-5.37 12-12 12h-40c-6.63 0-12-5.37-12-12V76c0-6.63 5.37-12 12-12h40c6.63 0 12 5.37 12 12v40zm160 288c0 6.63-5.37 12-12 12h-40c-6.63 0-12-5.37-12-12v-40c0-6.63 5.37-12 12-12h40c6.63 0 12 5.37 12 12v40zm0-96c0 6.63-5.37 12-12 12h-40c-6.63 0-12-5.37-12-12v-40c0-6.63 5.37-12 12-12h40c6.63 0 12 5.37 12 12v40z\"><\/path><\/svg>\t\t\t\t\t\t<\/span>\n\t\t\t\t\t\t\t\t\t\t<span class=\"elementor-icon-list-text\">Vega Baja, PR<\/span>\n\t\t\t\t\t\t\t\t\t<\/li>\n\t\t\t\t\t\t\t\t<li class=\"elementor-icon-list-item elementor-inline-item\">\n\t\t\t\t\t\t\t\t\t\t\t<span class=\"elementor-icon-list-icon\">\n\t\t\t\t\t\t\t<svg aria-hidden=\"true\" class=\"e-font-icon-svg e-far-clock\" viewBox=\"0 0 512 512\" xmlns=\"http:\/\/www.w3.org\/2000\/svg\"><path d=\"M256 8C119 8 8 119 8 256s111 248 248 248 248-111 248-248S393 8 256 8zm0 448c-110.5 0-200-89.5-200-200S145.5 56 256 56s200 89.5 200 200-89.5 200-200 200zm61.8-104.4l-84.9-61.7c-3.1-2.3-4.9-5.9-4.9-9.7V116c0-6.6 5.4-12 12-12h32c6.6 0 12 5.4 12 12v141.7l66.8 48.6c5.4 3.9 6.5 11.4 2.6 16.8L334.6 349c-3.9 5.3-11.4 6.5-16.8 2.6z\"><\/path><\/svg>\t\t\t\t\t\t<\/span>\n\t\t\t\t\t\t\t\t\t\t<span class=\"elementor-icon-list-text\">7:30 AM - 4:30 PM<\/span>\n\t\t\t\t\t\t\t\t\t<\/li>\n\t\t\t\t\t\t<\/ul>\n\t\t\t\t<\/div>\n\t\t\t\t<\/div>\n\t\t\t\t<\/div>\n\t\t<div class=\"elementor-element elementor-element-1bc9ec9 e-con-full e-flex e-con e-child\" data-id=\"1bc9ec9\" data-element_type=\"container\">\n\t\t\t\t<\/div>\n\t\t\t\t<\/footer>\n\t\t\t\t<\/div>\n\t\t","protected":false},"excerpt":{"rendered":"<p>2 Generaciones &#8211; en la Biblioteca Trinidad Font\u00e1nez Dos Generaciones tiene un enfoque dirigido a servicios para la erradicaci\u00f3n de la pobreza mediante la educaci\u00f3n y la integraci\u00f3n generacional de servicios. Dichos servicios estar\u00e1n enfocados en desarrollar y maximizar los recursos disponibles para la ni\u00f1ez temprana y la familia.El mismo busca ofrecer orientaci\u00f3n, talleres para [&hellip;]<\/p>\n","protected":false},"author":1,"featured_media":0,"parent":0,"menu_order":0,"comment_status":"closed","ping_status":"closed","template":"","meta":{"footnotes":""},"class_list":["post-8238","page","type-page","status-publish","hentry"],"_links":{"self":[{"href":"https:\/\/vegabaja.gov.pr\/vb\/wp-json\/wp\/v2\/pages\/8238","targetHints":{"allow":["GET"]}}],"collection":[{"href":"https:\/\/vegabaja.gov.pr\/vb\/wp-json\/wp\/v2\/pages"}],"about":[{"href":"https:\/\/vegabaja.gov.pr\/vb\/wp-json\/wp\/v2\/types\/page"}],"author":[{"embeddable":true,"href":"https:\/\/vegabaja.gov.pr\/vb\/wp-json\/wp\/v2\/users\/1"}],"replies":[{"embeddable":true,"href":"https:\/\/vegabaja.gov.pr\/vb\/wp-json\/wp\/v2\/comments?post=8238"}],"version-history":[{"count":16,"href":"https:\/\/vegabaja.gov.pr\/vb\/wp-json\/wp\/v2\/pages\/8238\/revisions"}],"predecessor-version":[{"id":9603,"href":"https:\/\/vegabaja.gov.pr\/vb\/wp-json\/wp\/v2\/pages\/8238\/revisions\/9603"}],"wp:attachment":[{"href":"https:\/\/vegabaja.gov.pr\/vb\/wp-json\/wp\/v2\/media?parent=8238"}],"curies":[{"name":"wp","href":"https:\/\/api.w.org\/{rel}","templated":true}]}}