{"id":8417,"date":"2024-06-13T14:14:06","date_gmt":"2024-06-13T14:14:06","guid":{"rendered":"https:\/\/vegabaja.gov.pr\/vb\/?page_id=8417"},"modified":"2025-03-10T13:48:05","modified_gmt":"2025-03-10T13:48:05","slug":"manejo-de-emergencia","status":"publish","type":"page","link":"https:\/\/vegabaja.gov.pr\/vb\/manejo-de-emergencia\/","title":{"rendered":"Manejo de Emergencia"},"content":{"rendered":"\t\t<div data-elementor-type=\"wp-page\" data-elementor-id=\"8417\" class=\"elementor elementor-8417\">\n\t\t\t\t<div class=\"elementor-element elementor-element-77a0718 e-flex e-con-boxed e-con e-parent\" data-id=\"77a0718\" data-element_type=\"container\">\n\t\t\t\t\t<div class=\"e-con-inner\">\n\t\t\t\t<div class=\"elementor-element elementor-element-9a16ca3 elementor-widget elementor-widget-heading\" data-id=\"9a16ca3\" data-element_type=\"widget\" data-widget_type=\"heading.default\">\n\t\t\t\t<div class=\"elementor-widget-container\">\n\t\t\t<h2 class=\"elementor-heading-title elementor-size-default\">Manejo de Emergencia<\/h2>\t\t<\/div>\n\t\t\t\t<\/div>\n\t\t\t\t\t<\/div>\n\t\t\t\t<\/div>\n\t\t<div class=\"elementor-element elementor-element-186480d9 e-flex e-con-boxed e-con e-parent\" data-id=\"186480d9\" data-element_type=\"container\">\n\t\t\t\t\t<div class=\"e-con-inner\">\n\t\t<div class=\"elementor-element elementor-element-7d9727ab e-con-full e-flex e-con e-child\" data-id=\"7d9727ab\" data-element_type=\"container\" data-settings=\"{&quot;background_background&quot;:&quot;classic&quot;}\">\n\t\t<div class=\"elementor-element elementor-element-38bb5cd2 e-con-full e-flex e-con e-child\" data-id=\"38bb5cd2\" data-element_type=\"container\">\n\t\t\t\t<div class=\"elementor-element elementor-element-6564b9d8 elementor-widget elementor-widget-image\" data-id=\"6564b9d8\" data-element_type=\"widget\" data-widget_type=\"image.default\">\n\t\t\t\t<div class=\"elementor-widget-container\">\n\t\t\t\t\t\t\t\t\t\t\t\t\t<img fetchpriority=\"high\" decoding=\"async\" width=\"500\" height=\"500\" src=\"https:\/\/vegabaja.gov.pr\/vb\/wp-content\/uploads\/2024\/01\/LOGO-OMMEAD.png\" class=\"attachment-large size-large wp-image-2112\" alt=\"\" \/>\t\t\t\t\t\t\t\t\t\t\t\t\t<\/div>\n\t\t\t\t<\/div>\n\t\t\t\t<\/div>\n\t\t<div class=\"elementor-element elementor-element-3224ad20 e-con-full e-flex e-con e-child\" data-id=\"3224ad20\" data-element_type=\"container\">\n\t\t\t\t<div class=\"elementor-element elementor-element-732ba7b1 divider_yes elementor-widget elementor-widget-wgl-double-headings\" data-id=\"732ba7b1\" data-element_type=\"widget\" data-widget_type=\"wgl-double-headings.default\">\n\t\t\t\t<div class=\"elementor-widget-container\">\n\t\t\t<div class=\"wgl-double_heading aleft\">                <h3 class=\"dbl-title_wrapper\"><span class=\"dbl-title dbl-title_1\">MISI\u00d3N<\/span>                 <\/h3>        <\/div>\t\t<\/div>\n\t\t\t\t<\/div>\n\t\t\t\t<div class=\"elementor-element elementor-element-1e1f89a6 elementor-widget elementor-widget-text-editor\" data-id=\"1e1f89a6\" data-element_type=\"widget\" data-widget_type=\"text-editor.default\">\n\t\t\t\t<div class=\"elementor-widget-container\">\n\t\t\t\t\t\t\t<p>Ser un proveedor de cuidado m\u00e9dico prehospitalario y transporte de emergencia mediante la aplicaci\u00f3n de recursos tecnol\u00f3gicos de telecomunicaciones y de informaci\u00f3n seg\u00fan las disposiciones establecidas por Ley, al igual que preparar, mitigar, responder, recuperar y coordinar servicios ante emergencias naturales o provocadas por el hombre.<\/p>\t\t\t\t\t\t<\/div>\n\t\t\t\t<\/div>\n\t\t\t\t<div class=\"elementor-element elementor-element-20789974 divider_yes elementor-widget elementor-widget-wgl-double-headings\" data-id=\"20789974\" data-element_type=\"widget\" data-widget_type=\"wgl-double-headings.default\">\n\t\t\t\t<div class=\"elementor-widget-container\">\n\t\t\t<div class=\"wgl-double_heading aleft\">                <h3 class=\"dbl-title_wrapper\"><span class=\"dbl-title dbl-title_1\">VISI\u00d3N<\/span>                 <\/h3>        <\/div>\t\t<\/div>\n\t\t\t\t<\/div>\n\t\t\t\t<div class=\"elementor-element elementor-element-298b8a04 elementor-widget elementor-widget-text-editor\" data-id=\"298b8a04\" data-element_type=\"widget\" data-widget_type=\"text-editor.default\">\n\t\t\t\t<div class=\"elementor-widget-container\">\n\t\t\t\t\t\t\t<p>Coordinar los recursos necesarios de forma diligente y efectiva, antes, durante y despu\u00e9s de las situaciones de emergencia, para asegurar la protecci\u00f3n de vida y propiedad de los ciudadanos de Vega Baja, adem\u00e1s de ofrecer atenci\u00f3n prehospitalaria y transportaci\u00f3n de emergencia a una instalaci\u00f3n m\u00e9dica a toda persona que as\u00ed lo requiera, de forma eficaz, r\u00e1pida y segura.<\/p>\t\t\t\t\t\t<\/div>\n\t\t\t\t<\/div>\n\t\t\t\t<\/div>\n\t\t\t\t<\/div>\n\t\t\t\t\t<\/div>\n\t\t\t\t<\/div>\n\t\t<div class=\"elementor-element elementor-element-2956695c e-flex e-con-boxed e-con e-parent\" data-id=\"2956695c\" data-element_type=\"container\">\n\t\t\t\t\t<div class=\"e-con-inner\">\n\t\t\t\t<div class=\"elementor-element elementor-element-6212ebe0 elementor-widget elementor-widget-heading\" data-id=\"6212ebe0\" data-element_type=\"widget\" data-widget_type=\"heading.default\">\n\t\t\t\t<div class=\"elementor-widget-container\">\n\t\t\t<h2 class=\"elementor-heading-title elementor-size-default\">Servicios que ofrece nuestra oficina:<\/h2>\t\t<\/div>\n\t\t\t\t<\/div>\n\t\t\t\t<div class=\"elementor-element elementor-element-3cec3e7f elementor-widget elementor-widget-text-editor\" data-id=\"3cec3e7f\" data-element_type=\"widget\" data-widget_type=\"text-editor.default\">\n\t\t\t\t<div class=\"elementor-widget-container\">\n\t\t\t\t\t\t\t<div class=\"gmail_default\"><div class=\"gmail_default\"><ul><li>Investigaci\u00f3n de Casos de Abejas, Inundaciones y Da\u00f1os Residenciales<\/li><li>Corte de \u00c1rboles que obstruyan la v\u00eda p\u00fablica o el acceso a residencias<\/li><li>Servicio de Agua Potable a Comunidades con Interrupci\u00f3n en el Servicio<\/li><li>Atenci\u00f3n de Accidentes de Tr\u00e1nsito, Derrame de Combustible y\/o Materiales Peligrosos<\/li><li>Charlas Educativas<\/li><li>Programa CERT<\/li><li>Transporte Prehospitalario de Emergencia\u00a0<\/li><\/ul><\/div><\/div>\t\t\t\t\t\t<\/div>\n\t\t\t\t<\/div>\n\t\t\t\t\t<\/div>\n\t\t\t\t<\/div>\n\t\t<div class=\"elementor-element elementor-element-50f66109 e-flex e-con-boxed e-con e-parent\" data-id=\"50f66109\" data-element_type=\"container\">\n\t\t\t\t\t<div class=\"e-con-inner\">\n\t\t<div class=\"elementor-element elementor-element-565fae76 e-con-full e-flex e-con e-child\" data-id=\"565fae76\" data-element_type=\"container\">\n\t\t\t\t<div class=\"elementor-element elementor-element-348b214b elementor-widget elementor-widget-image\" data-id=\"348b214b\" data-element_type=\"widget\" data-widget_type=\"image.default\">\n\t\t\t\t<div class=\"elementor-widget-container\">\n\t\t\t\t\t\t\t\t\t\t\t\t\t<img decoding=\"async\" width=\"1024\" height=\"768\" src=\"https:\/\/vegabaja.gov.pr\/vb\/wp-content\/uploads\/2024\/06\/446935846_857053426454877_5624804187524241611_n.jpg\" class=\"attachment-large size-large wp-image-8385\" alt=\"\" \/>\t\t\t\t\t\t\t\t\t\t\t\t\t<\/div>\n\t\t\t\t<\/div>\n\t\t\t\t<\/div>\n\t\t<div class=\"elementor-element elementor-element-2afbeea1 e-con-full e-flex e-con e-child\" data-id=\"2afbeea1\" data-element_type=\"container\">\n\t\t\t\t<div class=\"elementor-element elementor-element-7afd8e1c elementor-widget elementor-widget-image\" data-id=\"7afd8e1c\" data-element_type=\"widget\" data-widget_type=\"image.default\">\n\t\t\t\t<div class=\"elementor-widget-container\">\n\t\t\t\t\t\t\t\t\t\t\t\t\t<img decoding=\"async\" width=\"1024\" height=\"723\" src=\"https:\/\/vegabaja.gov.pr\/vb\/wp-content\/uploads\/2024\/02\/DSC06436.jpg\" class=\"attachment-large size-large wp-image-7930\" alt=\"\" \/>\t\t\t\t\t\t\t\t\t\t\t\t\t<\/div>\n\t\t\t\t<\/div>\n\t\t\t\t<\/div>\n\t\t<div class=\"elementor-element elementor-element-4a392f8e e-con-full e-flex e-con e-child\" data-id=\"4a392f8e\" data-element_type=\"container\">\n\t\t\t\t<\/div>\n\t\t<div class=\"elementor-element elementor-element-74d53c81 e-con-full e-flex e-con e-child\" data-id=\"74d53c81\" data-element_type=\"container\">\n\t\t\t\t<\/div>\n\t\t\t\t\t<\/div>\n\t\t\t\t<\/div>\n\t\t<footer class=\"elementor-element elementor-element-195c296 e-con-full e-flex e-con e-parent\" data-id=\"195c296\" data-element_type=\"container\">\n\t\t<div class=\"elementor-element elementor-element-3969275 e-con-full e-flex e-con e-child\" data-id=\"3969275\" data-element_type=\"container\">\n\t\t\t\t<div class=\"elementor-element elementor-element-21acc60 elementor-widget elementor-widget-image\" data-id=\"21acc60\" data-element_type=\"widget\" data-widget_type=\"image.default\">\n\t\t\t\t<div class=\"elementor-widget-container\">\n\t\t\t\t\t\t\t\t\t\t\t\t\t<img loading=\"lazy\" decoding=\"async\" width=\"3300\" height=\"1800\" src=\"https:\/\/vegabaja.gov.pr\/vb\/wp-content\/uploads\/2024\/07\/LOGO-VB-2024-02.png\" class=\"attachment-full size-full wp-image-8594\" alt=\"\" \/>\t\t\t\t\t\t\t\t\t\t\t\t\t<\/div>\n\t\t\t\t<\/div>\n\t\t\t\t<\/div>\n\t\t<div class=\"elementor-element elementor-element-2576ce7 e-con-full e-flex e-con e-child\" data-id=\"2576ce7\" data-element_type=\"container\">\n\t\t\t\t<div class=\"elementor-element elementor-element-dc2eefb elementor-icon-list--layout-inline elementor-tablet-align-center elementor-align-center elementor-list-item-link-full_width elementor-widget elementor-widget-icon-list\" data-id=\"dc2eefb\" data-element_type=\"widget\" data-widget_type=\"icon-list.default\">\n\t\t\t\t<div class=\"elementor-widget-container\">\n\t\t\t\t\t<ul class=\"elementor-icon-list-items elementor-inline-items\">\n\t\t\t\t\t\t\t<li class=\"elementor-icon-list-item elementor-inline-item\">\n\t\t\t\t\t\t\t\t\t\t\t<span class=\"elementor-icon-list-icon\">\n\t\t\t\t\t\t\t<svg aria-hidden=\"true\" class=\"e-font-icon-svg e-fas-phone-alt\" viewBox=\"0 0 512 512\" xmlns=\"http:\/\/www.w3.org\/2000\/svg\"><path d=\"M497.39 361.8l-112-48a24 24 0 0 0-28 6.9l-49.6 60.6A370.66 370.66 0 0 1 130.6 204.11l60.6-49.6a23.94 23.94 0 0 0 6.9-28l-48-112A24.16 24.16 0 0 0 122.6.61l-104 24A24 24 0 0 0 0 48c0 256.5 207.9 464 464 464a24 24 0 0 0 23.4-18.6l24-104a24.29 24.29 0 0 0-14.01-27.6z\"><\/path><\/svg>\t\t\t\t\t\t<\/span>\n\t\t\t\t\t\t\t\t\t\t<span class=\"elementor-icon-list-text\">787-855-2500<\/span>\n\t\t\t\t\t\t\t\t\t<\/li>\n\t\t\t\t\t\t\t\t<li class=\"elementor-icon-list-item elementor-inline-item\">\n\t\t\t\t\t\t\t\t\t\t\t<span class=\"elementor-icon-list-icon\">\n\t\t\t\t\t\t\t<svg aria-hidden=\"true\" class=\"e-font-icon-svg e-fas-city\" viewBox=\"0 0 640 512\" xmlns=\"http:\/\/www.w3.org\/2000\/svg\"><path d=\"M616 192H480V24c0-13.26-10.74-24-24-24H312c-13.26 0-24 10.74-24 24v72h-64V16c0-8.84-7.16-16-16-16h-16c-8.84 0-16 7.16-16 16v80h-64V16c0-8.84-7.16-16-16-16H80c-8.84 0-16 7.16-16 16v80H24c-13.26 0-24 10.74-24 24v360c0 17.67 14.33 32 32 32h576c17.67 0 32-14.33 32-32V216c0-13.26-10.75-24-24-24zM128 404c0 6.63-5.37 12-12 12H76c-6.63 0-12-5.37-12-12v-40c0-6.63 5.37-12 12-12h40c6.63 0 12 5.37 12 12v40zm0-96c0 6.63-5.37 12-12 12H76c-6.63 0-12-5.37-12-12v-40c0-6.63 5.37-12 12-12h40c6.63 0 12 5.37 12 12v40zm0-96c0 6.63-5.37 12-12 12H76c-6.63 0-12-5.37-12-12v-40c0-6.63 5.37-12 12-12h40c6.63 0 12 5.37 12 12v40zm128 192c0 6.63-5.37 12-12 12h-40c-6.63 0-12-5.37-12-12v-40c0-6.63 5.37-12 12-12h40c6.63 0 12 5.37 12 12v40zm0-96c0 6.63-5.37 12-12 12h-40c-6.63 0-12-5.37-12-12v-40c0-6.63 5.37-12 12-12h40c6.63 0 12 5.37 12 12v40zm0-96c0 6.63-5.37 12-12 12h-40c-6.63 0-12-5.37-12-12v-40c0-6.63 5.37-12 12-12h40c6.63 0 12 5.37 12 12v40zm160 96c0 6.63-5.37 12-12 12h-40c-6.63 0-12-5.37-12-12v-40c0-6.63 5.37-12 12-12h40c6.63 0 12 5.37 12 12v40zm0-96c0 6.63-5.37 12-12 12h-40c-6.63 0-12-5.37-12-12v-40c0-6.63 5.37-12 12-12h40c6.63 0 12 5.37 12 12v40zm0-96c0 6.63-5.37 12-12 12h-40c-6.63 0-12-5.37-12-12V76c0-6.63 5.37-12 12-12h40c6.63 0 12 5.37 12 12v40zm160 288c0 6.63-5.37 12-12 12h-40c-6.63 0-12-5.37-12-12v-40c0-6.63 5.37-12 12-12h40c6.63 0 12 5.37 12 12v40zm0-96c0 6.63-5.37 12-12 12h-40c-6.63 0-12-5.37-12-12v-40c0-6.63 5.37-12 12-12h40c6.63 0 12 5.37 12 12v40z\"><\/path><\/svg>\t\t\t\t\t\t<\/span>\n\t\t\t\t\t\t\t\t\t\t<span class=\"elementor-icon-list-text\">Vega Baja, PR<\/span>\n\t\t\t\t\t\t\t\t\t<\/li>\n\t\t\t\t\t\t\t\t<li class=\"elementor-icon-list-item elementor-inline-item\">\n\t\t\t\t\t\t\t\t\t\t\t<span class=\"elementor-icon-list-icon\">\n\t\t\t\t\t\t\t<svg aria-hidden=\"true\" class=\"e-font-icon-svg e-far-clock\" viewBox=\"0 0 512 512\" xmlns=\"http:\/\/www.w3.org\/2000\/svg\"><path d=\"M256 8C119 8 8 119 8 256s111 248 248 248 248-111 248-248S393 8 256 8zm0 448c-110.5 0-200-89.5-200-200S145.5 56 256 56s200 89.5 200 200-89.5 200-200 200zm61.8-104.4l-84.9-61.7c-3.1-2.3-4.9-5.9-4.9-9.7V116c0-6.6 5.4-12 12-12h32c6.6 0 12 5.4 12 12v141.7l66.8 48.6c5.4 3.9 6.5 11.4 2.6 16.8L334.6 349c-3.9 5.3-11.4 6.5-16.8 2.6z\"><\/path><\/svg>\t\t\t\t\t\t<\/span>\n\t\t\t\t\t\t\t\t\t\t<span class=\"elementor-icon-list-text\">7:30 AM - 4:30 PM<\/span>\n\t\t\t\t\t\t\t\t\t<\/li>\n\t\t\t\t\t\t<\/ul>\n\t\t\t\t<\/div>\n\t\t\t\t<\/div>\n\t\t\t\t<\/div>\n\t\t<div class=\"elementor-element elementor-element-ea2fd22 e-con-full e-flex e-con e-child\" data-id=\"ea2fd22\" data-element_type=\"container\">\n\t\t\t\t<\/div>\n\t\t\t\t<\/footer>\n\t\t\t\t<\/div>\n\t\t","protected":false},"excerpt":{"rendered":"<p>Manejo de Emergencia MISI\u00d3N Ser un proveedor de cuidado m\u00e9dico prehospitalario y transporte de emergencia mediante la aplicaci\u00f3n de recursos tecnol\u00f3gicos de telecomunicaciones y de informaci\u00f3n seg\u00fan las disposiciones establecidas por Ley, al igual que preparar, mitigar, responder, recuperar y coordinar servicios ante emergencias naturales o provocadas por el hombre. VISI\u00d3N Coordinar los recursos necesarios [&hellip;]<\/p>\n","protected":false},"author":1,"featured_media":0,"parent":0,"menu_order":0,"comment_status":"closed","ping_status":"closed","template":"","meta":{"footnotes":""},"class_list":["post-8417","page","type-page","status-publish","hentry"],"_links":{"self":[{"href":"https:\/\/vegabaja.gov.pr\/vb\/wp-json\/wp\/v2\/pages\/8417","targetHints":{"allow":["GET"]}}],"collection":[{"href":"https:\/\/vegabaja.gov.pr\/vb\/wp-json\/wp\/v2\/pages"}],"about":[{"href":"https:\/\/vegabaja.gov.pr\/vb\/wp-json\/wp\/v2\/types\/page"}],"author":[{"embeddable":true,"href":"https:\/\/vegabaja.gov.pr\/vb\/wp-json\/wp\/v2\/users\/1"}],"replies":[{"embeddable":true,"href":"https:\/\/vegabaja.gov.pr\/vb\/wp-json\/wp\/v2\/comments?post=8417"}],"version-history":[{"count":13,"href":"https:\/\/vegabaja.gov.pr\/vb\/wp-json\/wp\/v2\/pages\/8417\/revisions"}],"predecessor-version":[{"id":9500,"href":"https:\/\/vegabaja.gov.pr\/vb\/wp-json\/wp\/v2\/pages\/8417\/revisions\/9500"}],"wp:attachment":[{"href":"https:\/\/vegabaja.gov.pr\/vb\/wp-json\/wp\/v2\/media?parent=8417"}],"curies":[{"name":"wp","href":"https:\/\/api.w.org\/{rel}","templated":true}]}}