{"id":8426,"date":"2024-06-13T14:46:14","date_gmt":"2024-06-13T14:46:14","guid":{"rendered":"https:\/\/vegabaja.gov.pr\/vb\/?page_id=8426"},"modified":"2025-02-05T13:30:54","modified_gmt":"2025-02-05T13:30:54","slug":"museo-casa-portela","status":"publish","type":"page","link":"https:\/\/vegabaja.gov.pr\/vb\/museo-casa-portela\/","title":{"rendered":"Museo Casa Portela"},"content":{"rendered":"\t\t<div data-elementor-type=\"wp-page\" data-elementor-id=\"8426\" class=\"elementor elementor-8426\">\n\t\t\t\t<div class=\"elementor-element elementor-element-4b666851 e-flex e-con-boxed e-con e-parent\" data-id=\"4b666851\" data-element_type=\"container\" data-settings=\"{&quot;background_background&quot;:&quot;classic&quot;}\">\n\t\t\t\t\t<div class=\"e-con-inner\">\n\t\t\t\t<div class=\"elementor-element elementor-element-26f78289 elementor-widget elementor-widget-heading\" data-id=\"26f78289\" data-element_type=\"widget\" data-widget_type=\"heading.default\">\n\t\t\t\t<div class=\"elementor-widget-container\">\n\t\t\t<h3 class=\"elementor-heading-title elementor-size-default\">Museo Casa Portela<\/h3>\t\t<\/div>\n\t\t\t\t<\/div>\n\t\t\t\t\t<\/div>\n\t\t\t\t<\/div>\n\t\t<div class=\"elementor-element elementor-element-767e50a7 e-con-full e-flex e-con e-parent\" data-id=\"767e50a7\" data-element_type=\"container\" data-settings=\"{&quot;background_background&quot;:&quot;classic&quot;}\">\n\t\t<div class=\"elementor-element elementor-element-35261c5b e-con-full e-flex e-con e-child\" data-id=\"35261c5b\" data-element_type=\"container\">\n\t\t\t\t<div class=\"elementor-element elementor-element-47a6c9fc elementor-widget elementor-widget-image\" data-id=\"47a6c9fc\" data-element_type=\"widget\" data-widget_type=\"image.default\">\n\t\t\t\t<div class=\"elementor-widget-container\">\n\t\t\t\t\t\t\t\t\t\t\t\t\t<img fetchpriority=\"high\" decoding=\"async\" width=\"1024\" height=\"768\" src=\"https:\/\/vegabaja.gov.pr\/vb\/wp-content\/uploads\/2025\/02\/469648477_990891856404366_1468234403363799618_n.jpg\" class=\"attachment-large size-large wp-image-8994\" alt=\"\" \/>\t\t\t\t\t\t\t\t\t\t\t\t\t<\/div>\n\t\t\t\t<\/div>\n\t\t\t\t<\/div>\n\t\t<div class=\"elementor-element elementor-element-5ac5976b e-con-full e-flex e-con e-child\" data-id=\"5ac5976b\" data-element_type=\"container\">\n\t\t\t\t<div class=\"elementor-element elementor-element-6c802884 elementor-widget elementor-widget-text-editor\" data-id=\"6c802884\" data-element_type=\"widget\" data-widget_type=\"text-editor.default\">\n\t\t\t\t<div class=\"elementor-widget-container\">\n\t\t\t\t\t\t\t<p>El Museo Casa Portela se levanta en un amplio olar que prolonga a las calles paralelas Ram\u00f3n Emeterio Betances, su entrada principal, y Jos\u00e9 Juli\u00e1n Acosta.<\/p><p>En noviembre de 2004 iniciaba la construcci\u00f3n del moderno edificio dise\u00f1ado por el arquitecto \u00c1ngel Cocero Cordero, concluyendo los trabajos en el a\u00f1o 2010.<\/p>\t\t\t\t\t\t<\/div>\n\t\t\t\t<\/div>\n\t\t\t\t<\/div>\n\t\t\t\t<\/div>\n\t\t<div class=\"elementor-element elementor-element-0a4ab52 e-con-full e-flex e-con e-parent\" data-id=\"0a4ab52\" data-element_type=\"container\" data-settings=\"{&quot;background_background&quot;:&quot;classic&quot;}\">\n\t\t<div class=\"elementor-element elementor-element-c26413e e-con-full e-flex e-con e-child\" data-id=\"c26413e\" data-element_type=\"container\">\n\t\t\t\t<div class=\"elementor-element elementor-element-907e1cb elementor-widget elementor-widget-text-editor\" data-id=\"907e1cb\" data-element_type=\"widget\" data-widget_type=\"text-editor.default\">\n\t\t\t\t<div class=\"elementor-widget-container\">\n\t\t\t\t\t\t\t<p>Actualmente el Museo Casa Portela cuenta con la Sala Panor\u00e1mica de la Historia Vegabaje\u00f1a, la Sala Militar Jorge Otero Barreto y el Sal\u00f3n de la Fama del Deporte Vegabaje\u00f1o, adem\u00e1s de exposiciones e itinerantes. Asimismo, el museo sirve de sede de la Secretar\u00eda de Turismo, Arte y Cultura y del Centro de Investigaciones Hist\u00f3ricas Luis De la Rosa Mart\u00ednez.<\/p>\t\t\t\t\t\t<\/div>\n\t\t\t\t<\/div>\n\t\t\t\t<\/div>\n\t\t<div class=\"elementor-element elementor-element-68a30bf e-con-full e-flex e-con e-child\" data-id=\"68a30bf\" data-element_type=\"container\">\n\t\t\t\t<div class=\"elementor-element elementor-element-0614e0c elementor-widget elementor-widget-image\" data-id=\"0614e0c\" data-element_type=\"widget\" data-widget_type=\"image.default\">\n\t\t\t\t<div class=\"elementor-widget-container\">\n\t\t\t\t\t\t\t\t\t\t\t\t\t<img decoding=\"async\" width=\"1024\" height=\"683\" src=\"https:\/\/vegabaja.gov.pr\/vb\/wp-content\/uploads\/2024\/05\/438706768_830947965732090_2055227827122475852_n.jpg\" class=\"attachment-large size-large wp-image-8172\" alt=\"\" \/>\t\t\t\t\t\t\t\t\t\t\t\t\t<\/div>\n\t\t\t\t<\/div>\n\t\t\t\t<\/div>\n\t\t\t\t<\/div>\n\t\t<footer class=\"elementor-element elementor-element-55dfc94c e-con-full e-flex e-con e-parent\" data-id=\"55dfc94c\" data-element_type=\"container\">\n\t\t<div class=\"elementor-element elementor-element-5268aa65 e-con-full e-flex e-con e-child\" data-id=\"5268aa65\" data-element_type=\"container\">\n\t\t\t\t<div class=\"elementor-element elementor-element-5de5894b elementor-widget elementor-widget-image\" data-id=\"5de5894b\" data-element_type=\"widget\" data-widget_type=\"image.default\">\n\t\t\t\t<div class=\"elementor-widget-container\">\n\t\t\t\t\t\t\t\t\t\t\t\t\t<img decoding=\"async\" width=\"3300\" height=\"1800\" src=\"https:\/\/vegabaja.gov.pr\/vb\/wp-content\/uploads\/2024\/07\/LOGO-VB-2024-02.png\" class=\"attachment-full size-full wp-image-8594\" alt=\"\" \/>\t\t\t\t\t\t\t\t\t\t\t\t\t<\/div>\n\t\t\t\t<\/div>\n\t\t\t\t<\/div>\n\t\t<div class=\"elementor-element elementor-element-768cde30 e-con-full e-flex e-con e-child\" data-id=\"768cde30\" data-element_type=\"container\">\n\t\t\t\t<div class=\"elementor-element elementor-element-1c8c2b75 elementor-icon-list--layout-inline elementor-tablet-align-center elementor-align-center elementor-list-item-link-full_width elementor-widget elementor-widget-icon-list\" data-id=\"1c8c2b75\" data-element_type=\"widget\" data-widget_type=\"icon-list.default\">\n\t\t\t\t<div class=\"elementor-widget-container\">\n\t\t\t\t\t<ul class=\"elementor-icon-list-items elementor-inline-items\">\n\t\t\t\t\t\t\t<li class=\"elementor-icon-list-item elementor-inline-item\">\n\t\t\t\t\t\t\t\t\t\t\t<span class=\"elementor-icon-list-icon\">\n\t\t\t\t\t\t\t<svg aria-hidden=\"true\" class=\"e-font-icon-svg e-fas-phone-alt\" viewBox=\"0 0 512 512\" xmlns=\"http:\/\/www.w3.org\/2000\/svg\"><path d=\"M497.39 361.8l-112-48a24 24 0 0 0-28 6.9l-49.6 60.6A370.66 370.66 0 0 1 130.6 204.11l60.6-49.6a23.94 23.94 0 0 0 6.9-28l-48-112A24.16 24.16 0 0 0 122.6.61l-104 24A24 24 0 0 0 0 48c0 256.5 207.9 464 464 464a24 24 0 0 0 23.4-18.6l24-104a24.29 24.29 0 0 0-14.01-27.6z\"><\/path><\/svg>\t\t\t\t\t\t<\/span>\n\t\t\t\t\t\t\t\t\t\t<span class=\"elementor-icon-list-text\">787-855-2500<\/span>\n\t\t\t\t\t\t\t\t\t<\/li>\n\t\t\t\t\t\t\t\t<li class=\"elementor-icon-list-item elementor-inline-item\">\n\t\t\t\t\t\t\t\t\t\t\t<span class=\"elementor-icon-list-icon\">\n\t\t\t\t\t\t\t<svg aria-hidden=\"true\" class=\"e-font-icon-svg e-fas-city\" viewBox=\"0 0 640 512\" xmlns=\"http:\/\/www.w3.org\/2000\/svg\"><path d=\"M616 192H480V24c0-13.26-10.74-24-24-24H312c-13.26 0-24 10.74-24 24v72h-64V16c0-8.84-7.16-16-16-16h-16c-8.84 0-16 7.16-16 16v80h-64V16c0-8.84-7.16-16-16-16H80c-8.84 0-16 7.16-16 16v80H24c-13.26 0-24 10.74-24 24v360c0 17.67 14.33 32 32 32h576c17.67 0 32-14.33 32-32V216c0-13.26-10.75-24-24-24zM128 404c0 6.63-5.37 12-12 12H76c-6.63 0-12-5.37-12-12v-40c0-6.63 5.37-12 12-12h40c6.63 0 12 5.37 12 12v40zm0-96c0 6.63-5.37 12-12 12H76c-6.63 0-12-5.37-12-12v-40c0-6.63 5.37-12 12-12h40c6.63 0 12 5.37 12 12v40zm0-96c0 6.63-5.37 12-12 12H76c-6.63 0-12-5.37-12-12v-40c0-6.63 5.37-12 12-12h40c6.63 0 12 5.37 12 12v40zm128 192c0 6.63-5.37 12-12 12h-40c-6.63 0-12-5.37-12-12v-40c0-6.63 5.37-12 12-12h40c6.63 0 12 5.37 12 12v40zm0-96c0 6.63-5.37 12-12 12h-40c-6.63 0-12-5.37-12-12v-40c0-6.63 5.37-12 12-12h40c6.63 0 12 5.37 12 12v40zm0-96c0 6.63-5.37 12-12 12h-40c-6.63 0-12-5.37-12-12v-40c0-6.63 5.37-12 12-12h40c6.63 0 12 5.37 12 12v40zm160 96c0 6.63-5.37 12-12 12h-40c-6.63 0-12-5.37-12-12v-40c0-6.63 5.37-12 12-12h40c6.63 0 12 5.37 12 12v40zm0-96c0 6.63-5.37 12-12 12h-40c-6.63 0-12-5.37-12-12v-40c0-6.63 5.37-12 12-12h40c6.63 0 12 5.37 12 12v40zm0-96c0 6.63-5.37 12-12 12h-40c-6.63 0-12-5.37-12-12V76c0-6.63 5.37-12 12-12h40c6.63 0 12 5.37 12 12v40zm160 288c0 6.63-5.37 12-12 12h-40c-6.63 0-12-5.37-12-12v-40c0-6.63 5.37-12 12-12h40c6.63 0 12 5.37 12 12v40zm0-96c0 6.63-5.37 12-12 12h-40c-6.63 0-12-5.37-12-12v-40c0-6.63 5.37-12 12-12h40c6.63 0 12 5.37 12 12v40z\"><\/path><\/svg>\t\t\t\t\t\t<\/span>\n\t\t\t\t\t\t\t\t\t\t<span class=\"elementor-icon-list-text\">Vega Baja, PR<\/span>\n\t\t\t\t\t\t\t\t\t<\/li>\n\t\t\t\t\t\t\t\t<li class=\"elementor-icon-list-item elementor-inline-item\">\n\t\t\t\t\t\t\t\t\t\t\t<span class=\"elementor-icon-list-icon\">\n\t\t\t\t\t\t\t<svg aria-hidden=\"true\" class=\"e-font-icon-svg e-far-clock\" viewBox=\"0 0 512 512\" xmlns=\"http:\/\/www.w3.org\/2000\/svg\"><path d=\"M256 8C119 8 8 119 8 256s111 248 248 248 248-111 248-248S393 8 256 8zm0 448c-110.5 0-200-89.5-200-200S145.5 56 256 56s200 89.5 200 200-89.5 200-200 200zm61.8-104.4l-84.9-61.7c-3.1-2.3-4.9-5.9-4.9-9.7V116c0-6.6 5.4-12 12-12h32c6.6 0 12 5.4 12 12v141.7l66.8 48.6c5.4 3.9 6.5 11.4 2.6 16.8L334.6 349c-3.9 5.3-11.4 6.5-16.8 2.6z\"><\/path><\/svg>\t\t\t\t\t\t<\/span>\n\t\t\t\t\t\t\t\t\t\t<span class=\"elementor-icon-list-text\">7:30 AM - 4:30 PM<\/span>\n\t\t\t\t\t\t\t\t\t<\/li>\n\t\t\t\t\t\t<\/ul>\n\t\t\t\t<\/div>\n\t\t\t\t<\/div>\n\t\t\t\t<\/div>\n\t\t<div class=\"elementor-element elementor-element-25bd8f1e e-con-full e-flex e-con e-child\" data-id=\"25bd8f1e\" data-element_type=\"container\">\n\t\t\t\t<\/div>\n\t\t\t\t<\/footer>\n\t\t\t\t<\/div>\n\t\t","protected":false},"excerpt":{"rendered":"<p>Museo Casa Portela El Museo Casa Portela se levanta en un amplio olar que prolonga a las calles paralelas Ram\u00f3n Emeterio Betances, su entrada principal, y Jos\u00e9 Juli\u00e1n Acosta. En noviembre de 2004 iniciaba la construcci\u00f3n del moderno edificio dise\u00f1ado por el arquitecto \u00c1ngel Cocero Cordero, concluyendo los trabajos en el a\u00f1o 2010. Actualmente el [&hellip;]<\/p>\n","protected":false},"author":1,"featured_media":0,"parent":0,"menu_order":0,"comment_status":"closed","ping_status":"closed","template":"","meta":{"footnotes":""},"class_list":["post-8426","page","type-page","status-publish","hentry"],"_links":{"self":[{"href":"https:\/\/vegabaja.gov.pr\/vb\/wp-json\/wp\/v2\/pages\/8426","targetHints":{"allow":["GET"]}}],"collection":[{"href":"https:\/\/vegabaja.gov.pr\/vb\/wp-json\/wp\/v2\/pages"}],"about":[{"href":"https:\/\/vegabaja.gov.pr\/vb\/wp-json\/wp\/v2\/types\/page"}],"author":[{"embeddable":true,"href":"https:\/\/vegabaja.gov.pr\/vb\/wp-json\/wp\/v2\/users\/1"}],"replies":[{"embeddable":true,"href":"https:\/\/vegabaja.gov.pr\/vb\/wp-json\/wp\/v2\/comments?post=8426"}],"version-history":[{"count":13,"href":"https:\/\/vegabaja.gov.pr\/vb\/wp-json\/wp\/v2\/pages\/8426\/revisions"}],"predecessor-version":[{"id":9000,"href":"https:\/\/vegabaja.gov.pr\/vb\/wp-json\/wp\/v2\/pages\/8426\/revisions\/9000"}],"wp:attachment":[{"href":"https:\/\/vegabaja.gov.pr\/vb\/wp-json\/wp\/v2\/media?parent=8426"}],"curies":[{"name":"wp","href":"https:\/\/api.w.org\/{rel}","templated":true}]}}