{"id":8532,"date":"2024-06-21T18:08:14","date_gmt":"2024-06-21T18:08:14","guid":{"rendered":"https:\/\/vegabaja.gov.pr\/vb\/?page_id=8532"},"modified":"2025-11-13T14:50:06","modified_gmt":"2025-11-13T14:50:06","slug":"salud-ambiental-y-transportacion","status":"publish","type":"page","link":"https:\/\/vegabaja.gov.pr\/vb\/salud-ambiental-y-transportacion\/","title":{"rendered":"Secretar\u00eda Salud Ambiental y Transportaci\u00f3n"},"content":{"rendered":"\t\t<div data-elementor-type=\"wp-page\" data-elementor-id=\"8532\" class=\"elementor elementor-8532\">\n\t\t\t\t<div class=\"elementor-element elementor-element-41438f5 e-flex e-con-boxed e-con e-parent\" data-id=\"41438f5\" data-element_type=\"container\">\n\t\t\t\t\t<div class=\"e-con-inner\">\n\t\t\t\t<div class=\"elementor-element elementor-element-5f95bd5 elementor-widget elementor-widget-heading\" data-id=\"5f95bd5\" data-element_type=\"widget\" data-widget_type=\"heading.default\">\n\t\t\t\t<div class=\"elementor-widget-container\">\n\t\t\t<h2 class=\"elementor-heading-title elementor-size-default\">Secretar\u00eda de Salud Ambiental<\/h2>\t\t<\/div>\n\t\t\t\t<\/div>\n\t\t\t\t\t<\/div>\n\t\t\t\t<\/div>\n\t\t<div class=\"elementor-element elementor-element-a5907dc e-flex e-con-boxed e-con e-parent\" data-id=\"a5907dc\" data-element_type=\"container\">\n\t\t\t\t\t<div class=\"e-con-inner\">\n\t\t<div class=\"elementor-element elementor-element-c612dae e-con-full e-flex e-con e-child\" data-id=\"c612dae\" data-element_type=\"container\">\n\t\t\t\t<div class=\"elementor-element elementor-element-6280216 elementor-widget elementor-widget-image\" data-id=\"6280216\" data-element_type=\"widget\" data-widget_type=\"image.default\">\n\t\t\t\t<div class=\"elementor-widget-container\">\n\t\t\t\t\t\t\t\t\t\t\t\t\t<img fetchpriority=\"high\" decoding=\"async\" width=\"1024\" height=\"579\" src=\"https:\/\/vegabaja.gov.pr\/vb\/wp-content\/uploads\/2024\/05\/Logo_Secretaria_Salud_Ambiental-1.png\" class=\"attachment-large size-large wp-image-8131\" alt=\"\" \/>\t\t\t\t\t\t\t\t\t\t\t\t\t<\/div>\n\t\t\t\t<\/div>\n\t\t\t\t<\/div>\n\t\t<div class=\"elementor-element elementor-element-9ca9b7f e-con-full e-flex e-con e-child\" data-id=\"9ca9b7f\" data-element_type=\"container\">\n\t\t\t\t<div class=\"elementor-element elementor-element-1962be2 elementor-widget elementor-widget-text-editor\" data-id=\"1962be2\" data-element_type=\"widget\" data-widget_type=\"text-editor.default\">\n\t\t\t\t<div class=\"elementor-widget-container\">\n\t\t\t\t\t\t\t<p>En la Secretar\u00eda de Salud Ambiental y Transportaci\u00f3n atendemos las voces de la comunidad, protegiendo el medio ambiente y elevando la calidad de vida a trav\u00e9s de servicios honestos y transparentes que promulgan la salud ambiental del municipio de Vega Baja. \u00a0<\/p><p>\u00a0<\/p><p><strong>Contacto:\u00a0<\/strong><\/p><p>\u00a0<\/p><p>787-855-2500 ext. 3521<\/p><p>ambiente@vegabaja.gov.pr<\/p>\t\t\t\t\t\t<\/div>\n\t\t\t\t<\/div>\n\t\t\t\t<\/div>\n\t\t\t\t\t<\/div>\n\t\t\t\t<\/div>\n\t\t<div class=\"elementor-element elementor-element-20c1235 e-flex e-con-boxed e-con e-parent\" data-id=\"20c1235\" data-element_type=\"container\">\n\t\t\t\t\t<div class=\"e-con-inner\">\n\t\t<div class=\"elementor-element elementor-element-09ce23d e-con-full e-flex e-con e-child\" data-id=\"09ce23d\" data-element_type=\"container\">\n\t\t\t\t<div class=\"elementor-element elementor-element-3b06bd9 elementor-widget elementor-widget-text-editor\" data-id=\"3b06bd9\" data-element_type=\"widget\" data-widget_type=\"text-editor.default\">\n\t\t\t\t<div class=\"elementor-widget-container\">\n\t\t\t\t\t\t\t<p><strong>Ofrecemos los siguientes servicios:<\/strong><\/p><ul><li>Mantenimiento de \u00c1reas Verdes<\/li><li>Recogido de Escombros<\/li><li>Programa de Reciclaje<\/li><li>Servicio S\u00e9ptico<\/li><li>Limpieza del Sistema Pluvial<\/li><li>Investigaci\u00f3n de Querellas de Ambientales<\/li><li>Charlas Educativas de Bienestar Animal<\/li><li>Embellecimiento del Casco Urbano<\/li><li>Administraci\u00f3n de Cementerios<\/li><\/ul>\t\t\t\t\t\t<\/div>\n\t\t\t\t<\/div>\n\t\t\t\t<\/div>\n\t\t<div class=\"elementor-element elementor-element-711037b e-con-full e-flex e-con e-child\" data-id=\"711037b\" data-element_type=\"container\">\n\t\t\t\t<div class=\"elementor-element elementor-element-7af8546 elementor-widget elementor-widget-image\" data-id=\"7af8546\" data-element_type=\"widget\" data-widget_type=\"image.default\">\n\t\t\t\t<div class=\"elementor-widget-container\">\n\t\t\t\t\t\t\t\t\t\t\t\t\t<img decoding=\"async\" width=\"1024\" height=\"768\" src=\"https:\/\/vegabaja.gov.pr\/vb\/wp-content\/uploads\/2024\/06\/420963389_775688094591411_4420925970016675094_n.jpg\" class=\"attachment-large size-large wp-image-8333\" alt=\"\" \/>\t\t\t\t\t\t\t\t\t\t\t\t\t<\/div>\n\t\t\t\t<\/div>\n\t\t\t\t<\/div>\n\t\t\t\t\t<\/div>\n\t\t\t\t<\/div>\n\t\t<div class=\"elementor-element elementor-element-563e01d e-flex e-con-boxed e-con e-parent\" data-id=\"563e01d\" data-element_type=\"container\">\n\t\t\t\t\t<div class=\"e-con-inner\">\n\t\t\t\t<div class=\"elementor-element elementor-element-6fe1cb1 elementor-widget elementor-widget-heading\" data-id=\"6fe1cb1\" data-element_type=\"widget\" data-widget_type=\"heading.default\">\n\t\t\t\t<div class=\"elementor-widget-container\">\n\t\t\t<h3 class=\"elementor-heading-title elementor-size-default\">Calendario de Recogido de Escombros - Semana 28 de abril<\/h3>\t\t<\/div>\n\t\t\t\t<\/div>\n\t\t\t\t\t<\/div>\n\t\t\t\t<\/div>\n\t\t<div class=\"elementor-element elementor-element-38dd44e e-flex e-con-boxed e-con e-parent\" data-id=\"38dd44e\" data-element_type=\"container\">\n\t\t\t\t\t<div class=\"e-con-inner\">\n\t\t\t\t<div class=\"elementor-element elementor-element-04c33c6 elementor-widget elementor-widget-image-gallery\" data-id=\"04c33c6\" data-element_type=\"widget\" data-widget_type=\"image-gallery.default\">\n\t\t\t\t<div class=\"elementor-widget-container\">\n\t\t\t\t\t<div class=\"elementor-image-gallery\">\n\t\t\t\n\t\t<style type=\"text\/css\">\n\t\t\t#gallery-1 {\n\t\t\t\tmargin: auto;\n\t\t\t}\n\t\t\t#gallery-1 .gallery-item {\n\t\t\t\tfloat: left;\n\t\t\t\tmargin-top: 10px;\n\t\t\t\ttext-align: center;\n\t\t\t\twidth: 25%;\n\t\t\t}\n\t\t\t#gallery-1 img {\n\t\t\t\tborder: 2px solid #cfcfcf;\n\t\t\t}\n\t\t\t#gallery-1 .gallery-caption {\n\t\t\t\tmargin-left: 0;\n\t\t\t}\n\t\t\t\/* see gallery_shortcode() in wp-includes\/media.php *\/\n\t\t<\/style>\n\t\t<div id='gallery-1' class='gallery galleryid-8532 gallery-columns-4 gallery-size-medium_large'><dl class='gallery-item'>\n\t\t\t<dt class='gallery-icon portrait'>\n\t\t\t\t<a data-elementor-open-lightbox=\"yes\" data-elementor-lightbox-slideshow=\"04c33c6\" data-elementor-lightbox-title=\"515474155_1178127817680768_4390479702076762656_n-2\" data-e-action-hash=\"#elementor-action%3Aaction%3Dlightbox%26settings%3DeyJpZCI6OTkzMiwidXJsIjoiaHR0cHM6XC9cL3ZlZ2FiYWphLmdvdi5wclwvdmJcL3dwLWNvbnRlbnRcL3VwbG9hZHNcLzIwMjVcLzExXC81MTU0NzQxNTVfMTE3ODEyNzgxNzY4MDc2OF80MzkwNDc5NzAyMDc2NzYyNjU2X24tMi5qcGciLCJzbGlkZXNob3ciOiIwNGMzM2M2In0%3D\" href='https:\/\/vegabaja.gov.pr\/vb\/wp-content\/uploads\/2025\/11\/515474155_1178127817680768_4390479702076762656_n-2.jpg'><img decoding=\"async\" width=\"768\" height=\"1187\" src=\"https:\/\/vegabaja.gov.pr\/vb\/wp-content\/uploads\/2025\/11\/515474155_1178127817680768_4390479702076762656_n-2.jpg\" class=\"attachment-medium_large size-medium_large\" alt=\"\" aria-describedby=\"gallery-1-9932\" \/><\/a>\n\t\t\t<\/dt>\n\t\t\t\t<dd class='wp-caption-text gallery-caption' id='gallery-1-9932'>\n\t\t\t\tCOMUNIDADES\n\t\t\t\t<\/dd><\/dl><dl class='gallery-item'>\n\t\t\t<dt class='gallery-icon portrait'>\n\t\t\t\t<a data-elementor-open-lightbox=\"yes\" data-elementor-lightbox-slideshow=\"04c33c6\" data-elementor-lightbox-title=\"528648372_1178774870949396_8378179403975003744_n\" data-e-action-hash=\"#elementor-action%3Aaction%3Dlightbox%26settings%3DeyJpZCI6OTkzMywidXJsIjoiaHR0cHM6XC9cL3ZlZ2FiYWphLmdvdi5wclwvdmJcL3dwLWNvbnRlbnRcL3VwbG9hZHNcLzIwMjVcLzExXC81Mjg2NDgzNzJfMTE3ODc3NDg3MDk0OTM5Nl84Mzc4MTc5NDAzOTc1MDAzNzQ0X24uanBnIiwic2xpZGVzaG93IjoiMDRjMzNjNiJ9\" href='https:\/\/vegabaja.gov.pr\/vb\/wp-content\/uploads\/2025\/11\/528648372_1178774870949396_8378179403975003744_n.jpg'><img loading=\"lazy\" decoding=\"async\" width=\"768\" height=\"1186\" src=\"https:\/\/vegabaja.gov.pr\/vb\/wp-content\/uploads\/2025\/11\/528648372_1178774870949396_8378179403975003744_n.jpg\" class=\"attachment-medium_large size-medium_large\" alt=\"\" aria-describedby=\"gallery-1-9933\" \/><\/a>\n\t\t\t<\/dt>\n\t\t\t\t<dd class='wp-caption-text gallery-caption' id='gallery-1-9933'>\n\t\t\t\tURBANIZACIONES\n\t\t\t\t<\/dd><\/dl>\n\t\t\t<br style='clear: both' \/>\n\t\t<\/div>\n\t\t<\/div>\n\t\t\t\t<\/div>\n\t\t\t\t<\/div>\n\t\t\t\t\t<\/div>\n\t\t\t\t<\/div>\n\t\t<footer class=\"elementor-element elementor-element-aee050e e-con-full e-flex e-con e-parent\" data-id=\"aee050e\" data-element_type=\"container\">\n\t\t<div class=\"elementor-element elementor-element-835527a e-con-full e-flex e-con e-child\" data-id=\"835527a\" data-element_type=\"container\">\n\t\t\t\t<div class=\"elementor-element elementor-element-ae95b30 elementor-widget elementor-widget-image\" data-id=\"ae95b30\" data-element_type=\"widget\" data-widget_type=\"image.default\">\n\t\t\t\t<div class=\"elementor-widget-container\">\n\t\t\t\t\t\t\t\t\t\t\t\t\t<img loading=\"lazy\" decoding=\"async\" width=\"3300\" height=\"1800\" src=\"https:\/\/vegabaja.gov.pr\/vb\/wp-content\/uploads\/2024\/07\/LOGO-VB-2024-02.png\" class=\"attachment-full size-full wp-image-8594\" alt=\"\" \/>\t\t\t\t\t\t\t\t\t\t\t\t\t<\/div>\n\t\t\t\t<\/div>\n\t\t\t\t<\/div>\n\t\t<div class=\"elementor-element elementor-element-74b418b e-con-full e-flex e-con e-child\" data-id=\"74b418b\" data-element_type=\"container\">\n\t\t\t\t<div class=\"elementor-element elementor-element-13e6239 elementor-icon-list--layout-inline elementor-tablet-align-center elementor-align-center elementor-list-item-link-full_width elementor-widget elementor-widget-icon-list\" data-id=\"13e6239\" data-element_type=\"widget\" data-widget_type=\"icon-list.default\">\n\t\t\t\t<div class=\"elementor-widget-container\">\n\t\t\t\t\t<ul class=\"elementor-icon-list-items elementor-inline-items\">\n\t\t\t\t\t\t\t<li class=\"elementor-icon-list-item elementor-inline-item\">\n\t\t\t\t\t\t\t\t\t\t\t<span class=\"elementor-icon-list-icon\">\n\t\t\t\t\t\t\t<svg aria-hidden=\"true\" class=\"e-font-icon-svg e-fas-phone-alt\" viewBox=\"0 0 512 512\" xmlns=\"http:\/\/www.w3.org\/2000\/svg\"><path d=\"M497.39 361.8l-112-48a24 24 0 0 0-28 6.9l-49.6 60.6A370.66 370.66 0 0 1 130.6 204.11l60.6-49.6a23.94 23.94 0 0 0 6.9-28l-48-112A24.16 24.16 0 0 0 122.6.61l-104 24A24 24 0 0 0 0 48c0 256.5 207.9 464 464 464a24 24 0 0 0 23.4-18.6l24-104a24.29 24.29 0 0 0-14.01-27.6z\"><\/path><\/svg>\t\t\t\t\t\t<\/span>\n\t\t\t\t\t\t\t\t\t\t<span class=\"elementor-icon-list-text\">787-855-2500<\/span>\n\t\t\t\t\t\t\t\t\t<\/li>\n\t\t\t\t\t\t\t\t<li class=\"elementor-icon-list-item elementor-inline-item\">\n\t\t\t\t\t\t\t\t\t\t\t<span class=\"elementor-icon-list-icon\">\n\t\t\t\t\t\t\t<svg aria-hidden=\"true\" class=\"e-font-icon-svg e-fas-city\" viewBox=\"0 0 640 512\" xmlns=\"http:\/\/www.w3.org\/2000\/svg\"><path d=\"M616 192H480V24c0-13.26-10.74-24-24-24H312c-13.26 0-24 10.74-24 24v72h-64V16c0-8.84-7.16-16-16-16h-16c-8.84 0-16 7.16-16 16v80h-64V16c0-8.84-7.16-16-16-16H80c-8.84 0-16 7.16-16 16v80H24c-13.26 0-24 10.74-24 24v360c0 17.67 14.33 32 32 32h576c17.67 0 32-14.33 32-32V216c0-13.26-10.75-24-24-24zM128 404c0 6.63-5.37 12-12 12H76c-6.63 0-12-5.37-12-12v-40c0-6.63 5.37-12 12-12h40c6.63 0 12 5.37 12 12v40zm0-96c0 6.63-5.37 12-12 12H76c-6.63 0-12-5.37-12-12v-40c0-6.63 5.37-12 12-12h40c6.63 0 12 5.37 12 12v40zm0-96c0 6.63-5.37 12-12 12H76c-6.63 0-12-5.37-12-12v-40c0-6.63 5.37-12 12-12h40c6.63 0 12 5.37 12 12v40zm128 192c0 6.63-5.37 12-12 12h-40c-6.63 0-12-5.37-12-12v-40c0-6.63 5.37-12 12-12h40c6.63 0 12 5.37 12 12v40zm0-96c0 6.63-5.37 12-12 12h-40c-6.63 0-12-5.37-12-12v-40c0-6.63 5.37-12 12-12h40c6.63 0 12 5.37 12 12v40zm0-96c0 6.63-5.37 12-12 12h-40c-6.63 0-12-5.37-12-12v-40c0-6.63 5.37-12 12-12h40c6.63 0 12 5.37 12 12v40zm160 96c0 6.63-5.37 12-12 12h-40c-6.63 0-12-5.37-12-12v-40c0-6.63 5.37-12 12-12h40c6.63 0 12 5.37 12 12v40zm0-96c0 6.63-5.37 12-12 12h-40c-6.63 0-12-5.37-12-12v-40c0-6.63 5.37-12 12-12h40c6.63 0 12 5.37 12 12v40zm0-96c0 6.63-5.37 12-12 12h-40c-6.63 0-12-5.37-12-12V76c0-6.63 5.37-12 12-12h40c6.63 0 12 5.37 12 12v40zm160 288c0 6.63-5.37 12-12 12h-40c-6.63 0-12-5.37-12-12v-40c0-6.63 5.37-12 12-12h40c6.63 0 12 5.37 12 12v40zm0-96c0 6.63-5.37 12-12 12h-40c-6.63 0-12-5.37-12-12v-40c0-6.63 5.37-12 12-12h40c6.63 0 12 5.37 12 12v40z\"><\/path><\/svg>\t\t\t\t\t\t<\/span>\n\t\t\t\t\t\t\t\t\t\t<span class=\"elementor-icon-list-text\">Vega Baja, PR<\/span>\n\t\t\t\t\t\t\t\t\t<\/li>\n\t\t\t\t\t\t\t\t<li class=\"elementor-icon-list-item elementor-inline-item\">\n\t\t\t\t\t\t\t\t\t\t\t<span class=\"elementor-icon-list-icon\">\n\t\t\t\t\t\t\t<svg aria-hidden=\"true\" class=\"e-font-icon-svg e-far-clock\" viewBox=\"0 0 512 512\" xmlns=\"http:\/\/www.w3.org\/2000\/svg\"><path d=\"M256 8C119 8 8 119 8 256s111 248 248 248 248-111 248-248S393 8 256 8zm0 448c-110.5 0-200-89.5-200-200S145.5 56 256 56s200 89.5 200 200-89.5 200-200 200zm61.8-104.4l-84.9-61.7c-3.1-2.3-4.9-5.9-4.9-9.7V116c0-6.6 5.4-12 12-12h32c6.6 0 12 5.4 12 12v141.7l66.8 48.6c5.4 3.9 6.5 11.4 2.6 16.8L334.6 349c-3.9 5.3-11.4 6.5-16.8 2.6z\"><\/path><\/svg>\t\t\t\t\t\t<\/span>\n\t\t\t\t\t\t\t\t\t\t<span class=\"elementor-icon-list-text\">7:30 AM - 4:30 PM<\/span>\n\t\t\t\t\t\t\t\t\t<\/li>\n\t\t\t\t\t\t<\/ul>\n\t\t\t\t<\/div>\n\t\t\t\t<\/div>\n\t\t\t\t<\/div>\n\t\t<div class=\"elementor-element elementor-element-768c102 e-con-full e-flex e-con e-child\" data-id=\"768c102\" data-element_type=\"container\">\n\t\t\t\t<\/div>\n\t\t\t\t<\/footer>\n\t\t\t\t<\/div>\n\t\t","protected":false},"excerpt":{"rendered":"<p>Secretar\u00eda de Salud Ambiental En la Secretar\u00eda de Salud Ambiental y Transportaci\u00f3n atendemos las voces de la comunidad, protegiendo el medio ambiente y elevando la calidad de vida a trav\u00e9s de servicios honestos y transparentes que promulgan la salud ambiental del municipio de Vega Baja. \u00a0 \u00a0 Contacto:\u00a0 \u00a0 787-855-2500 ext. 3521 ambiente@vegabaja.gov.pr Ofrecemos los [&hellip;]<\/p>\n","protected":false},"author":1,"featured_media":0,"parent":0,"menu_order":0,"comment_status":"closed","ping_status":"closed","template":"","meta":{"footnotes":""},"class_list":["post-8532","page","type-page","status-publish","hentry"],"_links":{"self":[{"href":"https:\/\/vegabaja.gov.pr\/vb\/wp-json\/wp\/v2\/pages\/8532","targetHints":{"allow":["GET"]}}],"collection":[{"href":"https:\/\/vegabaja.gov.pr\/vb\/wp-json\/wp\/v2\/pages"}],"about":[{"href":"https:\/\/vegabaja.gov.pr\/vb\/wp-json\/wp\/v2\/types\/page"}],"author":[{"embeddable":true,"href":"https:\/\/vegabaja.gov.pr\/vb\/wp-json\/wp\/v2\/users\/1"}],"replies":[{"embeddable":true,"href":"https:\/\/vegabaja.gov.pr\/vb\/wp-json\/wp\/v2\/comments?post=8532"}],"version-history":[{"count":59,"href":"https:\/\/vegabaja.gov.pr\/vb\/wp-json\/wp\/v2\/pages\/8532\/revisions"}],"predecessor-version":[{"id":9937,"href":"https:\/\/vegabaja.gov.pr\/vb\/wp-json\/wp\/v2\/pages\/8532\/revisions\/9937"}],"wp:attachment":[{"href":"https:\/\/vegabaja.gov.pr\/vb\/wp-json\/wp\/v2\/media?parent=8532"}],"curies":[{"name":"wp","href":"https:\/\/api.w.org\/{rel}","templated":true}]}}