{"id":8554,"date":"2024-07-12T11:56:37","date_gmt":"2024-07-12T11:56:37","guid":{"rendered":"https:\/\/vegabaja.gov.pr\/vb\/?page_id=8554"},"modified":"2025-03-05T18:45:36","modified_gmt":"2025-03-05T18:45:36","slug":"secretaria-de-desarrollo-economico","status":"publish","type":"page","link":"https:\/\/vegabaja.gov.pr\/vb\/secretaria-de-desarrollo-economico\/","title":{"rendered":"Secretar\u00eda de Desarrollo Econ\u00f3mico"},"content":{"rendered":"\t\t<div data-elementor-type=\"wp-page\" data-elementor-id=\"8554\" class=\"elementor elementor-8554\">\n\t\t\t\t<div class=\"elementor-element elementor-element-e4e9254 e-flex e-con-boxed e-con e-parent\" data-id=\"e4e9254\" data-element_type=\"container\">\n\t\t\t\t\t<div class=\"e-con-inner\">\n\t\t\t\t<div class=\"elementor-element elementor-element-a60e226 elementor-widget elementor-widget-heading\" data-id=\"a60e226\" data-element_type=\"widget\" data-widget_type=\"heading.default\">\n\t\t\t\t<div class=\"elementor-widget-container\">\n\t\t\t<h2 class=\"elementor-heading-title elementor-size-default\">SECRETAR\u00cdA DE DESARROLLO ECON\u00d3MICO<\/h2>\t\t<\/div>\n\t\t\t\t<\/div>\n\t\t\t\t\t<\/div>\n\t\t\t\t<\/div>\n\t\t<div class=\"elementor-element elementor-element-26a194d e-flex e-con-boxed e-con e-parent\" data-id=\"26a194d\" data-element_type=\"container\">\n\t\t\t\t\t<div class=\"e-con-inner\">\n\t\t<div class=\"elementor-element elementor-element-bb3089b e-con-full e-flex e-con e-child\" data-id=\"bb3089b\" data-element_type=\"container\" data-settings=\"{&quot;background_background&quot;:&quot;classic&quot;}\">\n\t\t<div class=\"elementor-element elementor-element-7ccbd108 e-con-full e-flex e-con e-child\" data-id=\"7ccbd108\" data-element_type=\"container\">\n\t\t\t\t<div class=\"elementor-element elementor-element-144056e3 elementor-widget elementor-widget-image\" data-id=\"144056e3\" data-element_type=\"widget\" data-widget_type=\"image.default\">\n\t\t\t\t<div class=\"elementor-widget-container\">\n\t\t\t\t\t\t\t\t\t\t\t\t\t<img fetchpriority=\"high\" decoding=\"async\" width=\"1024\" height=\"443\" src=\"https:\/\/vegabaja.gov.pr\/vb\/wp-content\/uploads\/2024\/01\/Logo-Desarrollo-Econo\u0301mico.png\" class=\"attachment-large size-large wp-image-2084\" alt=\"\" \/>\t\t\t\t\t\t\t\t\t\t\t\t\t<\/div>\n\t\t\t\t<\/div>\n\t\t\t\t<\/div>\n\t\t<div class=\"elementor-element elementor-element-abb795d e-con-full e-flex e-con e-child\" data-id=\"abb795d\" data-element_type=\"container\">\n\t\t\t\t<div class=\"elementor-element elementor-element-1a91323c divider_yes elementor-widget elementor-widget-wgl-double-headings\" data-id=\"1a91323c\" data-element_type=\"widget\" data-widget_type=\"wgl-double-headings.default\">\n\t\t\t\t<div class=\"elementor-widget-container\">\n\t\t\t<div class=\"wgl-double_heading aleft\">                <h3 class=\"dbl-title_wrapper\"><span class=\"dbl-title dbl-title_1\">MISI\u00d3N<\/span>                 <\/h3>        <\/div>\t\t<\/div>\n\t\t\t\t<\/div>\n\t\t\t\t<div class=\"elementor-element elementor-element-3cf542d elementor-widget elementor-widget-text-editor\" data-id=\"3cf542d\" data-element_type=\"widget\" data-widget_type=\"text-editor.default\">\n\t\t\t\t<div class=\"elementor-widget-container\">\n\t\t\t\t\t\t\t<p style=\"font-weight: 400;\"><span>Ser la oficina enlace y aliado de todo empresario y\/o comercio que desee desarrollar su negocio en nuestra ciudad de Vega Baja.<\/span><\/p>\t\t\t\t\t\t<\/div>\n\t\t\t\t<\/div>\n\t\t\t\t<div class=\"elementor-element elementor-element-3c0a904 divider_yes elementor-widget elementor-widget-wgl-double-headings\" data-id=\"3c0a904\" data-element_type=\"widget\" data-widget_type=\"wgl-double-headings.default\">\n\t\t\t\t<div class=\"elementor-widget-container\">\n\t\t\t<div class=\"wgl-double_heading aleft\">                <h3 class=\"dbl-title_wrapper\"><span class=\"dbl-title dbl-title_1\">VISI\u00d3N<\/span>                 <\/h3>        <\/div>\t\t<\/div>\n\t\t\t\t<\/div>\n\t\t\t\t<div class=\"elementor-element elementor-element-42e492f5 elementor-widget elementor-widget-text-editor\" data-id=\"42e492f5\" data-element_type=\"widget\" data-widget_type=\"text-editor.default\">\n\t\t\t\t<div class=\"elementor-widget-container\">\n\t\t\t\t\t\t\t<p style=\"font-weight: 400;\"><span>Convertirnos en el lugar id\u00f3neo para toda idea de negocio e inversi\u00f3n que permita un desarrollo econ\u00f3mico sostenido en nuestra ciudad.<\/span><\/p>\t\t\t\t\t\t<\/div>\n\t\t\t\t<\/div>\n\t\t\t\t<\/div>\n\t\t\t\t<\/div>\n\t\t\t\t\t<\/div>\n\t\t\t\t<\/div>\n\t\t<div class=\"elementor-element elementor-element-3d079439 e-flex e-con-boxed e-con e-parent\" data-id=\"3d079439\" data-element_type=\"container\">\n\t\t\t\t\t<div class=\"e-con-inner\">\n\t\t\t\t<div class=\"elementor-element elementor-element-22107f2f elementor-widget elementor-widget-heading\" data-id=\"22107f2f\" data-element_type=\"widget\" data-widget_type=\"heading.default\">\n\t\t\t\t<div class=\"elementor-widget-container\">\n\t\t\t<h2 class=\"elementor-heading-title elementor-size-default\">SERVICIOS <\/h2>\t\t<\/div>\n\t\t\t\t<\/div>\n\t\t\t\t<div class=\"elementor-element elementor-element-2447b7a4 elementor-widget elementor-widget-text-editor\" data-id=\"2447b7a4\" data-element_type=\"widget\" data-widget_type=\"text-editor.default\">\n\t\t\t\t<div class=\"elementor-widget-container\">\n\t\t\t\t\t\t\t<p style=\"font-weight: 400;\">\u2043\u00a0\u00a0\u00a0\u00a0\u00a0\u00a0\u00a0Asistencia al comerciante en la b\u00fasqueda de ayudas econ\u00f3micas y financieras (pr\u00e9stamos e incentivos).<\/p><p style=\"font-weight: 400;\">\u2043\u00a0\u00a0\u00a0\u00a0\u00a0\u00a0\u00a0Se capacita a los comerciantes con talleres, orientaciones y conocimientos para el buen funcionamiento de su negocio. Se llevan a cabo ferias con diferentes organizaciones especializados en el tema de desarrollo econ\u00f3mico.\u00a0<\/p><p style=\"font-weight: 400;\">\u2043\u00a0\u00a0\u00a0\u00a0\u00a0\u00a0\u00a0Investigaci\u00f3n de negocios ambulantes.<\/p><p style=\"font-weight: 400;\">\u2043\u00a0\u00a0\u00a0\u00a0\u00a0\u00a0\u00a0Investigaci\u00f3n de devoluci\u00f3n de fianzas y arbitrios de construcci\u00f3n.\u00a0<\/p>\t\t\t\t\t\t<\/div>\n\t\t\t\t<\/div>\n\t\t\t\t\t<\/div>\n\t\t\t\t<\/div>\n\t\t<div class=\"elementor-element elementor-element-3fceb52 e-flex e-con-boxed e-con e-parent\" data-id=\"3fceb52\" data-element_type=\"container\">\n\t\t\t\t\t<div class=\"e-con-inner\">\n\t\t\t\t<div class=\"elementor-element elementor-element-971f2dd elementor-widget elementor-widget-heading\" data-id=\"971f2dd\" data-element_type=\"widget\" data-widget_type=\"heading.default\">\n\t\t\t\t<div class=\"elementor-widget-container\">\n\t\t\t<h2 class=\"elementor-heading-title elementor-size-default\">Promoci\u00f3n de Negocios<\/h2>\t\t<\/div>\n\t\t\t\t<\/div>\n\t\t\t\t<div class=\"elementor-element elementor-element-f1c71cb elementor-widget elementor-widget-text-editor\" data-id=\"f1c71cb\" data-element_type=\"widget\" data-widget_type=\"text-editor.default\">\n\t\t\t\t<div class=\"elementor-widget-container\">\n\t\t\t\t\t\t\t<p><span lang=\"ES\">&#8211;<span>\u00a0\u00a0\u00a0\u00a0\u00a0\u00a0\u00a0<\/span><\/span><b><span lang=\"ES\">Vega Baja Te Informa (Facebook e Instagram) \u2013\u00a0<\/span><\/b><span lang=\"ES\">Red Social del Municipio de Vega Baja<b><u><\/u><u><\/u><\/b><\/span><\/p><p><span lang=\"ES\">&#8211;<span>\u00a0\u00a0\u00a0\u00a0\u00a0\u00a0\u00a0<\/span><\/span><b><span lang=\"ES\">Revista Comercios Vega Baja<u><\/u><u><\/u><\/span><\/b><\/p><p><span lang=\"ES\">&#8211;<span>\u00a0\u00a0\u00a0\u00a0\u00a0\u00a0\u00a0<\/span><\/span><b><span lang=\"ES\">Feria de Empresarios de Vega Baja<u><\/u><u><\/u><\/span><\/b><\/p><p><span lang=\"ES\">&#8211;<span>\u00a0\u00a0\u00a0\u00a0\u00a0\u00a0\u00a0<\/span><\/span><b><span lang=\"ES\">Tu Camino Empresarial en Vega Baja<u><\/u><u><\/u><\/span><\/b><\/p><p><span lang=\"ES\">&#8211;<span>\u00a0\u00a0\u00a0\u00a0\u00a0\u00a0\u00a0<\/span><\/span><b><span lang=\"ES\">Vega Baja Renace en el Casco Urbano<\/span><\/b><span lang=\"ES\">\u00a0\u2013 Programa de incentivos para los negocios en el casco urbano.<\/span><\/p>\t\t\t\t\t\t<\/div>\n\t\t\t\t<\/div>\n\t\t\t\t\t<\/div>\n\t\t\t\t<\/div>\n\t\t<div class=\"elementor-element elementor-element-8b06dec e-flex e-con-boxed e-con e-parent\" data-id=\"8b06dec\" data-element_type=\"container\">\n\t\t\t\t\t<div class=\"e-con-inner\">\n\t\t\t\t<div class=\"elementor-element elementor-element-d9aa00c elementor-widget elementor-widget-heading\" data-id=\"d9aa00c\" data-element_type=\"widget\" data-widget_type=\"heading.default\">\n\t\t\t\t<div class=\"elementor-widget-container\">\n\t\t\t<h2 class=\"elementor-heading-title elementor-size-default\">RESPALDA LO NUESTRO<\/h2>\t\t<\/div>\n\t\t\t\t<\/div>\n\t\t\t\t\t<\/div>\n\t\t\t\t<\/div>\n\t\t<div class=\"elementor-element elementor-element-31ae7df e-flex e-con-boxed e-con e-parent\" data-id=\"31ae7df\" data-element_type=\"container\">\n\t\t\t\t\t<div class=\"e-con-inner\">\n\t\t\t\t<div class=\"elementor-element elementor-element-2cecacc elementor-pagination-position-outside elementor-widget elementor-widget-image-carousel\" data-id=\"2cecacc\" data-element_type=\"widget\" data-settings=\"{&quot;navigation&quot;:&quot;dots&quot;,&quot;autoplay&quot;:&quot;yes&quot;,&quot;pause_on_hover&quot;:&quot;yes&quot;,&quot;pause_on_interaction&quot;:&quot;yes&quot;,&quot;autoplay_speed&quot;:5000,&quot;infinite&quot;:&quot;yes&quot;,&quot;speed&quot;:500}\" data-widget_type=\"image-carousel.default\">\n\t\t\t\t<div class=\"elementor-widget-container\">\n\t\t\t\t\t<div class=\"elementor-image-carousel-wrapper swiper\" dir=\"ltr\">\n\t\t\t<div class=\"elementor-image-carousel swiper-wrapper\" aria-live=\"off\">\n\t\t\t\t\t\t\t\t<div class=\"swiper-slide\" role=\"group\" aria-roledescription=\"slide\" aria-label=\"1 of 10\"><figure class=\"swiper-slide-inner\"><img decoding=\"async\" class=\"swiper-slide-image\" src=\"https:\/\/vegabaja.gov.pr\/vb\/wp-content\/uploads\/2025\/03\/Promo-Negocios-VB-Home-Owners-25-feb-2025.jpg\" alt=\"Promo Negocios VB 2025\" \/><\/figure><\/div><div class=\"swiper-slide\" role=\"group\" aria-roledescription=\"slide\" aria-label=\"2 of 10\"><figure class=\"swiper-slide-inner\"><img decoding=\"async\" class=\"swiper-slide-image\" src=\"https:\/\/vegabaja.gov.pr\/vb\/wp-content\/uploads\/2025\/03\/Promo-Negocios-VB-Colmado-Bar-Las-Colinas-10-feb-2025.jpg\" alt=\"Promo Negocios VB 2025\" \/><\/figure><\/div><div class=\"swiper-slide\" role=\"group\" aria-roledescription=\"slide\" aria-label=\"3 of 10\"><figure class=\"swiper-slide-inner\"><img decoding=\"async\" class=\"swiper-slide-image\" src=\"https:\/\/vegabaja.gov.pr\/vb\/wp-content\/uploads\/2025\/03\/Promo-Negocios-VB-Farmacia-La-Asturiana-19-feb-2025.jpg\" alt=\"Promo Negocios VB 2025\" \/><\/figure><\/div><div class=\"swiper-slide\" role=\"group\" aria-roledescription=\"slide\" aria-label=\"4 of 10\"><figure class=\"swiper-slide-inner\"><img decoding=\"async\" class=\"swiper-slide-image\" src=\"https:\/\/vegabaja.gov.pr\/vb\/wp-content\/uploads\/2025\/03\/Promo-Negocios-VB-Gestoria-de-la-Montana-20-feb-2025.jpg\" alt=\"Promo Negocios VB 2025\" \/><\/figure><\/div><div class=\"swiper-slide\" role=\"group\" aria-roledescription=\"slide\" aria-label=\"5 of 10\"><figure class=\"swiper-slide-inner\"><img decoding=\"async\" class=\"swiper-slide-image\" src=\"https:\/\/vegabaja.gov.pr\/vb\/wp-content\/uploads\/2025\/02\/Promo-Negocios-VB-Panaderia-Denish-4-feb-2025.jpg\" alt=\"Promo Negocios VB 2025\" \/><\/figure><\/div><div class=\"swiper-slide\" role=\"group\" aria-roledescription=\"slide\" aria-label=\"6 of 10\"><figure class=\"swiper-slide-inner\"><img decoding=\"async\" class=\"swiper-slide-image\" src=\"https:\/\/vegabaja.gov.pr\/vb\/wp-content\/uploads\/2025\/03\/Promo-Negocios-VB-Moons-Burger-30-enero-2025.jpg\" alt=\"Promo Negocios VB 2025\" \/><\/figure><\/div><div class=\"swiper-slide\" role=\"group\" aria-roledescription=\"slide\" aria-label=\"7 of 10\"><figure class=\"swiper-slide-inner\"><img decoding=\"async\" class=\"swiper-slide-image\" src=\"https:\/\/vegabaja.gov.pr\/vb\/wp-content\/uploads\/2025\/03\/Promo-Negocios-VB-Smaili-Furniture-28-enero-2025.jpg\" alt=\"Promo Negocios VB 2025\" \/><\/figure><\/div><div class=\"swiper-slide\" role=\"group\" aria-roledescription=\"slide\" aria-label=\"8 of 10\"><figure class=\"swiper-slide-inner\"><img decoding=\"async\" class=\"swiper-slide-image\" src=\"https:\/\/vegabaja.gov.pr\/vb\/wp-content\/uploads\/2025\/03\/Promo-Negocios-VB-Tonka-Car-Wash-24-enero-2025.jpg\" alt=\"Promo Negocios VB 2025\" \/><\/figure><\/div><div class=\"swiper-slide\" role=\"group\" aria-roledescription=\"slide\" aria-label=\"9 of 10\"><figure class=\"swiper-slide-inner\"><img decoding=\"async\" class=\"swiper-slide-image\" src=\"https:\/\/vegabaja.gov.pr\/vb\/wp-content\/uploads\/2025\/03\/Promo-Mujeres-2025-Morena-Event-4-marzo-2025.jpg\" alt=\"Promo Negocios Mujeres 2025\" \/><\/figure><\/div><div class=\"swiper-slide\" role=\"group\" aria-roledescription=\"slide\" aria-label=\"10 of 10\"><figure class=\"swiper-slide-inner\"><img decoding=\"async\" class=\"swiper-slide-image\" src=\"https:\/\/vegabaja.gov.pr\/vb\/wp-content\/uploads\/2025\/03\/Promo-Mujeres-2025-Honey-Tattoo-Studio-5-marzo-2025.jpg\" alt=\"Promo Negocios Mujeres 2025\" \/><\/figure><\/div>\t\t\t<\/div>\n\t\t\t\t\t\t\t\n\t\t\t\t\t\t\t\t\t<div class=\"swiper-pagination\"><\/div>\n\t\t\t\t\t\t\t\t\t<\/div>\n\t\t\t\t<\/div>\n\t\t\t\t<\/div>\n\t\t\t\t\t<\/div>\n\t\t\t\t<\/div>\n\t\t<footer class=\"elementor-element elementor-element-2f70e582 e-con-full e-flex e-con e-parent\" data-id=\"2f70e582\" data-element_type=\"container\">\n\t\t<div class=\"elementor-element elementor-element-5c8db2f5 e-con-full e-flex e-con e-child\" data-id=\"5c8db2f5\" data-element_type=\"container\">\n\t\t\t\t<div class=\"elementor-element elementor-element-e4a2be3 elementor-widget elementor-widget-image\" data-id=\"e4a2be3\" data-element_type=\"widget\" data-widget_type=\"image.default\">\n\t\t\t\t<div class=\"elementor-widget-container\">\n\t\t\t\t\t\t\t\t\t\t\t\t\t<img decoding=\"async\" width=\"3300\" height=\"1800\" src=\"https:\/\/vegabaja.gov.pr\/vb\/wp-content\/uploads\/2024\/07\/LOGO-VB-2024-02.png\" class=\"attachment-full size-full wp-image-8594\" alt=\"\" \/>\t\t\t\t\t\t\t\t\t\t\t\t\t<\/div>\n\t\t\t\t<\/div>\n\t\t\t\t<\/div>\n\t\t<div class=\"elementor-element elementor-element-70f4824b e-con-full e-flex e-con e-child\" data-id=\"70f4824b\" data-element_type=\"container\">\n\t\t\t\t<div class=\"elementor-element elementor-element-485d225c elementor-icon-list--layout-inline elementor-tablet-align-center elementor-align-center elementor-list-item-link-full_width elementor-widget elementor-widget-icon-list\" data-id=\"485d225c\" data-element_type=\"widget\" data-widget_type=\"icon-list.default\">\n\t\t\t\t<div class=\"elementor-widget-container\">\n\t\t\t\t\t<ul class=\"elementor-icon-list-items elementor-inline-items\">\n\t\t\t\t\t\t\t<li class=\"elementor-icon-list-item elementor-inline-item\">\n\t\t\t\t\t\t\t\t\t\t\t<span class=\"elementor-icon-list-icon\">\n\t\t\t\t\t\t\t<svg aria-hidden=\"true\" class=\"e-font-icon-svg e-fas-phone-alt\" viewBox=\"0 0 512 512\" xmlns=\"http:\/\/www.w3.org\/2000\/svg\"><path d=\"M497.39 361.8l-112-48a24 24 0 0 0-28 6.9l-49.6 60.6A370.66 370.66 0 0 1 130.6 204.11l60.6-49.6a23.94 23.94 0 0 0 6.9-28l-48-112A24.16 24.16 0 0 0 122.6.61l-104 24A24 24 0 0 0 0 48c0 256.5 207.9 464 464 464a24 24 0 0 0 23.4-18.6l24-104a24.29 24.29 0 0 0-14.01-27.6z\"><\/path><\/svg>\t\t\t\t\t\t<\/span>\n\t\t\t\t\t\t\t\t\t\t<span class=\"elementor-icon-list-text\">787-855-2500 Ext. 3411<\/span>\n\t\t\t\t\t\t\t\t\t<\/li>\n\t\t\t\t\t\t\t\t<li class=\"elementor-icon-list-item elementor-inline-item\">\n\t\t\t\t\t\t\t\t\t\t\t<span class=\"elementor-icon-list-icon\">\n\t\t\t\t\t\t\t<svg aria-hidden=\"true\" class=\"e-font-icon-svg e-fas-city\" viewBox=\"0 0 640 512\" xmlns=\"http:\/\/www.w3.org\/2000\/svg\"><path d=\"M616 192H480V24c0-13.26-10.74-24-24-24H312c-13.26 0-24 10.74-24 24v72h-64V16c0-8.84-7.16-16-16-16h-16c-8.84 0-16 7.16-16 16v80h-64V16c0-8.84-7.16-16-16-16H80c-8.84 0-16 7.16-16 16v80H24c-13.26 0-24 10.74-24 24v360c0 17.67 14.33 32 32 32h576c17.67 0 32-14.33 32-32V216c0-13.26-10.75-24-24-24zM128 404c0 6.63-5.37 12-12 12H76c-6.63 0-12-5.37-12-12v-40c0-6.63 5.37-12 12-12h40c6.63 0 12 5.37 12 12v40zm0-96c0 6.63-5.37 12-12 12H76c-6.63 0-12-5.37-12-12v-40c0-6.63 5.37-12 12-12h40c6.63 0 12 5.37 12 12v40zm0-96c0 6.63-5.37 12-12 12H76c-6.63 0-12-5.37-12-12v-40c0-6.63 5.37-12 12-12h40c6.63 0 12 5.37 12 12v40zm128 192c0 6.63-5.37 12-12 12h-40c-6.63 0-12-5.37-12-12v-40c0-6.63 5.37-12 12-12h40c6.63 0 12 5.37 12 12v40zm0-96c0 6.63-5.37 12-12 12h-40c-6.63 0-12-5.37-12-12v-40c0-6.63 5.37-12 12-12h40c6.63 0 12 5.37 12 12v40zm0-96c0 6.63-5.37 12-12 12h-40c-6.63 0-12-5.37-12-12v-40c0-6.63 5.37-12 12-12h40c6.63 0 12 5.37 12 12v40zm160 96c0 6.63-5.37 12-12 12h-40c-6.63 0-12-5.37-12-12v-40c0-6.63 5.37-12 12-12h40c6.63 0 12 5.37 12 12v40zm0-96c0 6.63-5.37 12-12 12h-40c-6.63 0-12-5.37-12-12v-40c0-6.63 5.37-12 12-12h40c6.63 0 12 5.37 12 12v40zm0-96c0 6.63-5.37 12-12 12h-40c-6.63 0-12-5.37-12-12V76c0-6.63 5.37-12 12-12h40c6.63 0 12 5.37 12 12v40zm160 288c0 6.63-5.37 12-12 12h-40c-6.63 0-12-5.37-12-12v-40c0-6.63 5.37-12 12-12h40c6.63 0 12 5.37 12 12v40zm0-96c0 6.63-5.37 12-12 12h-40c-6.63 0-12-5.37-12-12v-40c0-6.63 5.37-12 12-12h40c6.63 0 12 5.37 12 12v40z\"><\/path><\/svg>\t\t\t\t\t\t<\/span>\n\t\t\t\t\t\t\t\t\t\t<span class=\"elementor-icon-list-text\">Calle Jul\u00edan Blanco Sosa, #14, Vega Baja, PR<\/span>\n\t\t\t\t\t\t\t\t\t<\/li>\n\t\t\t\t\t\t\t\t<li class=\"elementor-icon-list-item elementor-inline-item\">\n\t\t\t\t\t\t\t\t\t\t\t<span class=\"elementor-icon-list-icon\">\n\t\t\t\t\t\t\t<svg aria-hidden=\"true\" class=\"e-font-icon-svg e-far-clock\" viewBox=\"0 0 512 512\" xmlns=\"http:\/\/www.w3.org\/2000\/svg\"><path d=\"M256 8C119 8 8 119 8 256s111 248 248 248 248-111 248-248S393 8 256 8zm0 448c-110.5 0-200-89.5-200-200S145.5 56 256 56s200 89.5 200 200-89.5 200-200 200zm61.8-104.4l-84.9-61.7c-3.1-2.3-4.9-5.9-4.9-9.7V116c0-6.6 5.4-12 12-12h32c6.6 0 12 5.4 12 12v141.7l66.8 48.6c5.4 3.9 6.5 11.4 2.6 16.8L334.6 349c-3.9 5.3-11.4 6.5-16.8 2.6z\"><\/path><\/svg>\t\t\t\t\t\t<\/span>\n\t\t\t\t\t\t\t\t\t\t<span class=\"elementor-icon-list-text\">7:30 AM - 4:30 PM<\/span>\n\t\t\t\t\t\t\t\t\t<\/li>\n\t\t\t\t\t\t<\/ul>\n\t\t\t\t<\/div>\n\t\t\t\t<\/div>\n\t\t\t\t<\/div>\n\t\t\t\t<\/footer>\n\t\t\t\t<\/div>\n\t\t","protected":false},"excerpt":{"rendered":"<p>SECRETAR\u00cdA DE DESARROLLO ECON\u00d3MICO MISI\u00d3N Ser la oficina enlace y aliado de todo empresario y\/o comercio que desee desarrollar su negocio en nuestra ciudad de Vega Baja. VISI\u00d3N Convertirnos en el lugar id\u00f3neo para toda idea de negocio e inversi\u00f3n que permita un desarrollo econ\u00f3mico sostenido en nuestra ciudad. SERVICIOS \u2043\u00a0\u00a0\u00a0\u00a0\u00a0\u00a0\u00a0Asistencia al comerciante en la [&hellip;]<\/p>\n","protected":false},"author":1,"featured_media":0,"parent":0,"menu_order":0,"comment_status":"closed","ping_status":"closed","template":"","meta":{"footnotes":""},"class_list":["post-8554","page","type-page","status-publish","hentry"],"_links":{"self":[{"href":"https:\/\/vegabaja.gov.pr\/vb\/wp-json\/wp\/v2\/pages\/8554","targetHints":{"allow":["GET"]}}],"collection":[{"href":"https:\/\/vegabaja.gov.pr\/vb\/wp-json\/wp\/v2\/pages"}],"about":[{"href":"https:\/\/vegabaja.gov.pr\/vb\/wp-json\/wp\/v2\/types\/page"}],"author":[{"embeddable":true,"href":"https:\/\/vegabaja.gov.pr\/vb\/wp-json\/wp\/v2\/users\/1"}],"replies":[{"embeddable":true,"href":"https:\/\/vegabaja.gov.pr\/vb\/wp-json\/wp\/v2\/comments?post=8554"}],"version-history":[{"count":32,"href":"https:\/\/vegabaja.gov.pr\/vb\/wp-json\/wp\/v2\/pages\/8554\/revisions"}],"predecessor-version":[{"id":9237,"href":"https:\/\/vegabaja.gov.pr\/vb\/wp-json\/wp\/v2\/pages\/8554\/revisions\/9237"}],"wp:attachment":[{"href":"https:\/\/vegabaja.gov.pr\/vb\/wp-json\/wp\/v2\/media?parent=8554"}],"curies":[{"name":"wp","href":"https:\/\/api.w.org\/{rel}","templated":true}]}}