{"id":9192,"date":"2025-03-07T04:13:30","date_gmt":"2025-03-07T04:13:30","guid":{"rendered":"https:\/\/vegabaja.gov.pr\/vb\/?page_id=9192"},"modified":"2025-03-09T19:28:15","modified_gmt":"2025-03-09T19:28:15","slug":"desarrollo-social","status":"publish","type":"page","link":"https:\/\/vegabaja.gov.pr\/vb\/desarrollo-social\/","title":{"rendered":"Desarrollo Social"},"content":{"rendered":"\t\t<div data-elementor-type=\"wp-page\" data-elementor-id=\"9192\" class=\"elementor elementor-9192\">\n\t\t\t\t<div class=\"elementor-element elementor-element-29217d01 e-flex e-con-boxed e-con e-parent\" data-id=\"29217d01\" data-element_type=\"container\">\n\t\t\t\t\t<div class=\"e-con-inner\">\n\t\t\t\t<div class=\"elementor-element elementor-element-0b046cf elementor-widget elementor-widget-image\" data-id=\"0b046cf\" data-element_type=\"widget\" data-widget_type=\"image.default\">\n\t\t\t\t<div class=\"elementor-widget-container\">\n\t\t\t\t\t\t\t\t\t\t\t\t\t<img fetchpriority=\"high\" decoding=\"async\" width=\"1024\" height=\"547\" src=\"https:\/\/vegabaja.gov.pr\/vb\/wp-content\/uploads\/2024\/01\/Logo_SecretariaDesarrolloSocial.png\" class=\"attachment-large size-large wp-image-2091\" alt=\"\" \/>\t\t\t\t\t\t\t\t\t\t\t\t\t<\/div>\n\t\t\t\t<\/div>\n\t\t\t\t<div class=\"elementor-element elementor-element-783d9728 elementor-widget elementor-widget-text-editor\" data-id=\"783d9728\" data-element_type=\"widget\" data-widget_type=\"text-editor.default\">\n\t\t\t\t<div class=\"elementor-widget-container\">\n\t\t\t\t\t\t\t<!-- wp:paragraph -->\n<p>La Secretar\u00eda de Desarrollo Social Municipal ofrece una gama de servicios para los ciudadanos de nuestro pueblo y pueblos lim\u00edtrofes en algunos de los programas. Nuestra oficina acobija las dependencias que trabajan con servicios directos y responde a las necesidades espec\u00edficas de ciudadanos que ameritan servicios y a su vez se les ayuda a canalizar los mismos.<\/p>\n<!-- \/wp:paragraph --><!-- wp:paragraph -->\n<p>Contamos con servicios de trabajo social y enfermer\u00eda, los cuales trabajan en colaboraci\u00f3n con el Programa de Asuntos a la Vejez y otras dependencias, en donde se identifican necesidades a la poblaci\u00f3n de envejecientes y ciudadanos en necesidad, canalizando servicios en colaboraci\u00f3n con agencias pertinentes.<\/p>\n<p>\u00a0<\/p>\n<h4><strong>MISI\u00d3N:<\/strong><\/h4>\n<p><!-- \/wp:paragraph --><!-- wp:paragraph --><\/p>\n<p>La misi\u00f3n de la Secretar\u00eda de Desarrollo Social es una dirigida a la atenci\u00f3n prioritaria e integral, por la cual se brindan servicios que faciliten el acceso a las poblaciones o ciudadanos que carezcan de recursos y que se encuentren en situaciones de vulnerabilidad, garantizando la transparencia de los procesos y realizando los referimientos adecuados y\/o pertinentes a otras agencias que trabajan en colaboraci\u00f3n.<\/p>\n<p><!-- \/wp:paragraph --><!-- wp:paragraph --><\/p>\n<h4><strong>VISI\u00d3N:<\/strong><\/h4>\n<p><!-- \/wp:paragraph --><!-- wp:paragraph --><\/p>\n<p>Nuestra Secretar\u00eda de Desarrollo Social promueve el desarrollo de proyectos, programas, actividades entre otros dirigidas a la autosuficiencia social de nuestros vegabaje\u00f1os y el empoderamiento de nuestros ciudadanos y comunidades, con la finalidad de mejorar el nivel de bienestar e inclusi\u00f3n.<\/p>\n<!-- \/wp:paragraph --><!-- wp:paragraph -->\n<h5><strong>PROGRAMAS DE LA SECRETAR\u00cdA DE DESARROLLO SOCIAL:<\/strong><\/h5>\n<ul>\n<li><a href=\"https:\/\/vegabaja.gov.pr\/vb\/oficina-de-asuntos-a-la-vejez\/\">Oficina Asuntos a la Vejez<\/a><span class=\"Apple-converted-space\">\u00a0<\/span><\/li>\n<li><a href=\"https:\/\/vegabaja.gov.pr\/vb\/oficina-de-ayuda-a-la-mujer\/\">Oficina Asuntos a la Mujer<\/a><span class=\"Apple-converted-space\">\u00a0<\/span><\/li>\n<li><a href=\"https:\/\/vegabaja.gov.pr\/vb\/base-de-fe\/\">Oficina Base de Fe<span class=\"Apple-converted-space\">\u00a0<\/span><\/a><\/li>\n<li>Programa Talento Inclusivo\u00a0<\/li>\n<li><a href=\"https:\/\/vegabaja.gov.pr\/vb\/programa-s-t-a-r-t\/\">Programa START<span class=\"Apple-converted-space\">\u00a0<\/span><\/a><\/li>\n<li>Transportaci\u00f3n Escolar\u00a0<span class=\"Apple-converted-space\">\u00a0<\/span><\/li>\n<li><a href=\"https:\/\/vegabaja.gov.pr\/vb\/casa-de-la-juventud\/\">Casa la Juventud<span class=\"Apple-converted-space\">\u00a0<\/span><\/a><\/li>\n<li><a href=\"https:\/\/vegabaja.gov.pr\/vb\/escuela-maternal-angeles-pastor\/\">Centro Montessori \u00c1ngeles Pastor P\u00e9rez<span class=\"Apple-converted-space\">\u00a0<\/span><\/a><\/li>\n<li><a href=\"https:\/\/vegabaja.gov.pr\/vb\/2-generaciones\/\">Centro Dos Generaciones<\/a><\/li>\n<li><a href=\"https:\/\/vegabaja.gov.pr\/vb\/centro-j-perez-melon\/\">CASM J.A. P\u00e9rez Mel\u00f3n<\/a><span class=\"Apple-converted-space\">\u00a0<\/span><\/li>\n<\/ul>\n<!-- \/wp:paragraph --><!-- wp:paragraph -->\n<p>\u00a0<\/p>\n<!-- \/wp:paragraph --><!-- wp:paragraph -->\n<p>\u00a0<\/p>\n<!-- \/wp:paragraph -->\t\t\t\t\t\t<\/div>\n\t\t\t\t<\/div>\n\t\t\t\t\t<\/div>\n\t\t\t\t<\/div>\n\t\t<div class=\"elementor-element elementor-element-bde7338 e-flex e-con-boxed e-con e-parent\" data-id=\"bde7338\" data-element_type=\"container\">\n\t\t\t\t\t<div class=\"e-con-inner\">\n\t\t\t\t\t<\/div>\n\t\t\t\t<\/div>\n\t\t\t\t<\/div>\n\t\t","protected":false},"excerpt":{"rendered":"<p>La Secretar\u00eda de Desarrollo Social Municipal ofrece una gama de servicios para los ciudadanos de nuestro pueblo y pueblos lim\u00edtrofes en algunos de los programas. Nuestra oficina acobija las dependencias que trabajan con servicios directos y responde a las necesidades espec\u00edficas de ciudadanos que ameritan servicios y a su vez se les ayuda a canalizar [&hellip;]<\/p>\n","protected":false},"author":2,"featured_media":0,"parent":0,"menu_order":0,"comment_status":"closed","ping_status":"closed","template":"","meta":{"footnotes":""},"class_list":["post-9192","page","type-page","status-publish","hentry"],"_links":{"self":[{"href":"https:\/\/vegabaja.gov.pr\/vb\/wp-json\/wp\/v2\/pages\/9192","targetHints":{"allow":["GET"]}}],"collection":[{"href":"https:\/\/vegabaja.gov.pr\/vb\/wp-json\/wp\/v2\/pages"}],"about":[{"href":"https:\/\/vegabaja.gov.pr\/vb\/wp-json\/wp\/v2\/types\/page"}],"author":[{"embeddable":true,"href":"https:\/\/vegabaja.gov.pr\/vb\/wp-json\/wp\/v2\/users\/2"}],"replies":[{"embeddable":true,"href":"https:\/\/vegabaja.gov.pr\/vb\/wp-json\/wp\/v2\/comments?post=9192"}],"version-history":[{"count":9,"href":"https:\/\/vegabaja.gov.pr\/vb\/wp-json\/wp\/v2\/pages\/9192\/revisions"}],"predecessor-version":[{"id":9413,"href":"https:\/\/vegabaja.gov.pr\/vb\/wp-json\/wp\/v2\/pages\/9192\/revisions\/9413"}],"wp:attachment":[{"href":"https:\/\/vegabaja.gov.pr\/vb\/wp-json\/wp\/v2\/media?parent=9192"}],"curies":[{"name":"wp","href":"https:\/\/api.w.org\/{rel}","templated":true}]}}