{"id":9277,"date":"2025-03-07T04:31:48","date_gmt":"2025-03-07T04:31:48","guid":{"rendered":"https:\/\/vegabaja.gov.pr\/vb\/?page_id=9277"},"modified":"2025-03-10T14:07:03","modified_gmt":"2025-03-10T14:07:03","slug":"head-start-vega-baja","status":"publish","type":"page","link":"https:\/\/vegabaja.gov.pr\/vb\/head-start-vega-baja\/","title":{"rendered":"Head Start Vega Baja"},"content":{"rendered":"\t\t<div data-elementor-type=\"wp-page\" data-elementor-id=\"9277\" class=\"elementor elementor-9277\">\n\t\t\t\t<div class=\"elementor-element elementor-element-27de2f0 e-flex e-con-boxed e-con e-parent\" data-id=\"27de2f0\" data-element_type=\"container\">\n\t\t\t\t\t<div class=\"e-con-inner\">\n\t\t\t\t<div class=\"elementor-element elementor-element-3caa2cf elementor-widget elementor-widget-image\" data-id=\"3caa2cf\" data-element_type=\"widget\" data-widget_type=\"image.default\">\n\t\t\t\t<div class=\"elementor-widget-container\">\n\t\t\t\t\t\t\t\t\t\t\t\t\t<img fetchpriority=\"high\" decoding=\"async\" width=\"1024\" height=\"307\" src=\"https:\/\/vegabaja.gov.pr\/vb\/wp-content\/uploads\/2024\/01\/Logo-Vega-Baja-escrito.png\" class=\"attachment-large size-large wp-image-2117\" alt=\"\" \/>\t\t\t\t\t\t\t\t\t\t\t\t\t<\/div>\n\t\t\t\t<\/div>\n\t\t\t\t\t<\/div>\n\t\t\t\t<\/div>\n\t\t<div class=\"elementor-element elementor-element-5b2f2e6 e-flex e-con-boxed e-con e-parent\" data-id=\"5b2f2e6\" data-element_type=\"container\">\n\t\t\t\t\t<div class=\"e-con-inner\">\n\t\t\t\t<div class=\"elementor-element elementor-element-802046c elementor-widget elementor-widget-text-editor\" data-id=\"802046c\" data-element_type=\"widget\" data-widget_type=\"text-editor.default\">\n\t\t\t\t<div class=\"elementor-widget-container\">\n\t\t\t\t\t\t\t<h4>Nuestro Programa<\/h4>\t\t\t\t\t\t<\/div>\n\t\t\t\t<\/div>\n\t\t\t\t\t<\/div>\n\t\t\t\t<\/div>\n\t\t<div class=\"elementor-element elementor-element-f90cb64 e-flex e-con-boxed e-con e-parent\" data-id=\"f90cb64\" data-element_type=\"container\">\n\t\t\t\t\t<div class=\"e-con-inner\">\n\t\t\t\t<div class=\"elementor-element elementor-element-05a212d elementor-widget elementor-widget-text-editor\" data-id=\"05a212d\" data-element_type=\"widget\" data-widget_type=\"text-editor.default\">\n\t\t\t\t<div class=\"elementor-widget-container\">\n\t\t\t\t\t\t\t<p><span style=\"font-weight: 400;\" class=\"\">Head Start es un programa federal que proporciona educaci\u00f3n preescolar, salud, nutrici\u00f3n y servicios de bienestar a ni\u00f1os de familias de bajos ingresos. Fundado en 1965 como parte de la \u201cGuerra contra la Pobreza\u201d, su objetivo principal es preparar a los ni\u00f1os peque\u00f1os para el \u00e9xito en la escuela y en la vida, abordando sus necesidades educativas, emocionales y sociales desde una edad temprana.<b><\/b><\/span><\/p><p><span style=\"font-weight: 400;\" class=\"\"><b><\/b>Adem\u00e1s, ofrecemos apoyo a las familias para promover un entorno estable y saludable para el desarrollo infantil, incluyendo servicios de salud, salud mental y nutrici\u00f3n.<b><\/b><\/span><\/p><p>\u00a0<\/p><h4><b><\/b>Misi\u00f3n<b><\/b><\/h4><p>\u00a0<\/p><p><b><\/b>Proporcionar un ambiente educativo, seguro y saludable para ni\u00f1os de familias de bajos ingresos, desde el nacimiento hasta los cinco a\u00f1os, fomentando su desarrollo integral, preparaci\u00f3n escolar y bienestar familiar a trav\u00e9s de la colaboraci\u00f3n comunitaria, servicios integrados y la participaci\u00f3n activa de los padres.<b><\/b><\/p><p>\u00a0<\/p><h4><b><\/b>Visi\u00f3n<b><\/b><\/h4><p><b><\/b>Ser un programa l\u00edder en Puerto Rico, transformando vidas mediante el empoderamiento de los ni\u00f1os y sus familias para alcanzar su m\u00e1ximo potencial, promoviendo la equidad, la inclusi\u00f3n y la excelencia en la primera infancia y en la comunidad en general.<b><\/b><\/p><p>\u00a0<\/p><h4><b><\/b>Valores<\/h4><p><b><br \/><\/b>1. Inclusi\u00f3n \u2013 Creemos en la diversidad y en la importancia de crear un ambiente donde todos los ni\u00f1os y sus familias se sientan valorados y respetados, independientemente de su procedencia, cultura o capacidades.<b><br \/><\/b>2. Calidad \u2013 Nos comprometemos a ofrecer servicios educativos y de salud de alta calidad, respondiendo a las necesidades individuales de cada ni\u00f1o y familia.<b><br \/><\/b>3. Colaboraci\u00f3n \u2013 Fomentamos el trabajo conjunto entre padres, educadores y la comunidad para crear una red de apoyo que beneficie a los ni\u00f1os y sus familias.<b><br \/><\/b>4. Integridad \u2013 Actuamos con transparencia, responsabilidad y \u00e9tica en todas nuestras actividades y decisiones, asegurando la confianza de las familias y la comunidad.<b><br \/><\/b>5. Empoderamiento \u2013 Brindamos herramientas y recursos para que las familias y los ni\u00f1os puedan superar desaf\u00edos y alcanzar el \u00e9xito en sus vidas.<b><br \/><\/b>6. Innovaci\u00f3n \u2013 Valoramos la creatividad y la mejora continua en la educaci\u00f3n y los servicios que ofrecemos.<\/p>\t\t\t\t\t\t<\/div>\n\t\t\t\t<\/div>\n\t\t\t\t\t<\/div>\n\t\t\t\t<\/div>\n\t\t<footer class=\"elementor-element elementor-element-9f69d97 e-con-full e-flex e-con e-parent\" data-id=\"9f69d97\" data-element_type=\"container\">\n\t\t<div class=\"elementor-element elementor-element-74c95b9 e-con-full e-flex e-con e-child\" data-id=\"74c95b9\" data-element_type=\"container\">\n\t\t\t\t<div class=\"elementor-element elementor-element-104f97f elementor-widget elementor-widget-image\" data-id=\"104f97f\" data-element_type=\"widget\" data-widget_type=\"image.default\">\n\t\t\t\t<div class=\"elementor-widget-container\">\n\t\t\t\t\t\t\t\t\t\t\t\t\t<img decoding=\"async\" width=\"3300\" height=\"1800\" src=\"https:\/\/vegabaja.gov.pr\/vb\/wp-content\/uploads\/2024\/07\/LOGO-VB-2024-02.png\" class=\"attachment-full size-full wp-image-8594\" alt=\"\" \/>\t\t\t\t\t\t\t\t\t\t\t\t\t<\/div>\n\t\t\t\t<\/div>\n\t\t\t\t<\/div>\n\t\t<div class=\"elementor-element elementor-element-c4b7df4 e-con-full e-flex e-con e-child\" data-id=\"c4b7df4\" data-element_type=\"container\">\n\t\t\t\t<div class=\"elementor-element elementor-element-d420a60 elementor-icon-list--layout-inline elementor-tablet-align-center elementor-align-center elementor-list-item-link-full_width elementor-widget elementor-widget-icon-list\" data-id=\"d420a60\" data-element_type=\"widget\" data-widget_type=\"icon-list.default\">\n\t\t\t\t<div class=\"elementor-widget-container\">\n\t\t\t\t\t<ul class=\"elementor-icon-list-items elementor-inline-items\">\n\t\t\t\t\t\t\t<li class=\"elementor-icon-list-item elementor-inline-item\">\n\t\t\t\t\t\t\t\t\t\t\t<span class=\"elementor-icon-list-icon\">\n\t\t\t\t\t\t\t<svg aria-hidden=\"true\" class=\"e-font-icon-svg e-fas-phone-alt\" viewBox=\"0 0 512 512\" xmlns=\"http:\/\/www.w3.org\/2000\/svg\"><path d=\"M497.39 361.8l-112-48a24 24 0 0 0-28 6.9l-49.6 60.6A370.66 370.66 0 0 1 130.6 204.11l60.6-49.6a23.94 23.94 0 0 0 6.9-28l-48-112A24.16 24.16 0 0 0 122.6.61l-104 24A24 24 0 0 0 0 48c0 256.5 207.9 464 464 464a24 24 0 0 0 23.4-18.6l24-104a24.29 24.29 0 0 0-14.01-27.6z\"><\/path><\/svg>\t\t\t\t\t\t<\/span>\n\t\t\t\t\t\t\t\t\t\t<span class=\"elementor-icon-list-text\">787-855-2500<\/span>\n\t\t\t\t\t\t\t\t\t<\/li>\n\t\t\t\t\t\t\t\t<li class=\"elementor-icon-list-item elementor-inline-item\">\n\t\t\t\t\t\t\t\t\t\t\t<span class=\"elementor-icon-list-icon\">\n\t\t\t\t\t\t\t<svg aria-hidden=\"true\" class=\"e-font-icon-svg e-fas-city\" viewBox=\"0 0 640 512\" xmlns=\"http:\/\/www.w3.org\/2000\/svg\"><path d=\"M616 192H480V24c0-13.26-10.74-24-24-24H312c-13.26 0-24 10.74-24 24v72h-64V16c0-8.84-7.16-16-16-16h-16c-8.84 0-16 7.16-16 16v80h-64V16c0-8.84-7.16-16-16-16H80c-8.84 0-16 7.16-16 16v80H24c-13.26 0-24 10.74-24 24v360c0 17.67 14.33 32 32 32h576c17.67 0 32-14.33 32-32V216c0-13.26-10.75-24-24-24zM128 404c0 6.63-5.37 12-12 12H76c-6.63 0-12-5.37-12-12v-40c0-6.63 5.37-12 12-12h40c6.63 0 12 5.37 12 12v40zm0-96c0 6.63-5.37 12-12 12H76c-6.63 0-12-5.37-12-12v-40c0-6.63 5.37-12 12-12h40c6.63 0 12 5.37 12 12v40zm0-96c0 6.63-5.37 12-12 12H76c-6.63 0-12-5.37-12-12v-40c0-6.63 5.37-12 12-12h40c6.63 0 12 5.37 12 12v40zm128 192c0 6.63-5.37 12-12 12h-40c-6.63 0-12-5.37-12-12v-40c0-6.63 5.37-12 12-12h40c6.63 0 12 5.37 12 12v40zm0-96c0 6.63-5.37 12-12 12h-40c-6.63 0-12-5.37-12-12v-40c0-6.63 5.37-12 12-12h40c6.63 0 12 5.37 12 12v40zm0-96c0 6.63-5.37 12-12 12h-40c-6.63 0-12-5.37-12-12v-40c0-6.63 5.37-12 12-12h40c6.63 0 12 5.37 12 12v40zm160 96c0 6.63-5.37 12-12 12h-40c-6.63 0-12-5.37-12-12v-40c0-6.63 5.37-12 12-12h40c6.63 0 12 5.37 12 12v40zm0-96c0 6.63-5.37 12-12 12h-40c-6.63 0-12-5.37-12-12v-40c0-6.63 5.37-12 12-12h40c6.63 0 12 5.37 12 12v40zm0-96c0 6.63-5.37 12-12 12h-40c-6.63 0-12-5.37-12-12V76c0-6.63 5.37-12 12-12h40c6.63 0 12 5.37 12 12v40zm160 288c0 6.63-5.37 12-12 12h-40c-6.63 0-12-5.37-12-12v-40c0-6.63 5.37-12 12-12h40c6.63 0 12 5.37 12 12v40zm0-96c0 6.63-5.37 12-12 12h-40c-6.63 0-12-5.37-12-12v-40c0-6.63 5.37-12 12-12h40c6.63 0 12 5.37 12 12v40z\"><\/path><\/svg>\t\t\t\t\t\t<\/span>\n\t\t\t\t\t\t\t\t\t\t<span class=\"elementor-icon-list-text\">Vega Baja, PR<\/span>\n\t\t\t\t\t\t\t\t\t<\/li>\n\t\t\t\t\t\t\t\t<li class=\"elementor-icon-list-item elementor-inline-item\">\n\t\t\t\t\t\t\t\t\t\t\t<span class=\"elementor-icon-list-icon\">\n\t\t\t\t\t\t\t<svg aria-hidden=\"true\" class=\"e-font-icon-svg e-far-clock\" viewBox=\"0 0 512 512\" xmlns=\"http:\/\/www.w3.org\/2000\/svg\"><path d=\"M256 8C119 8 8 119 8 256s111 248 248 248 248-111 248-248S393 8 256 8zm0 448c-110.5 0-200-89.5-200-200S145.5 56 256 56s200 89.5 200 200-89.5 200-200 200zm61.8-104.4l-84.9-61.7c-3.1-2.3-4.9-5.9-4.9-9.7V116c0-6.6 5.4-12 12-12h32c6.6 0 12 5.4 12 12v141.7l66.8 48.6c5.4 3.9 6.5 11.4 2.6 16.8L334.6 349c-3.9 5.3-11.4 6.5-16.8 2.6z\"><\/path><\/svg>\t\t\t\t\t\t<\/span>\n\t\t\t\t\t\t\t\t\t\t<span class=\"elementor-icon-list-text\">7:30 AM - 4:30 PM<\/span>\n\t\t\t\t\t\t\t\t\t<\/li>\n\t\t\t\t\t\t<\/ul>\n\t\t\t\t<\/div>\n\t\t\t\t<\/div>\n\t\t\t\t<\/div>\n\t\t<div class=\"elementor-element elementor-element-cf348fb e-con-full e-flex e-con e-child\" data-id=\"cf348fb\" data-element_type=\"container\">\n\t\t\t\t<\/div>\n\t\t\t\t<\/footer>\n\t\t\t\t<\/div>\n\t\t","protected":false},"excerpt":{"rendered":"<p>Nuestro Programa Head Start es un programa federal que proporciona educaci\u00f3n preescolar, salud, nutrici\u00f3n y servicios de bienestar a ni\u00f1os de familias de bajos ingresos. Fundado en 1965 como parte de la \u201cGuerra contra la Pobreza\u201d, su objetivo principal es preparar a los ni\u00f1os peque\u00f1os para el \u00e9xito en la escuela y en la vida, [&hellip;]<\/p>\n","protected":false},"author":1,"featured_media":0,"parent":0,"menu_order":0,"comment_status":"closed","ping_status":"closed","template":"","meta":{"footnotes":""},"class_list":["post-9277","page","type-page","status-publish","hentry"],"_links":{"self":[{"href":"https:\/\/vegabaja.gov.pr\/vb\/wp-json\/wp\/v2\/pages\/9277","targetHints":{"allow":["GET"]}}],"collection":[{"href":"https:\/\/vegabaja.gov.pr\/vb\/wp-json\/wp\/v2\/pages"}],"about":[{"href":"https:\/\/vegabaja.gov.pr\/vb\/wp-json\/wp\/v2\/types\/page"}],"author":[{"embeddable":true,"href":"https:\/\/vegabaja.gov.pr\/vb\/wp-json\/wp\/v2\/users\/1"}],"replies":[{"embeddable":true,"href":"https:\/\/vegabaja.gov.pr\/vb\/wp-json\/wp\/v2\/comments?post=9277"}],"version-history":[{"count":20,"href":"https:\/\/vegabaja.gov.pr\/vb\/wp-json\/wp\/v2\/pages\/9277\/revisions"}],"predecessor-version":[{"id":9530,"href":"https:\/\/vegabaja.gov.pr\/vb\/wp-json\/wp\/v2\/pages\/9277\/revisions\/9530"}],"wp:attachment":[{"href":"https:\/\/vegabaja.gov.pr\/vb\/wp-json\/wp\/v2\/media?parent=9277"}],"curies":[{"name":"wp","href":"https:\/\/api.w.org\/{rel}","templated":true}]}}