{"id":9350,"date":"2025-03-07T20:35:52","date_gmt":"2025-03-07T20:35:52","guid":{"rendered":"https:\/\/vegabaja.gov.pr\/vb\/?page_id=9350"},"modified":"2025-03-10T13:50:15","modified_gmt":"2025-03-10T13:50:15","slug":"secretaria-de-ingenieria-y-conservacion-de-infraestructura","status":"publish","type":"page","link":"https:\/\/vegabaja.gov.pr\/vb\/secretaria-de-ingenieria-y-conservacion-de-infraestructura\/","title":{"rendered":"Secretar\u00eda de Ingenier\u00eda y Conservaci\u00f3n de Infraestructura"},"content":{"rendered":"\t\t<div data-elementor-type=\"wp-page\" data-elementor-id=\"9350\" class=\"elementor elementor-9350\">\n\t\t\t\t<div class=\"elementor-element elementor-element-b95d375 e-flex e-con-boxed e-con e-parent\" data-id=\"b95d375\" data-element_type=\"container\">\n\t\t\t\t\t<div class=\"e-con-inner\">\n\t\t\t\t<div class=\"elementor-element elementor-element-19cbdc3 elementor-widget elementor-widget-image\" data-id=\"19cbdc3\" data-element_type=\"widget\" data-widget_type=\"image.default\">\n\t\t\t\t<div class=\"elementor-widget-container\">\n\t\t\t\t\t\t\t\t\t\t\t\t\t<img fetchpriority=\"high\" decoding=\"async\" width=\"1024\" height=\"511\" src=\"https:\/\/vegabaja.gov.pr\/vb\/wp-content\/uploads\/2024\/01\/Logo_Secretari\u0301aIngenieriaConservacionInfraestructura.png\" class=\"attachment-large size-large wp-image-2085\" alt=\"\" \/>\t\t\t\t\t\t\t\t\t\t\t\t\t<\/div>\n\t\t\t\t<\/div>\n\t\t\t\t\t<\/div>\n\t\t\t\t<\/div>\n\t\t<div class=\"elementor-element elementor-element-cb1aaf7 e-flex e-con-boxed e-con e-parent\" data-id=\"cb1aaf7\" data-element_type=\"container\">\n\t\t\t\t\t<div class=\"e-con-inner\">\n\t\t\t\t<div class=\"elementor-element elementor-element-2a8c084 elementor-widget elementor-widget-text-editor\" data-id=\"2a8c084\" data-element_type=\"widget\" data-widget_type=\"text-editor.default\">\n\t\t\t\t<div class=\"elementor-widget-container\">\n\t\t\t\t\t\t\t<p>\u00a0<\/p><h4>Misi\u00f3n<\/h4><p>\u00a0<\/p><p>Garantizar el desarrollo, mantenimiento y conservaci\u00f3n de la infraestructura municipal mediante el dise\u00f1o y ejecuci\u00f3n de proyectos de construcci\u00f3n, rehabilitaci\u00f3n y mejora, promoviendo el uso eficiente de los recursos, la sostenibilidad y la resiliencia. Todo esto con el objetivo de mejorar la calidad de vida de los ciudadanos y fortalecer el desarrollo urbano del municipio.<\/p><h4>Visi\u00f3n<\/h4><p>Ser una entidad de desarrollo y conservaci\u00f3n de la infraestructura municipal, reconocida por su eficiencia, innovaci\u00f3n y compromiso con el desarrollo sostenible. Aspiramos a transformar el entorno urbano con proyectos de infraestructura resiliente y de alta calidad, que impulsen el bienestar de la comunidad y el progreso del municipio, garantizando un uso \u00f3ptimo de los recursos y una gesti\u00f3n transparente.<\/p><h4>Objetivos<\/h4><p>1. Desarrollo Urbano<\/p><p>a. Garantizar que las obras municipales cumplan con las normativas de<\/p><p>urbanismo y construcci\u00f3n.<\/p><p>2. Dise\u00f1o y Supervisi\u00f3n de Proyectos<\/p><p>a. Elaborar estudios y dise\u00f1os para proyectos de infraestructura vial, hidr\u00e1ulica,<\/p><p>edificaciones y otros espacios p\u00fablicos.<\/p><p>b. Supervisar la ejecuci\u00f3n de obras para garantizar calidad, seguridad y<\/p><p>cumplimiento de plazos.<\/p><p>3. Mantenimiento de Infraestructura Municipal<\/p><p>a. Optimizar el uso de materiales y recursos para prolongar la vida \u00datil de la<\/p><p>infraestructura existente.<\/p><p>4. Gesti\u00f3n de Recursos y Presupuesto<\/p><p>a. Administrar de manera eficiente los fondos asignados para proyectos de<\/p><p>infraestructura.<\/p><p>b. Buscar fuentes de financiamiento adicionales a nivel estatal y federal para<\/p><p>obras estrat\u00e9gicas.<\/p><p>5.\u00a0 Sostenibilidad e Innovaci\u00f3n en Ingenier\u00eda<\/p><p>a. Incorporar criterios de sostenibilidad en el dise\u00f1o y construcci\u00f3n de<\/p><p>proyectos.<\/p><p>b. Promover el uso de nuevas tecnolog\u00edas y materiales innovadores en la<\/p><p>infraestructura municipal.<\/p><p>6. Regulaci\u00f3n y Control de Construcciones<\/p><p>a. Asegurar que las construcciones privadas y p\u00fablicas cumplan con los c\u00f3digos<\/p><p>de edificaci\u00f3n y seguridad estructural.<\/p><p>b. Coordinar con otras agencias la emisi\u00f3n de permisos y licencias de<\/p><p>construcci\u00f3n.<\/p><p>7. Atenci\u00f3n a Emergencias e Infraestructura Resiliente<\/p><p>a. Dise\u00f1ar soluciones de infraestructura para mitigar riesgos de desastres<\/p><p>naturales como inundaciones o terremotos.<\/p><p>b. Coordinar acciones inmediatas para reparar da\u00f1os en la infraestructura<\/p><p>municipal tras emergencias.<\/p><p>8. Transparencia y Participaci\u00f3n Ciudadana<\/p><p>a. Fomentar la participaci\u00f3n comunitaria en la identificaci\u00f3n de necesidades y<\/p><p>priorizaci\u00f3n de proyectos de infraestructura.<\/p><p>b. Garantizar la rendici\u00f3n de cuentas en la gesti\u00f3n de obras y recursos p\u00fablicos.<\/p><h4>Contactos<\/h4><p>787-855-2500 extensi\u00f3n 3401<\/p>\t\t\t\t\t\t<\/div>\n\t\t\t\t<\/div>\n\t\t\t\t\t<\/div>\n\t\t\t\t<\/div>\n\t\t<footer class=\"elementor-element elementor-element-0880c05 e-con-full e-flex e-con e-parent\" data-id=\"0880c05\" data-element_type=\"container\">\n\t\t<div class=\"elementor-element elementor-element-24509b1 e-con-full e-flex e-con e-child\" data-id=\"24509b1\" data-element_type=\"container\">\n\t\t\t\t<div class=\"elementor-element elementor-element-a60fcd1 elementor-widget elementor-widget-image\" data-id=\"a60fcd1\" data-element_type=\"widget\" data-widget_type=\"image.default\">\n\t\t\t\t<div class=\"elementor-widget-container\">\n\t\t\t\t\t\t\t\t\t\t\t\t\t<img decoding=\"async\" width=\"3300\" height=\"1800\" src=\"https:\/\/vegabaja.gov.pr\/vb\/wp-content\/uploads\/2024\/07\/LOGO-VB-2024-02.png\" class=\"attachment-full size-full wp-image-8594\" alt=\"\" \/>\t\t\t\t\t\t\t\t\t\t\t\t\t<\/div>\n\t\t\t\t<\/div>\n\t\t\t\t<\/div>\n\t\t<div class=\"elementor-element elementor-element-5b340db e-con-full e-flex e-con e-child\" data-id=\"5b340db\" data-element_type=\"container\">\n\t\t\t\t<div class=\"elementor-element elementor-element-f837ae0 elementor-icon-list--layout-inline elementor-tablet-align-center elementor-align-center elementor-list-item-link-full_width elementor-widget elementor-widget-icon-list\" data-id=\"f837ae0\" data-element_type=\"widget\" data-widget_type=\"icon-list.default\">\n\t\t\t\t<div class=\"elementor-widget-container\">\n\t\t\t\t\t<ul class=\"elementor-icon-list-items elementor-inline-items\">\n\t\t\t\t\t\t\t<li class=\"elementor-icon-list-item elementor-inline-item\">\n\t\t\t\t\t\t\t\t\t\t\t<span class=\"elementor-icon-list-icon\">\n\t\t\t\t\t\t\t<svg aria-hidden=\"true\" class=\"e-font-icon-svg e-fas-phone-alt\" viewBox=\"0 0 512 512\" xmlns=\"http:\/\/www.w3.org\/2000\/svg\"><path d=\"M497.39 361.8l-112-48a24 24 0 0 0-28 6.9l-49.6 60.6A370.66 370.66 0 0 1 130.6 204.11l60.6-49.6a23.94 23.94 0 0 0 6.9-28l-48-112A24.16 24.16 0 0 0 122.6.61l-104 24A24 24 0 0 0 0 48c0 256.5 207.9 464 464 464a24 24 0 0 0 23.4-18.6l24-104a24.29 24.29 0 0 0-14.01-27.6z\"><\/path><\/svg>\t\t\t\t\t\t<\/span>\n\t\t\t\t\t\t\t\t\t\t<span class=\"elementor-icon-list-text\">787-855-2500<\/span>\n\t\t\t\t\t\t\t\t\t<\/li>\n\t\t\t\t\t\t\t\t<li class=\"elementor-icon-list-item elementor-inline-item\">\n\t\t\t\t\t\t\t\t\t\t\t<span class=\"elementor-icon-list-icon\">\n\t\t\t\t\t\t\t<svg aria-hidden=\"true\" class=\"e-font-icon-svg e-fas-city\" viewBox=\"0 0 640 512\" xmlns=\"http:\/\/www.w3.org\/2000\/svg\"><path d=\"M616 192H480V24c0-13.26-10.74-24-24-24H312c-13.26 0-24 10.74-24 24v72h-64V16c0-8.84-7.16-16-16-16h-16c-8.84 0-16 7.16-16 16v80h-64V16c0-8.84-7.16-16-16-16H80c-8.84 0-16 7.16-16 16v80H24c-13.26 0-24 10.74-24 24v360c0 17.67 14.33 32 32 32h576c17.67 0 32-14.33 32-32V216c0-13.26-10.75-24-24-24zM128 404c0 6.63-5.37 12-12 12H76c-6.63 0-12-5.37-12-12v-40c0-6.63 5.37-12 12-12h40c6.63 0 12 5.37 12 12v40zm0-96c0 6.63-5.37 12-12 12H76c-6.63 0-12-5.37-12-12v-40c0-6.63 5.37-12 12-12h40c6.63 0 12 5.37 12 12v40zm0-96c0 6.63-5.37 12-12 12H76c-6.63 0-12-5.37-12-12v-40c0-6.63 5.37-12 12-12h40c6.63 0 12 5.37 12 12v40zm128 192c0 6.63-5.37 12-12 12h-40c-6.63 0-12-5.37-12-12v-40c0-6.63 5.37-12 12-12h40c6.63 0 12 5.37 12 12v40zm0-96c0 6.63-5.37 12-12 12h-40c-6.63 0-12-5.37-12-12v-40c0-6.63 5.37-12 12-12h40c6.63 0 12 5.37 12 12v40zm0-96c0 6.63-5.37 12-12 12h-40c-6.63 0-12-5.37-12-12v-40c0-6.63 5.37-12 12-12h40c6.63 0 12 5.37 12 12v40zm160 96c0 6.63-5.37 12-12 12h-40c-6.63 0-12-5.37-12-12v-40c0-6.63 5.37-12 12-12h40c6.63 0 12 5.37 12 12v40zm0-96c0 6.63-5.37 12-12 12h-40c-6.63 0-12-5.37-12-12v-40c0-6.63 5.37-12 12-12h40c6.63 0 12 5.37 12 12v40zm0-96c0 6.63-5.37 12-12 12h-40c-6.63 0-12-5.37-12-12V76c0-6.63 5.37-12 12-12h40c6.63 0 12 5.37 12 12v40zm160 288c0 6.63-5.37 12-12 12h-40c-6.63 0-12-5.37-12-12v-40c0-6.63 5.37-12 12-12h40c6.63 0 12 5.37 12 12v40zm0-96c0 6.63-5.37 12-12 12h-40c-6.63 0-12-5.37-12-12v-40c0-6.63 5.37-12 12-12h40c6.63 0 12 5.37 12 12v40z\"><\/path><\/svg>\t\t\t\t\t\t<\/span>\n\t\t\t\t\t\t\t\t\t\t<span class=\"elementor-icon-list-text\">Vega Baja, PR<\/span>\n\t\t\t\t\t\t\t\t\t<\/li>\n\t\t\t\t\t\t\t\t<li class=\"elementor-icon-list-item elementor-inline-item\">\n\t\t\t\t\t\t\t\t\t\t\t<span class=\"elementor-icon-list-icon\">\n\t\t\t\t\t\t\t<svg aria-hidden=\"true\" class=\"e-font-icon-svg e-far-clock\" viewBox=\"0 0 512 512\" xmlns=\"http:\/\/www.w3.org\/2000\/svg\"><path d=\"M256 8C119 8 8 119 8 256s111 248 248 248 248-111 248-248S393 8 256 8zm0 448c-110.5 0-200-89.5-200-200S145.5 56 256 56s200 89.5 200 200-89.5 200-200 200zm61.8-104.4l-84.9-61.7c-3.1-2.3-4.9-5.9-4.9-9.7V116c0-6.6 5.4-12 12-12h32c6.6 0 12 5.4 12 12v141.7l66.8 48.6c5.4 3.9 6.5 11.4 2.6 16.8L334.6 349c-3.9 5.3-11.4 6.5-16.8 2.6z\"><\/path><\/svg>\t\t\t\t\t\t<\/span>\n\t\t\t\t\t\t\t\t\t\t<span class=\"elementor-icon-list-text\">7:30 AM - 4:30 PM<\/span>\n\t\t\t\t\t\t\t\t\t<\/li>\n\t\t\t\t\t\t<\/ul>\n\t\t\t\t<\/div>\n\t\t\t\t<\/div>\n\t\t\t\t<\/div>\n\t\t<div class=\"elementor-element elementor-element-ecfbcc9 e-con-full e-flex e-con e-child\" data-id=\"ecfbcc9\" data-element_type=\"container\">\n\t\t\t\t<\/div>\n\t\t\t\t<\/footer>\n\t\t\t\t<\/div>\n\t\t","protected":false},"excerpt":{"rendered":"<p>\u00a0 Misi\u00f3n \u00a0 Garantizar el desarrollo, mantenimiento y conservaci\u00f3n de la infraestructura municipal mediante el dise\u00f1o y ejecuci\u00f3n de proyectos de construcci\u00f3n, rehabilitaci\u00f3n y mejora, promoviendo el uso eficiente de los recursos, la sostenibilidad y la resiliencia. Todo esto con el objetivo de mejorar la calidad de vida de los ciudadanos y fortalecer el desarrollo [&hellip;]<\/p>\n","protected":false},"author":1,"featured_media":0,"parent":0,"menu_order":0,"comment_status":"closed","ping_status":"closed","template":"","meta":{"footnotes":""},"class_list":["post-9350","page","type-page","status-publish","hentry"],"_links":{"self":[{"href":"https:\/\/vegabaja.gov.pr\/vb\/wp-json\/wp\/v2\/pages\/9350","targetHints":{"allow":["GET"]}}],"collection":[{"href":"https:\/\/vegabaja.gov.pr\/vb\/wp-json\/wp\/v2\/pages"}],"about":[{"href":"https:\/\/vegabaja.gov.pr\/vb\/wp-json\/wp\/v2\/types\/page"}],"author":[{"embeddable":true,"href":"https:\/\/vegabaja.gov.pr\/vb\/wp-json\/wp\/v2\/users\/1"}],"replies":[{"embeddable":true,"href":"https:\/\/vegabaja.gov.pr\/vb\/wp-json\/wp\/v2\/comments?post=9350"}],"version-history":[{"count":12,"href":"https:\/\/vegabaja.gov.pr\/vb\/wp-json\/wp\/v2\/pages\/9350\/revisions"}],"predecessor-version":[{"id":9506,"href":"https:\/\/vegabaja.gov.pr\/vb\/wp-json\/wp\/v2\/pages\/9350\/revisions\/9506"}],"wp:attachment":[{"href":"https:\/\/vegabaja.gov.pr\/vb\/wp-json\/wp\/v2\/media?parent=9350"}],"curies":[{"name":"wp","href":"https:\/\/api.w.org\/{rel}","templated":true}]}}