{"id":9391,"date":"2025-03-09T18:55:50","date_gmt":"2025-03-09T18:55:50","guid":{"rendered":"https:\/\/vegabaja.gov.pr\/vb\/?page_id=9391"},"modified":"2025-03-10T13:31:55","modified_gmt":"2025-03-10T13:31:55","slug":"secretaria-de-planificacion-y-ordenacion-territorial","status":"publish","type":"page","link":"https:\/\/vegabaja.gov.pr\/vb\/secretaria-de-planificacion-y-ordenacion-territorial\/","title":{"rendered":"Secretar\u00eda de Planificaci\u00f3n y ordenaci\u00f3n territorial"},"content":{"rendered":"\t\t<div data-elementor-type=\"wp-page\" data-elementor-id=\"9391\" class=\"elementor elementor-9391\">\n\t\t\t\t<div class=\"elementor-element elementor-element-33cefe4 e-flex e-con-boxed e-con e-parent\" data-id=\"33cefe4\" data-element_type=\"container\">\n\t\t\t\t\t<div class=\"e-con-inner\">\n\t\t\t\t<div class=\"elementor-element elementor-element-3ec69d6 elementor-widget elementor-widget-image\" data-id=\"3ec69d6\" data-element_type=\"widget\" data-widget_type=\"image.default\">\n\t\t\t\t<div class=\"elementor-widget-container\">\n\t\t\t\t\t\t\t\t\t\t\t\t\t<img fetchpriority=\"high\" decoding=\"async\" width=\"977\" height=\"489\" src=\"https:\/\/vegabaja.gov.pr\/vb\/wp-content\/uploads\/2025\/03\/Logo-Planificacion.png\" class=\"attachment-large size-large wp-image-9430\" alt=\"\" \/>\t\t\t\t\t\t\t\t\t\t\t\t\t<\/div>\n\t\t\t\t<\/div>\n\t\t\t\t\t<\/div>\n\t\t\t\t<\/div>\n\t\t<div class=\"elementor-element elementor-element-c8e40a5 e-flex e-con-boxed e-con e-parent\" data-id=\"c8e40a5\" data-element_type=\"container\">\n\t\t\t\t\t<div class=\"e-con-inner\">\n\t\t\t\t<div class=\"elementor-element elementor-element-3787ff6 elementor-widget elementor-widget-text-editor\" data-id=\"3787ff6\" data-element_type=\"widget\" data-widget_type=\"text-editor.default\">\n\t\t\t\t<div class=\"elementor-widget-container\">\n\t\t\t\t\t\t\t<h4><b>Misi\u00f3n<\/b><\/h4><p><span style=\"font-weight: 400;\">Promover el desarrollo sostenible y la gesti\u00f3n eficiente del territorio municipal mediante la planificaci\u00f3n estrat\u00e9gica del uso del suelo y la coordinaci\u00f3n, tanto intermunicipal y regional como con el gobierno central.<\/span><\/p><h4><b>Visi\u00f3n<\/b><\/h4><p><span style=\"font-weight: 400;\">Ser reconocidos como un organismo l\u00edder en la gesti\u00f3n territorial, impulsando el desarrollo integral y sostenible de nuestras comunidades.<\/span><\/p><h5 style=\"text-align: center;\"><b>Acceda a los documentos de planificaci\u00f3n municipal:<\/b><\/h5><ul><li><a href=\"https:\/\/jp.pr.gov\/wp-content\/uploads\/2021\/12\/Vega-Baja-Plan-Ordenacion-Territorial-2016-Documento.pdf\"><span style=\"font-weight: 400;\">Plan de Ordenaci\u00f3n Territorial (2016):<\/span><\/a> <a href=\"https:\/\/jp.pr.gov\/wp-content\/uploads\/2021\/12\/Vega-Baja-Plan-Ordenacion-Territorial-2016-Documento.pdf\"><span style=\"font-weight: 400;\">https:\/\/jp.pr.gov\/wp-content\/uploads\/2021\/12\/Vega-Baja-Plan-Ordenacion-Territorial-2016-Documento.pdf<\/span><\/a><span style=\"font-weight: 400;\">\u00a0<\/span><\/li><li><span style=\"font-weight: 400;\">Plan Mitigaci\u00f3n contra Peligros Naturales (2020): <\/span><a href=\"https:\/\/webpublishedfiles.blob.core.windows.net\/mitigacionpublicfiles\/VBaj-Approved-HMP-210304.pdf\"><span style=\"font-weight: 400;\">https:\/\/webpublishedfiles.blob.core.windows.net\/mitigacionpublicfiles\/VBaj-Approved-HMP-210304.pdf<\/span><\/a><span style=\"font-weight: 400;\">\u00a0<\/span><\/li><li><span style=\"font-weight: 400;\">Plan de Recuperaci\u00f3n Municipal (2024): <\/span><a href=\"https:\/\/cdn.recuperacion.pr.gov\/w3cacheitdg\/wp-content\/uploads\/2024\/10\/2024-04-16_PLN_MRP_Plan-Vega-Baja.pdf\"><span style=\"font-weight: 400;\">https:\/\/cdn.recuperacion.pr.gov\/w3cacheitdg\/wp-content\/uploads\/2024\/10\/2024-04-16_PLN_MRP_Plan-Vega-Baja.pdf<\/span><\/a><span style=\"font-weight: 400;\">\u00a0<\/span><\/li><li><span style=\"font-weight: 400;\">Mapas de calificaci\u00f3n vigente: <\/span><a href=\"http:\/\/portals.jp.pr.gov\/SiteDirectory\/Calificacion\/Calificacion%20Vigente\/Forms\/AllItems.aspx?RootFolder=%2fSiteDirectory%2fCalificacion%2fCalificacion%20Vigente%2fVegaBaja&amp;FolderCTID=0x012000A9142034A409D84E89FB0E5ACBBBF2CF\"><span style=\"font-weight: 400;\">http:\/\/portals.jp.pr.gov\/SiteDirectory\/Calificacion\/Calificacion%20Vigente\/Forms\/AllItems.aspx?RootFolder=%2fSiteDirectory%2fCalificacion%2fCalificacion%20Vigente%2fVegaBaja&amp;FolderCTID=0x012000A9142034A409D84E89FB0E5ACBBBF2CF<\/span><\/a><span style=\"font-weight: 400;\">\u00a0<\/span><\/li><\/ul><p><span style=\"font-weight: 400;\">\u00a0<\/span><\/p><h4><b>Horarios de servicio:<\/b><\/h4><p><span style=\"font-weight: 400;\">Lunes a viernes de 7:00am a 4:00pm.<\/span><\/p><h4><b>Cont\u00e1ctenos:<\/b><\/h4><p><span style=\"font-weight: 400;\">Plan. Desir\u00e9e Pastrana Otero, PPL<\/span><\/p><p><span style=\"font-weight: 400;\">Directora<\/span><\/p><p><span style=\"font-weight: 400;\">787-855-2500, Ext. 3415<\/span><\/p><p><a href=\"mailto:dpastrana@vegabaja.gov.pr\"><span style=\"font-weight: 400;\">dpastrana@vegabaja.gov.pr<\/span><\/a><\/p><p>\u00a0<\/p>\t\t\t\t\t\t<\/div>\n\t\t\t\t<\/div>\n\t\t\t\t\t<\/div>\n\t\t\t\t<\/div>\n\t\t<footer class=\"elementor-element elementor-element-66c9b4c e-con-full e-flex e-con e-parent\" data-id=\"66c9b4c\" data-element_type=\"container\">\n\t\t<div class=\"elementor-element elementor-element-7d68cda e-con-full e-flex e-con e-child\" data-id=\"7d68cda\" data-element_type=\"container\">\n\t\t\t\t<div class=\"elementor-element elementor-element-687b10e elementor-widget elementor-widget-image\" data-id=\"687b10e\" data-element_type=\"widget\" data-widget_type=\"image.default\">\n\t\t\t\t<div class=\"elementor-widget-container\">\n\t\t\t\t\t\t\t\t\t\t\t\t\t<img decoding=\"async\" width=\"3300\" height=\"1800\" src=\"https:\/\/vegabaja.gov.pr\/vb\/wp-content\/uploads\/2024\/07\/LOGO-VB-2024-02.png\" class=\"attachment-full size-full wp-image-8594\" alt=\"\" \/>\t\t\t\t\t\t\t\t\t\t\t\t\t<\/div>\n\t\t\t\t<\/div>\n\t\t\t\t<\/div>\n\t\t<div class=\"elementor-element elementor-element-bb107f5 e-con-full e-flex e-con e-child\" data-id=\"bb107f5\" data-element_type=\"container\">\n\t\t\t\t<div class=\"elementor-element elementor-element-4808cd3 elementor-icon-list--layout-inline elementor-tablet-align-center elementor-align-center elementor-list-item-link-full_width elementor-widget elementor-widget-icon-list\" data-id=\"4808cd3\" data-element_type=\"widget\" data-widget_type=\"icon-list.default\">\n\t\t\t\t<div class=\"elementor-widget-container\">\n\t\t\t\t\t<ul class=\"elementor-icon-list-items elementor-inline-items\">\n\t\t\t\t\t\t\t<li class=\"elementor-icon-list-item elementor-inline-item\">\n\t\t\t\t\t\t\t\t\t\t\t<span class=\"elementor-icon-list-icon\">\n\t\t\t\t\t\t\t<svg aria-hidden=\"true\" class=\"e-font-icon-svg e-fas-phone-alt\" viewBox=\"0 0 512 512\" xmlns=\"http:\/\/www.w3.org\/2000\/svg\"><path d=\"M497.39 361.8l-112-48a24 24 0 0 0-28 6.9l-49.6 60.6A370.66 370.66 0 0 1 130.6 204.11l60.6-49.6a23.94 23.94 0 0 0 6.9-28l-48-112A24.16 24.16 0 0 0 122.6.61l-104 24A24 24 0 0 0 0 48c0 256.5 207.9 464 464 464a24 24 0 0 0 23.4-18.6l24-104a24.29 24.29 0 0 0-14.01-27.6z\"><\/path><\/svg>\t\t\t\t\t\t<\/span>\n\t\t\t\t\t\t\t\t\t\t<span class=\"elementor-icon-list-text\">787-855-2500<\/span>\n\t\t\t\t\t\t\t\t\t<\/li>\n\t\t\t\t\t\t\t\t<li class=\"elementor-icon-list-item elementor-inline-item\">\n\t\t\t\t\t\t\t\t\t\t\t<span class=\"elementor-icon-list-icon\">\n\t\t\t\t\t\t\t<svg aria-hidden=\"true\" class=\"e-font-icon-svg e-fas-city\" viewBox=\"0 0 640 512\" xmlns=\"http:\/\/www.w3.org\/2000\/svg\"><path d=\"M616 192H480V24c0-13.26-10.74-24-24-24H312c-13.26 0-24 10.74-24 24v72h-64V16c0-8.84-7.16-16-16-16h-16c-8.84 0-16 7.16-16 16v80h-64V16c0-8.84-7.16-16-16-16H80c-8.84 0-16 7.16-16 16v80H24c-13.26 0-24 10.74-24 24v360c0 17.67 14.33 32 32 32h576c17.67 0 32-14.33 32-32V216c0-13.26-10.75-24-24-24zM128 404c0 6.63-5.37 12-12 12H76c-6.63 0-12-5.37-12-12v-40c0-6.63 5.37-12 12-12h40c6.63 0 12 5.37 12 12v40zm0-96c0 6.63-5.37 12-12 12H76c-6.63 0-12-5.37-12-12v-40c0-6.63 5.37-12 12-12h40c6.63 0 12 5.37 12 12v40zm0-96c0 6.63-5.37 12-12 12H76c-6.63 0-12-5.37-12-12v-40c0-6.63 5.37-12 12-12h40c6.63 0 12 5.37 12 12v40zm128 192c0 6.63-5.37 12-12 12h-40c-6.63 0-12-5.37-12-12v-40c0-6.63 5.37-12 12-12h40c6.63 0 12 5.37 12 12v40zm0-96c0 6.63-5.37 12-12 12h-40c-6.63 0-12-5.37-12-12v-40c0-6.63 5.37-12 12-12h40c6.63 0 12 5.37 12 12v40zm0-96c0 6.63-5.37 12-12 12h-40c-6.63 0-12-5.37-12-12v-40c0-6.63 5.37-12 12-12h40c6.63 0 12 5.37 12 12v40zm160 96c0 6.63-5.37 12-12 12h-40c-6.63 0-12-5.37-12-12v-40c0-6.63 5.37-12 12-12h40c6.63 0 12 5.37 12 12v40zm0-96c0 6.63-5.37 12-12 12h-40c-6.63 0-12-5.37-12-12v-40c0-6.63 5.37-12 12-12h40c6.63 0 12 5.37 12 12v40zm0-96c0 6.63-5.37 12-12 12h-40c-6.63 0-12-5.37-12-12V76c0-6.63 5.37-12 12-12h40c6.63 0 12 5.37 12 12v40zm160 288c0 6.63-5.37 12-12 12h-40c-6.63 0-12-5.37-12-12v-40c0-6.63 5.37-12 12-12h40c6.63 0 12 5.37 12 12v40zm0-96c0 6.63-5.37 12-12 12h-40c-6.63 0-12-5.37-12-12v-40c0-6.63 5.37-12 12-12h40c6.63 0 12 5.37 12 12v40z\"><\/path><\/svg>\t\t\t\t\t\t<\/span>\n\t\t\t\t\t\t\t\t\t\t<span class=\"elementor-icon-list-text\">Vega Baja, PR<\/span>\n\t\t\t\t\t\t\t\t\t<\/li>\n\t\t\t\t\t\t\t\t<li class=\"elementor-icon-list-item elementor-inline-item\">\n\t\t\t\t\t\t\t\t\t\t\t<span class=\"elementor-icon-list-icon\">\n\t\t\t\t\t\t\t<svg aria-hidden=\"true\" class=\"e-font-icon-svg e-far-clock\" viewBox=\"0 0 512 512\" xmlns=\"http:\/\/www.w3.org\/2000\/svg\"><path d=\"M256 8C119 8 8 119 8 256s111 248 248 248 248-111 248-248S393 8 256 8zm0 448c-110.5 0-200-89.5-200-200S145.5 56 256 56s200 89.5 200 200-89.5 200-200 200zm61.8-104.4l-84.9-61.7c-3.1-2.3-4.9-5.9-4.9-9.7V116c0-6.6 5.4-12 12-12h32c6.6 0 12 5.4 12 12v141.7l66.8 48.6c5.4 3.9 6.5 11.4 2.6 16.8L334.6 349c-3.9 5.3-11.4 6.5-16.8 2.6z\"><\/path><\/svg>\t\t\t\t\t\t<\/span>\n\t\t\t\t\t\t\t\t\t\t<span class=\"elementor-icon-list-text\">7:30 AM - 4:30 PM<\/span>\n\t\t\t\t\t\t\t\t\t<\/li>\n\t\t\t\t\t\t<\/ul>\n\t\t\t\t<\/div>\n\t\t\t\t<\/div>\n\t\t\t\t<\/div>\n\t\t<div class=\"elementor-element elementor-element-85360ce e-con-full e-flex e-con e-child\" data-id=\"85360ce\" data-element_type=\"container\">\n\t\t\t\t<\/div>\n\t\t\t\t<\/footer>\n\t\t\t\t<\/div>\n\t\t","protected":false},"excerpt":{"rendered":"<p>Misi\u00f3n Promover el desarrollo sostenible y la gesti\u00f3n eficiente del territorio municipal mediante la planificaci\u00f3n estrat\u00e9gica del uso del suelo y la coordinaci\u00f3n, tanto intermunicipal y regional como con el gobierno central. Visi\u00f3n Ser reconocidos como un organismo l\u00edder en la gesti\u00f3n territorial, impulsando el desarrollo integral y sostenible de nuestras comunidades. Acceda a los [&hellip;]<\/p>\n","protected":false},"author":2,"featured_media":0,"parent":0,"menu_order":0,"comment_status":"closed","ping_status":"closed","template":"","meta":{"footnotes":""},"class_list":["post-9391","page","type-page","status-publish","hentry"],"_links":{"self":[{"href":"https:\/\/vegabaja.gov.pr\/vb\/wp-json\/wp\/v2\/pages\/9391","targetHints":{"allow":["GET"]}}],"collection":[{"href":"https:\/\/vegabaja.gov.pr\/vb\/wp-json\/wp\/v2\/pages"}],"about":[{"href":"https:\/\/vegabaja.gov.pr\/vb\/wp-json\/wp\/v2\/types\/page"}],"author":[{"embeddable":true,"href":"https:\/\/vegabaja.gov.pr\/vb\/wp-json\/wp\/v2\/users\/2"}],"replies":[{"embeddable":true,"href":"https:\/\/vegabaja.gov.pr\/vb\/wp-json\/wp\/v2\/comments?post=9391"}],"version-history":[{"count":9,"href":"https:\/\/vegabaja.gov.pr\/vb\/wp-json\/wp\/v2\/pages\/9391\/revisions"}],"predecessor-version":[{"id":9455,"href":"https:\/\/vegabaja.gov.pr\/vb\/wp-json\/wp\/v2\/pages\/9391\/revisions\/9455"}],"wp:attachment":[{"href":"https:\/\/vegabaja.gov.pr\/vb\/wp-json\/wp\/v2\/media?parent=9391"}],"curies":[{"name":"wp","href":"https:\/\/api.w.org\/{rel}","templated":true}]}}