{"id":9440,"date":"2025-03-10T12:39:59","date_gmt":"2025-03-10T12:39:59","guid":{"rendered":"https:\/\/vegabaja.gov.pr\/vb\/?page_id=9440"},"modified":"2025-03-10T17:10:40","modified_gmt":"2025-03-10T17:10:40","slug":"alcalde-de-vega-baja","status":"publish","type":"page","link":"https:\/\/vegabaja.gov.pr\/vb\/alcalde-de-vega-baja\/","title":{"rendered":"Alcalde de Vega Baja"},"content":{"rendered":"\t\t<div data-elementor-type=\"wp-page\" data-elementor-id=\"9440\" class=\"elementor elementor-9440\">\n\t\t\t\t<div class=\"elementor-element elementor-element-6feb772 e-flex e-con-boxed e-con e-parent\" data-id=\"6feb772\" data-element_type=\"container\">\n\t\t\t\t\t<div class=\"e-con-inner\">\n\t\t\t\t<div class=\"elementor-element elementor-element-48d1885 elementor-widget elementor-widget-heading\" data-id=\"48d1885\" data-element_type=\"widget\" data-widget_type=\"heading.default\">\n\t\t\t\t<div class=\"elementor-widget-container\">\n\t\t\t<h2 class=\"elementor-heading-title elementor-size-default\">Biograf\u00eda - Alcalde Marcos Cruz Molina <\/h2>\t\t<\/div>\n\t\t\t\t<\/div>\n\t\t\t\t\t<\/div>\n\t\t\t\t<\/div>\n\t\t<div class=\"elementor-element elementor-element-d49e829 e-flex e-con-boxed e-con e-parent\" data-id=\"d49e829\" data-element_type=\"container\">\n\t\t\t\t\t<div class=\"e-con-inner\">\n\t\t<div class=\"elementor-element elementor-element-17c857e e-con-full e-flex e-con e-child\" data-id=\"17c857e\" data-element_type=\"container\">\n\t\t\t\t<div class=\"elementor-element elementor-element-31b4a63 elementor-widget elementor-widget-image\" data-id=\"31b4a63\" data-element_type=\"widget\" data-widget_type=\"image.default\">\n\t\t\t\t<div class=\"elementor-widget-container\">\n\t\t\t\t\t\t\t\t\t\t\t\t\t<img fetchpriority=\"high\" decoding=\"async\" width=\"1229\" height=\"1536\" src=\"https:\/\/vegabaja.gov.pr\/vb\/wp-content\/uploads\/2025\/03\/FOTO-OFICIAL-MCM-2025.jpg\" class=\"attachment-1536x1536 size-1536x1536 wp-image-9444\" alt=\"\" \/>\t\t\t\t\t\t\t\t\t\t\t\t\t<\/div>\n\t\t\t\t<\/div>\n\t\t\t\t<\/div>\n\t\t<div class=\"elementor-element elementor-element-81a2e53 e-con-full e-flex e-con e-child\" data-id=\"81a2e53\" data-element_type=\"container\">\n\t\t\t\t<div class=\"elementor-element elementor-element-f0a55a8 elementor-widget elementor-widget-text-editor\" data-id=\"f0a55a8\" data-element_type=\"widget\" data-widget_type=\"text-editor.default\">\n\t\t\t\t<div class=\"elementor-widget-container\">\n\t\t\t\t\t\t\t<p style=\"text-align: left;\"><span style=\"font-weight: 400;\" class=\"\">Naci\u00f3 el 23 de marzo de 1976 en Bayam\u00f3n, Puerto Rico. Hijo de Don Eliezer Cruz y Do\u00f1a Carmen Molina. Casado con Georgina (Ginny) Laureano Hern\u00e1ndez y padre de Diego y Adriana.&nbsp; Sus hermanos son: Eliezer, Carmen M. y Jes\u00fas J.<\/span><\/p>\n<p style=\"text-align: left;\"><span style=\"font-weight: 400;\" class=\"\">Se gradu\u00f3 en la Escuela Superior Lino Padr\u00f3n Rivera de Vega Baja en 1994. Posee un bachillerato en Educaci\u00f3n con concentraci\u00f3n en Estudios Sociales de la Universidad de Puerto Rico. Comenz\u00f3 estudios conducentes a Maestr\u00eda en el Caribbean University en Vega Baja. Con el fin de mejorar sus conocimientos y obtener un mejor desempe\u00f1o como profesional de la educaci\u00f3n, viaja a Espa\u00f1a para estudiar en la Universidad Complutense de Madrid donde toma cursos en Geograf\u00eda Pol\u00edtica.<\/span><\/p>\n<p style=\"text-align: left;\"><span style=\"font-weight: 400;\" class=\"\">En 1994 fue Presidente de su Clase Graduada \u201cSagazzy\u201d en la Escuela Superior Lino Padr\u00f3n Rivera. Luego pasa a ser Presidente de Pr\u00e1ctica Docente, en la Universidad de Puerto Rico, Rio Piedras. De 1997 al 2012 fue Legislador Municipal y en 1998 ocup\u00f3 la Vicepresidencia de este cuerpo. Fue profesor de Historia en la Escuela Secundaria \u00c1ngel Sand\u00edn Mart\u00ednez de Vega Baja, en la Escuela Superior Lino Padr\u00f3n Rivera de Vega Baja y en la Escuela Superior Jaime A. Collazo del R\u00edo de Morovis. De 2009 a 2012 fue portavoz de la minor\u00eda en la Legislatura Municipal. En el 2009 fue electo Presidente del Comit\u00e9 Municipal del Partido Popular Democr\u00e1tico en Vega Baja.<\/span><\/p>\n<p style=\"text-align: left;\"><span style=\"font-weight: 400;\" class=\"\">El 6 de noviembre del 2012 fue elegido por primera ocasi\u00f3n al cargo de Alcalde de la Ciudad de Vega Baja, siendo el primer alcalde que gan\u00f3 todos los colegios y unidades electorales por un margen de 7,591 votos. Demuestra capacidad organizativa, liderazgo, civismo, disposici\u00f3n al trabajo, sensibilidad, visionario de calidad humana y af\u00e1n de servir a su pueblo. Con estas virtudes, que lo caracterizan se propone tener una administraci\u00f3n transparente, \u00edntegra, enfocada en servir al ciudadano y en atender a todos con igualdad. Cada una de estas cualidades le ha permitido revalidar al cargo por cuatro t\u00e9rminos consecutivos, garantizando la continuidad de un gobierno transparente con sana administraci\u00f3n.&nbsp;&nbsp;<\/span><\/p>\t\t\t\t\t\t<\/div>\n\t\t\t\t<\/div>\n\t\t\t\t<\/div>\n\t\t\t\t\t<\/div>\n\t\t\t\t<\/div>\n\t\t<footer class=\"elementor-element elementor-element-cde2833 e-con-full e-flex e-con e-parent\" data-id=\"cde2833\" data-element_type=\"container\">\n\t\t<div class=\"elementor-element elementor-element-f4498d9 e-con-full e-flex e-con e-child\" data-id=\"f4498d9\" data-element_type=\"container\">\n\t\t\t\t<div class=\"elementor-element elementor-element-d3063fd elementor-widget elementor-widget-image\" data-id=\"d3063fd\" data-element_type=\"widget\" data-widget_type=\"image.default\">\n\t\t\t\t<div class=\"elementor-widget-container\">\n\t\t\t\t\t\t\t\t\t\t\t\t\t<img decoding=\"async\" width=\"3300\" height=\"1800\" src=\"https:\/\/vegabaja.gov.pr\/vb\/wp-content\/uploads\/2024\/07\/LOGO-VB-2024-02.png\" class=\"attachment-full size-full wp-image-8594\" alt=\"\" \/>\t\t\t\t\t\t\t\t\t\t\t\t\t<\/div>\n\t\t\t\t<\/div>\n\t\t\t\t<\/div>\n\t\t<div class=\"elementor-element elementor-element-b4c42b2 e-con-full e-flex e-con e-child\" data-id=\"b4c42b2\" data-element_type=\"container\">\n\t\t\t\t<div class=\"elementor-element elementor-element-33e78aa elementor-icon-list--layout-inline elementor-tablet-align-center elementor-align-center elementor-list-item-link-full_width elementor-widget elementor-widget-icon-list\" data-id=\"33e78aa\" data-element_type=\"widget\" data-widget_type=\"icon-list.default\">\n\t\t\t\t<div class=\"elementor-widget-container\">\n\t\t\t\t\t<ul class=\"elementor-icon-list-items elementor-inline-items\">\n\t\t\t\t\t\t\t<li class=\"elementor-icon-list-item elementor-inline-item\">\n\t\t\t\t\t\t\t\t\t\t\t<span class=\"elementor-icon-list-icon\">\n\t\t\t\t\t\t\t<svg aria-hidden=\"true\" class=\"e-font-icon-svg e-fas-phone-alt\" viewBox=\"0 0 512 512\" xmlns=\"http:\/\/www.w3.org\/2000\/svg\"><path d=\"M497.39 361.8l-112-48a24 24 0 0 0-28 6.9l-49.6 60.6A370.66 370.66 0 0 1 130.6 204.11l60.6-49.6a23.94 23.94 0 0 0 6.9-28l-48-112A24.16 24.16 0 0 0 122.6.61l-104 24A24 24 0 0 0 0 48c0 256.5 207.9 464 464 464a24 24 0 0 0 23.4-18.6l24-104a24.29 24.29 0 0 0-14.01-27.6z\"><\/path><\/svg>\t\t\t\t\t\t<\/span>\n\t\t\t\t\t\t\t\t\t\t<span class=\"elementor-icon-list-text\">787-855-2500<\/span>\n\t\t\t\t\t\t\t\t\t<\/li>\n\t\t\t\t\t\t\t\t<li class=\"elementor-icon-list-item elementor-inline-item\">\n\t\t\t\t\t\t\t\t\t\t\t<span class=\"elementor-icon-list-icon\">\n\t\t\t\t\t\t\t<svg aria-hidden=\"true\" class=\"e-font-icon-svg e-fas-city\" viewBox=\"0 0 640 512\" xmlns=\"http:\/\/www.w3.org\/2000\/svg\"><path d=\"M616 192H480V24c0-13.26-10.74-24-24-24H312c-13.26 0-24 10.74-24 24v72h-64V16c0-8.84-7.16-16-16-16h-16c-8.84 0-16 7.16-16 16v80h-64V16c0-8.84-7.16-16-16-16H80c-8.84 0-16 7.16-16 16v80H24c-13.26 0-24 10.74-24 24v360c0 17.67 14.33 32 32 32h576c17.67 0 32-14.33 32-32V216c0-13.26-10.75-24-24-24zM128 404c0 6.63-5.37 12-12 12H76c-6.63 0-12-5.37-12-12v-40c0-6.63 5.37-12 12-12h40c6.63 0 12 5.37 12 12v40zm0-96c0 6.63-5.37 12-12 12H76c-6.63 0-12-5.37-12-12v-40c0-6.63 5.37-12 12-12h40c6.63 0 12 5.37 12 12v40zm0-96c0 6.63-5.37 12-12 12H76c-6.63 0-12-5.37-12-12v-40c0-6.63 5.37-12 12-12h40c6.63 0 12 5.37 12 12v40zm128 192c0 6.63-5.37 12-12 12h-40c-6.63 0-12-5.37-12-12v-40c0-6.63 5.37-12 12-12h40c6.63 0 12 5.37 12 12v40zm0-96c0 6.63-5.37 12-12 12h-40c-6.63 0-12-5.37-12-12v-40c0-6.63 5.37-12 12-12h40c6.63 0 12 5.37 12 12v40zm0-96c0 6.63-5.37 12-12 12h-40c-6.63 0-12-5.37-12-12v-40c0-6.63 5.37-12 12-12h40c6.63 0 12 5.37 12 12v40zm160 96c0 6.63-5.37 12-12 12h-40c-6.63 0-12-5.37-12-12v-40c0-6.63 5.37-12 12-12h40c6.63 0 12 5.37 12 12v40zm0-96c0 6.63-5.37 12-12 12h-40c-6.63 0-12-5.37-12-12v-40c0-6.63 5.37-12 12-12h40c6.63 0 12 5.37 12 12v40zm0-96c0 6.63-5.37 12-12 12h-40c-6.63 0-12-5.37-12-12V76c0-6.63 5.37-12 12-12h40c6.63 0 12 5.37 12 12v40zm160 288c0 6.63-5.37 12-12 12h-40c-6.63 0-12-5.37-12-12v-40c0-6.63 5.37-12 12-12h40c6.63 0 12 5.37 12 12v40zm0-96c0 6.63-5.37 12-12 12h-40c-6.63 0-12-5.37-12-12v-40c0-6.63 5.37-12 12-12h40c6.63 0 12 5.37 12 12v40z\"><\/path><\/svg>\t\t\t\t\t\t<\/span>\n\t\t\t\t\t\t\t\t\t\t<span class=\"elementor-icon-list-text\">Vega Baja, PR<\/span>\n\t\t\t\t\t\t\t\t\t<\/li>\n\t\t\t\t\t\t\t\t<li class=\"elementor-icon-list-item elementor-inline-item\">\n\t\t\t\t\t\t\t\t\t\t\t<span class=\"elementor-icon-list-icon\">\n\t\t\t\t\t\t\t<svg aria-hidden=\"true\" class=\"e-font-icon-svg e-far-clock\" viewBox=\"0 0 512 512\" xmlns=\"http:\/\/www.w3.org\/2000\/svg\"><path d=\"M256 8C119 8 8 119 8 256s111 248 248 248 248-111 248-248S393 8 256 8zm0 448c-110.5 0-200-89.5-200-200S145.5 56 256 56s200 89.5 200 200-89.5 200-200 200zm61.8-104.4l-84.9-61.7c-3.1-2.3-4.9-5.9-4.9-9.7V116c0-6.6 5.4-12 12-12h32c6.6 0 12 5.4 12 12v141.7l66.8 48.6c5.4 3.9 6.5 11.4 2.6 16.8L334.6 349c-3.9 5.3-11.4 6.5-16.8 2.6z\"><\/path><\/svg>\t\t\t\t\t\t<\/span>\n\t\t\t\t\t\t\t\t\t\t<span class=\"elementor-icon-list-text\">7:30 AM - 4:30 PM<\/span>\n\t\t\t\t\t\t\t\t\t<\/li>\n\t\t\t\t\t\t<\/ul>\n\t\t\t\t<\/div>\n\t\t\t\t<\/div>\n\t\t\t\t<\/div>\n\t\t<div class=\"elementor-element elementor-element-db50f0b e-con-full e-flex e-con e-child\" data-id=\"db50f0b\" data-element_type=\"container\">\n\t\t\t\t<\/div>\n\t\t\t\t<\/footer>\n\t\t\t\t<\/div>\n\t\t","protected":false},"excerpt":{"rendered":"<p>Biograf\u00eda &#8211; Alcalde Marcos Cruz Molina Naci\u00f3 el 23 de marzo de 1976 en Bayam\u00f3n, Puerto Rico. Hijo de Don Eliezer Cruz y Do\u00f1a Carmen Molina. Casado con Georgina (Ginny) Laureano Hern\u00e1ndez y padre de Diego y Adriana.&nbsp; Sus hermanos son: Eliezer, Carmen M. y Jes\u00fas J. Se gradu\u00f3 en la Escuela Superior Lino Padr\u00f3n [&hellip;]<\/p>\n","protected":false},"author":1,"featured_media":0,"parent":0,"menu_order":0,"comment_status":"closed","ping_status":"closed","template":"","meta":{"footnotes":""},"class_list":["post-9440","page","type-page","status-publish","hentry"],"_links":{"self":[{"href":"https:\/\/vegabaja.gov.pr\/vb\/wp-json\/wp\/v2\/pages\/9440","targetHints":{"allow":["GET"]}}],"collection":[{"href":"https:\/\/vegabaja.gov.pr\/vb\/wp-json\/wp\/v2\/pages"}],"about":[{"href":"https:\/\/vegabaja.gov.pr\/vb\/wp-json\/wp\/v2\/types\/page"}],"author":[{"embeddable":true,"href":"https:\/\/vegabaja.gov.pr\/vb\/wp-json\/wp\/v2\/users\/1"}],"replies":[{"embeddable":true,"href":"https:\/\/vegabaja.gov.pr\/vb\/wp-json\/wp\/v2\/comments?post=9440"}],"version-history":[{"count":10,"href":"https:\/\/vegabaja.gov.pr\/vb\/wp-json\/wp\/v2\/pages\/9440\/revisions"}],"predecessor-version":[{"id":9548,"href":"https:\/\/vegabaja.gov.pr\/vb\/wp-json\/wp\/v2\/pages\/9440\/revisions\/9548"}],"wp:attachment":[{"href":"https:\/\/vegabaja.gov.pr\/vb\/wp-json\/wp\/v2\/media?parent=9440"}],"curies":[{"name":"wp","href":"https:\/\/api.w.org\/{rel}","templated":true}]}}