{"id":9784,"date":"2025-09-16T20:08:27","date_gmt":"2025-09-16T20:08:27","guid":{"rendered":"https:\/\/vegabaja.gov.pr\/vb\/?page_id=9784"},"modified":"2025-10-09T12:47:33","modified_gmt":"2025-10-09T12:47:33","slug":"codigo-de-orden-publico","status":"publish","type":"page","link":"https:\/\/vegabaja.gov.pr\/vb\/codigo-de-orden-publico\/","title":{"rendered":"CODIGO DE ORDEN PUBLICO"},"content":{"rendered":"\t\t<div data-elementor-type=\"wp-page\" data-elementor-id=\"9784\" class=\"elementor elementor-9784\">\n\t\t\t\t<div class=\"elementor-element elementor-element-2d94615 e-flex e-con-boxed e-con e-parent\" data-id=\"2d94615\" data-element_type=\"container\">\n\t\t\t\t\t<div class=\"e-con-inner\">\n\t\t\t\t<div class=\"elementor-element elementor-element-6803f27 elementor-widget elementor-widget-image\" data-id=\"6803f27\" data-element_type=\"widget\" data-widget_type=\"image.default\">\n\t\t\t\t<div class=\"elementor-widget-container\">\n\t\t\t\t\t\t\t\t\t\t\t\t\t<img fetchpriority=\"high\" decoding=\"async\" width=\"1024\" height=\"559\" src=\"https:\/\/vegabaja.gov.pr\/vb\/wp-content\/uploads\/2024\/07\/LOGO-VB-2024-01.png\" class=\"attachment-large size-large wp-image-8593\" alt=\"\" \/>\t\t\t\t\t\t\t\t\t\t\t\t\t<\/div>\n\t\t\t\t<\/div>\n\t\t\t\t\t<\/div>\n\t\t\t\t<\/div>\n\t\t<div class=\"elementor-element elementor-element-aef73ad e-flex e-con-boxed e-con e-parent\" data-id=\"aef73ad\" data-element_type=\"container\">\n\t\t\t\t\t<div class=\"e-con-inner\">\n\t\t\t\t<div class=\"elementor-element elementor-element-567d536 elementor-widget elementor-widget-heading\" data-id=\"567d536\" data-element_type=\"widget\" data-widget_type=\"heading.default\">\n\t\t\t\t<div class=\"elementor-widget-container\">\n\t\t\t<h2 class=\"elementor-heading-title elementor-size-default\">Ordenanzas del Cod\u00edgo de Orden Publ\u00edco<\/h2>\t\t<\/div>\n\t\t\t\t<\/div>\n\t\t\t\t\t<\/div>\n\t\t\t\t<\/div>\n\t\t<div class=\"elementor-element elementor-element-13735e8 e-flex e-con-boxed e-con e-parent\" data-id=\"13735e8\" data-element_type=\"container\">\n\t\t\t\t\t<div class=\"e-con-inner\">\n\t\t\t\t<div class=\"elementor-element elementor-element-f357670 elementor-widget elementor-widget-button\" data-id=\"f357670\" data-element_type=\"widget\" data-widget_type=\"button.default\">\n\t\t\t\t<div class=\"elementor-widget-container\">\n\t\t\t\t\t\t\t<div class=\"elementor-button-wrapper\">\n\t\t\t\t\t<a class=\"elementor-button elementor-button-link elementor-size-sm\" href=\"https:\/\/vegabaja.gov.pr\/vb\/wp-content\/uploads\/2025\/10\/ORD.-20-SERIE-2019-2020-CODIGO-DE-ORDEN-PUBLICO-C.pdf\">\n\t\t\t\t\t\t\t\t<span class=\"elementor-button-content-wrapper elementor-button-content-wrapper\">\n\t\t\n\t\t\t\t\t\t\t\t\t<span class=\"elementor-button-text\">ORD. 20 SERIE 2019-2020 CODIGO DE ORDEN PUBLICO C<\/span>\n\t\t\t\n\t\t\t\t<\/span>\n\t\t\t\t\t\t\t<\/a>\n\t\t\t\t<\/div>\n\t\t\t\t\t\t<\/div>\n\t\t\t\t<\/div>\n\t\t\t\t\t<\/div>\n\t\t\t\t<\/div>\n\t\t<div class=\"elementor-element elementor-element-e71fb4c e-flex e-con-boxed e-con e-parent\" data-id=\"e71fb4c\" data-element_type=\"container\">\n\t\t\t\t\t<div class=\"e-con-inner\">\n\t\t\t\t<div class=\"elementor-element elementor-element-d3ed350 elementor-widget elementor-widget-button\" data-id=\"d3ed350\" data-element_type=\"widget\" data-widget_type=\"button.default\">\n\t\t\t\t<div class=\"elementor-widget-container\">\n\t\t\t\t\t\t\t<div class=\"elementor-button-wrapper\">\n\t\t\t\t\t<a class=\"elementor-button elementor-button-link elementor-size-sm\" href=\"https:\/\/vegabaja.gov.pr\/vb\/wp-content\/uploads\/2025\/10\/ORD.-1-SERIE-2020-2021-VOCETEO.pdf\">\n\t\t\t\t\t\t\t\t<span class=\"elementor-button-content-wrapper elementor-button-content-wrapper\">\n\t\t\n\t\t\t\t\t\t\t\t\t<span class=\"elementor-button-text\">ORD. 1 SERIE 2020- 2021 VOCETEO<\/span>\n\t\t\t\n\t\t\t\t<\/span>\n\t\t\t\t\t\t\t<\/a>\n\t\t\t\t<\/div>\n\t\t\t\t\t\t<\/div>\n\t\t\t\t<\/div>\n\t\t\t\t<div class=\"elementor-element elementor-element-40d7849 elementor-widget elementor-widget-button\" data-id=\"40d7849\" data-element_type=\"widget\" data-widget_type=\"button.default\">\n\t\t\t\t<div class=\"elementor-widget-container\">\n\t\t\t\t\t\t\t<div class=\"elementor-button-wrapper\">\n\t\t\t\t\t<a class=\"elementor-button elementor-button-link elementor-size-sm\" href=\"https:\/\/vegabaja.gov.pr\/vb\/wp-content\/uploads\/2025\/10\/ORD.-42-SERIE-2022-2023-1-EXTENSION-JURISDICCION-VEGA-BAJA-CODIGO-ORDEN-PUBLICO-1.pdf\">\n\t\t\t\t\t\t\t\t<span class=\"elementor-button-content-wrapper elementor-button-content-wrapper\">\n\t\t\n\t\t\t\t\t\t\t\t\t<span class=\"elementor-button-text\">ORD. 42 SERIE 2022-2023 EXTENSI\u00d3N JURISDICCI\u00d3N VEGA BAJA C\u00d3DIGO ORDEN P\u00daBLICO<\/span>\n\t\t\t\n\t\t\t\t<\/span>\n\t\t\t\t\t\t\t<\/a>\n\t\t\t\t<\/div>\n\t\t\t\t\t\t<\/div>\n\t\t\t\t<\/div>\n\t\t\t\t<div class=\"elementor-element elementor-element-d85c044 elementor-widget elementor-widget-button\" data-id=\"d85c044\" data-element_type=\"widget\" data-widget_type=\"button.default\">\n\t\t\t\t<div class=\"elementor-widget-container\">\n\t\t\t\t\t\t\t<div class=\"elementor-button-wrapper\">\n\t\t\t\t\t<a class=\"elementor-button elementor-button-link elementor-size-sm\" href=\"https:\/\/vegabaja.gov.pr\/vb\/wp-content\/uploads\/2025\/10\/ORD.-3-SERIE-2023-2024-VOCETEO-PLAYA-1.pdf\">\n\t\t\t\t\t\t\t\t<span class=\"elementor-button-content-wrapper elementor-button-content-wrapper\">\n\t\t\n\t\t\t\t\t\t\t\t\t<span class=\"elementor-button-text\">ORD. 3 SERIE 2023-2024 VOCETEO PLAYA<\/span>\n\t\t\t\n\t\t\t\t<\/span>\n\t\t\t\t\t\t\t<\/a>\n\t\t\t\t<\/div>\n\t\t\t\t\t\t<\/div>\n\t\t\t\t<\/div>\n\t\t\t\t\t<\/div>\n\t\t\t\t<\/div>\n\t\t\t\t<\/div>\n\t\t","protected":false},"excerpt":{"rendered":"<p>Ordenanzas del Cod\u00edgo de Orden Publ\u00edco ORD. 20 SERIE 2019-2020 CODIGO DE ORDEN PUBLICO C ORD. 1 SERIE 2020- 2021 VOCETEO ORD. 42 SERIE 2022-2023 EXTENSI\u00d3N JURISDICCI\u00d3N VEGA BAJA C\u00d3DIGO ORDEN P\u00daBLICO ORD. 3 SERIE 2023-2024 VOCETEO PLAYA<\/p>\n","protected":false},"author":1,"featured_media":0,"parent":0,"menu_order":0,"comment_status":"closed","ping_status":"closed","template":"","meta":{"footnotes":""},"class_list":["post-9784","page","type-page","status-publish","hentry"],"_links":{"self":[{"href":"https:\/\/vegabaja.gov.pr\/vb\/wp-json\/wp\/v2\/pages\/9784","targetHints":{"allow":["GET"]}}],"collection":[{"href":"https:\/\/vegabaja.gov.pr\/vb\/wp-json\/wp\/v2\/pages"}],"about":[{"href":"https:\/\/vegabaja.gov.pr\/vb\/wp-json\/wp\/v2\/types\/page"}],"author":[{"embeddable":true,"href":"https:\/\/vegabaja.gov.pr\/vb\/wp-json\/wp\/v2\/users\/1"}],"replies":[{"embeddable":true,"href":"https:\/\/vegabaja.gov.pr\/vb\/wp-json\/wp\/v2\/comments?post=9784"}],"version-history":[{"count":34,"href":"https:\/\/vegabaja.gov.pr\/vb\/wp-json\/wp\/v2\/pages\/9784\/revisions"}],"predecessor-version":[{"id":9886,"href":"https:\/\/vegabaja.gov.pr\/vb\/wp-json\/wp\/v2\/pages\/9784\/revisions\/9886"}],"wp:attachment":[{"href":"https:\/\/vegabaja.gov.pr\/vb\/wp-json\/wp\/v2\/media?parent=9784"}],"curies":[{"name":"wp","href":"https:\/\/api.w.org\/{rel}","templated":true}]}}